{"id":12617,"date":"2024-02-07T08:52:25","date_gmt":"2024-02-07T08:52:25","guid":{"rendered":"http:\/\/tavieta.lt\/produktas\/daugiafunkcinis-darbo-stalas-mobi\/"},"modified":"2024-02-07T08:53:15","modified_gmt":"2024-02-07T08:53:15","slug":"daugiafunkcinis-darbo-stalas-mobi","status":"publish","type":"product","link":"https:\/\/tavieta.lt\/ee\/toode\/daugiafunkcinis-darbo-stalas-mobi\/","title":{"rendered":"Multifunktsionaalne laud Mobi"},"content":{"rendered":"<p><strong>Multifunktsionaalne laud Mobi<\/strong><\/p>\n<p>Mobi on uuenduslik, multifunktsionaalne ja v\u00e4ga mobiilne lahendus \u00f5pikeskkondadesse ja t\u00f6\u00f6kohtadesse. See koosneb lauaplaadist ja m\u00fcrasummutavast vaheseinast lukustatavatel ratastel. Lihtne teisaldada, lihtne lahti v\u00f5tta. Lauaplaat on piisavalt suur, et mahutada kolm inimest ning selle suurust, funktsioone ja ruumi saab h\u00f5lpsasti konfigureerida, lisades v\u00f5i eemaldades vastavalt vajadusele detaile. Mobi kangaga kaetud vaheseinad on saadaval kuues v\u00e4rvitoonis. Fikseeritud jalal on reguleeritav jalg.<\/p>\n<table style=\"width: 45.0711%;\" cellspacing=\"0\" cellpadding=\"0\">\n<tbody>\n<tr>\n<td style=\"width: 22.6891%; text-align: center;\" valign=\"top\">\n<p><strong>Kood<\/strong><\/p>\n<\/td>\n<td style=\"width: 52.9412%; text-align: center;\" valign=\"top\">\n<p><strong>\u00a0Kirjeldus<\/strong><\/p>\n<\/td>\n<td style=\"width: 219.328%; text-align: center;\" valign=\"top\">\n<p><strong>Kogus<\/strong><\/p>\n<\/td>\n<\/tr>\n<tr>\n<td style=\"width: 22.6891%; text-align: center;\" valign=\"top\">\n<p>36231<\/p>\n<\/td>\n<td style=\"width: 52.9412%; text-align: center;\" valign=\"top\">\n<p>oran\u017e<\/p>\n<\/td>\n<td style=\"width: 219.328%; text-align: center;\" valign=\"top\">\n<p>1 tk.<\/p>\n<\/td>\n<\/tr>\n<tr>\n<td style=\"width: 22.6891%; text-align: center;\" valign=\"top\">\n<p>36232<\/p>\n<\/td>\n<td style=\"width: 52.9412%; text-align: center;\" valign=\"top\">\n<p>helehall<\/p>\n<\/td>\n<td style=\"width: 219.328%; text-align: center;\" valign=\"top\">\n<p>1 tk.<\/p>\n<\/td>\n<\/tr>\n<tr>\n<td style=\"width: 22.6891%; text-align: center;\" valign=\"top\">\n<p>36233<\/p>\n<\/td>\n<td style=\"width: 52.9412%; text-align: center;\" valign=\"top\">\n<p>tumehall<\/p>\n<\/td>\n<td style=\"width: 219.328%; text-align: center;\" valign=\"top\">\n<p>1 tk.<\/p>\n<\/td>\n<\/tr>\n<tr>\n<td style=\"width: 22.6891%; text-align: center;\" valign=\"top\">\n<p>36234<\/p>\n<\/td>\n<td style=\"width: 52.9412%; text-align: center;\" valign=\"top\">\n<p>lubjakivi<\/p>\n<\/td>\n<td style=\"width: 219.328%; text-align: center;\" valign=\"top\">\n<p>1 tk.<\/p>\n<\/td>\n<\/tr>\n<tr>\n<td style=\"width: 22.6891%; text-align: center;\" valign=\"top\">\n<p>36235<\/p>\n<\/td>\n<td style=\"width: 52.9412%; text-align: center;\" valign=\"top\">\n<p>sinine<\/p>\n<\/td>\n<td style=\"width: 219.328%; text-align: center;\" valign=\"top\">\n<p>1 tk.<\/p>\n<\/td>\n<\/tr>\n<tr>\n<td style=\"width: 22.6891%; text-align: center;\" valign=\"top\">\n<p>36236<\/p>\n<\/td>\n<td style=\"width: 52.9412%; text-align: center;\" valign=\"top\">\n<p>violetne<\/p>\n<\/td>\n<td style=\"width: 219.328%; text-align: center;\" valign=\"top\">\n<p>1 tk.<\/p>\n<\/td>\n<\/tr>\n<\/tbody>\n<\/table>\n<div id=\"gtx-trans\" style=\"position: absolute; left: 79px; top: 37px;\">\n<div class=\"gtx-trans-icon\"><\/div>\n<\/div>","protected":false},"excerpt":{"rendered":"<p>Multifunktsionaalne laud Mobi<\/p>","protected":false},"featured_media":11672,"template":"","meta":[],"product_brand":[],"product_cat":[107],"product_tag":[],"class_list":{"0":"post-12617","1":"product","2":"type-product","3":"status-publish","4":"has-post-thumbnail","6":"product_cat-baldai","8":"first","9":"outofstock","10":"product-type-simple"},"_links":{"self":[{"href":"https:\/\/tavieta.lt\/ee\/wp-json\/wp\/v2\/product\/12617","targetHints":{"allow":["GET"]}}],"collection":[{"href":"https:\/\/tavieta.lt\/ee\/wp-json\/wp\/v2\/product"}],"about":[{"href":"https:\/\/tavieta.lt\/ee\/wp-json\/wp\/v2\/types\/product"}],"wp:featuredmedia":[{"embeddable":true,"href":"https:\/\/tavieta.lt\/ee\/wp-json\/wp\/v2\/media\/11672"}],"wp:attachment":[{"href":"https:\/\/tavieta.lt\/ee\/wp-json\/wp\/v2\/media?parent=12617"}],"wp:term":[{"taxonomy":"product_brand","embeddable":true,"href":"https:\/\/tavieta.lt\/ee\/wp-json\/wp\/v2\/product_brand?post=12617"},{"taxonomy":"product_cat","embeddable":true,"href":"https:\/\/tavieta.lt\/ee\/wp-json\/wp\/v2\/product_cat?post=12617"},{"taxonomy":"product_tag","embeddable":true,"href":"https:\/\/tavieta.lt\/ee\/wp-json\/wp\/v2\/product_tag?post=12617"}],"curies":[{"name":"t\u00f6\u00f6leht","href":"https:\/\/api.w.org\/{rel}","templated":true}]}}