{"id":12624,"date":"2024-02-07T08:54:54","date_gmt":"2024-02-07T08:54:54","guid":{"rendered":"http:\/\/tavieta.lt\/produktas\/aplankalai-su-raisteliais\/"},"modified":"2025-01-30T13:22:36","modified_gmt":"2025-01-30T13:22:36","slug":"aplankalai-su-raisteliais","status":"publish","type":"product","link":"https:\/\/tavieta.lt\/ee\/toode\/aplankalai-su-raisteliais\/","title":{"rendered":"Pingutusn\u00f6\u00f6ridega kaustad"},"content":{"rendered":"<p>Pingutusn\u00f6\u00f6ridega kaustad<\/p>\n<p>Dokumendikaustad, tuntud ka kui joonistus-, kunsti- v\u00f5i arhiivikaustad, kasutatakse sageli v\u00e4\u00e4rtuslike kaartide, plaanide, plakatite, dokumentide ja \u00fcksikute piltide hoidmiseks.<\/p>\n<div id=\"gtx-trans\" style=\"position: absolute; left: 79px; top: 37px;\">\n<div class=\"gtx-trans-icon\"><\/div>\n<\/div>","protected":false},"excerpt":{"rendered":"<p>Pingutusn\u00f6\u00f6ridega kaustad<\/p>","protected":false},"featured_media":11682,"template":"","meta":[],"product_brand":[],"product_cat":[207],"product_tag":[],"class_list":{"0":"post-12624","1":"product","2":"type-product","3":"status-publish","4":"has-post-thumbnail","6":"product_cat-aplankalai","8":"first","9":"outofstock","10":"product-type-simple"},"_links":{"self":[{"href":"https:\/\/tavieta.lt\/ee\/wp-json\/wp\/v2\/product\/12624","targetHints":{"allow":["GET"]}}],"collection":[{"href":"https:\/\/tavieta.lt\/ee\/wp-json\/wp\/v2\/product"}],"about":[{"href":"https:\/\/tavieta.lt\/ee\/wp-json\/wp\/v2\/types\/product"}],"wp:featuredmedia":[{"embeddable":true,"href":"https:\/\/tavieta.lt\/ee\/wp-json\/wp\/v2\/media\/11682"}],"wp:attachment":[{"href":"https:\/\/tavieta.lt\/ee\/wp-json\/wp\/v2\/media?parent=12624"}],"wp:term":[{"taxonomy":"product_brand","embeddable":true,"href":"https:\/\/tavieta.lt\/ee\/wp-json\/wp\/v2\/product_brand?post=12624"},{"taxonomy":"product_cat","embeddable":true,"href":"https:\/\/tavieta.lt\/ee\/wp-json\/wp\/v2\/product_cat?post=12624"},{"taxonomy":"product_tag","embeddable":true,"href":"https:\/\/tavieta.lt\/ee\/wp-json\/wp\/v2\/product_tag?post=12624"}],"curies":[{"name":"t\u00f6\u00f6leht","href":"https:\/\/api.w.org\/{rel}","templated":true}]}}