{"id":12625,"date":"2024-02-07T08:54:54","date_gmt":"2024-02-07T08:54:54","guid":{"rendered":"http:\/\/tavieta.lt\/produktas\/knygomatas\/"},"modified":"2024-02-07T08:56:43","modified_gmt":"2024-02-07T08:56:43","slug":"knygomatas","status":"publish","type":"product","link":"https:\/\/tavieta.lt\/ee\/toode\/knygomatas\/","title":{"rendered":"Raamatu masin"},"content":{"rendered":"<p><strong>Raamatu masin<\/strong><\/p>\n<p>Raamatute tagastamise v\u00f5i j\u00e4reletulemise v\u00f5imalus <span class=\"Y2IQFc\" lang=\"lt\">24\/7<\/span><\/p>\n<p id=\"tw-target-text\" class=\"tw-data-text tw-text-large XcVN5d tw-ta\" dir=\"ltr\" data-placeholder=\"Translation\"><span class=\"Y2IQFc\" lang=\"lt\">Teil on v\u00f5imalik pakkuda k\u00fclastajatele iseseisvat miniraamatukogu ruumide valitud asukohas; lugejad saavad teie raamatuid laenutada v\u00f5i tagastada \u00f6\u00f6p\u00e4evaringselt, lahkumata. \u00dchise sisse-, v\u00e4lja- ja tugifunktsiooniga on vaja vaid v\u00f5rgukaablit ja pistikupesa. Iseteeninduslik raamatute tagastusterminal v\u00f5imaldab s\u00e4ilitada v\u00f5i isegi oluliselt laiendada raamatukogu haaret.<\/span><\/p>\n<p><span class=\"Y2IQFc\" lang=\"lt\">Kasu:<\/span><\/p>\n<p class=\"tw-data-text tw-text-large XcVN5d tw-ta\" dir=\"ltr\" data-placeholder=\"Translation\"><span class=\"Y2IQFc\" lang=\"lt\">\u20ac\u00a2 Saab paigutada k\u00f5ikjale <\/span><\/p>\n<p class=\"tw-data-text tw-text-large XcVN5d tw-ta\" dir=\"ltr\" data-placeholder=\"Translation\"><span class=\"Y2IQFc\" lang=\"lt\">\u20ac\u00a2 Lihtne ja kiire tasumine, sisseregistreerimine ja ladustamine<\/span><\/p>\n<p class=\"tw-data-text tw-text-large XcVN5d tw-ta\" dir=\"ltr\" data-placeholder=\"Translation\"><span class=\"Y2IQFc\" lang=\"lt\">\u20ac\u00a2 Nutitelefoni tuvastamine on v\u00f5imalik<\/span><\/p>\n<p class=\"tw-data-text tw-text-large XcVN5d tw-ta\" dir=\"ltr\" data-placeholder=\"Translation\"><span class=\"Y2IQFc\" lang=\"lt\">\u20ac\u00a2 T\u00f6\u00f6tajaid pole vaja<\/span><\/p>\n<p class=\"tw-data-text tw-text-large XcVN5d tw-ta\" dir=\"ltr\" data-placeholder=\"Translation\"><span class=\"Y2IQFc\" lang=\"lt\">\u20ac\u00a2 Suur maht 200+ raamatut<\/span><\/p>\n<p dir=\"ltr\" data-placeholder=\"Translation\">\u00a0<\/p>\n<pre id=\"tw-target-text\" class=\"tw-data-text tw-text-large XcVN5d tw-ta\" dir=\"ltr\" data-placeholder=\"Translation\">\u00a0<\/pre>\n<div id=\"gtx-trans\" style=\"position: absolute; left: 79px; top: 37px;\">\n<div class=\"gtx-trans-icon\"><\/div>\n<\/div>","protected":false},"excerpt":{"rendered":"<p>Raamatu masin<\/p>","protected":false},"featured_media":11684,"template":"","meta":[],"product_brand":[],"product_cat":[107],"product_tag":[],"class_list":{"0":"post-12625","1":"product","2":"type-product","3":"status-publish","4":"has-post-thumbnail","6":"product_cat-baldai","8":"first","9":"outofstock","10":"product-type-simple"},"_links":{"self":[{"href":"https:\/\/tavieta.lt\/ee\/wp-json\/wp\/v2\/product\/12625","targetHints":{"allow":["GET"]}}],"collection":[{"href":"https:\/\/tavieta.lt\/ee\/wp-json\/wp\/v2\/product"}],"about":[{"href":"https:\/\/tavieta.lt\/ee\/wp-json\/wp\/v2\/types\/product"}],"wp:featuredmedia":[{"embeddable":true,"href":"https:\/\/tavieta.lt\/ee\/wp-json\/wp\/v2\/media\/11684"}],"wp:attachment":[{"href":"https:\/\/tavieta.lt\/ee\/wp-json\/wp\/v2\/media?parent=12625"}],"wp:term":[{"taxonomy":"product_brand","embeddable":true,"href":"https:\/\/tavieta.lt\/ee\/wp-json\/wp\/v2\/product_brand?post=12625"},{"taxonomy":"product_cat","embeddable":true,"href":"https:\/\/tavieta.lt\/ee\/wp-json\/wp\/v2\/product_cat?post=12625"},{"taxonomy":"product_tag","embeddable":true,"href":"https:\/\/tavieta.lt\/ee\/wp-json\/wp\/v2\/product_tag?post=12625"}],"curies":[{"name":"t\u00f6\u00f6leht","href":"https:\/\/api.w.org\/{rel}","templated":true}]}}