{"id":12626,"date":"2024-02-07T08:56:46","date_gmt":"2024-02-07T08:56:46","guid":{"rendered":"http:\/\/tavieta.lt\/produktas\/rfid-greito-grazinimo-mobilios-lentynos\/"},"modified":"2025-01-29T08:08:48","modified_gmt":"2025-01-29T08:08:48","slug":"rfid-greito-grazinimo-mobilios-lentynos","status":"publish","type":"product","link":"https:\/\/tavieta.lt\/ee\/toode\/rfid-greito-grazinimo-mobilios-lentynos\/","title":{"rendered":"RFID kiirtagastusega mobiilsed riiulid"},"content":{"rendered":"<p><strong>RFID kiirtagastusega mobiilsed riiulid<\/strong><\/p>\n<p id=\"tw-target-text\" class=\"tw-data-text tw-text-large XcVN5d tw-ta\" dir=\"ltr\" data-placeholder=\"Translation\"><span class=\"Y2IQFc\" lang=\"lt\">T\u00e4iustatud ladustamis-, tagastamis- ja pealev\u00f5tmisriiulid kasutavad t\u00f5estatud RFID-tehnoloogiat<\/span><\/p>\n<p dir=\"ltr\" data-placeholder=\"Translation\">Tagasi tulles piisab, kui panna raamatud riiulitele ja nutiriiulid loevad kohe RFID koodi.<\/p>\n<p dir=\"ltr\" data-placeholder=\"Translation\">\u00a0<\/p>\n<p dir=\"ltr\" data-placeholder=\"Translation\">\u00a0<\/p>\n<p>&nbsp;<\/p>\n<p id=\"tw-target-text\" class=\"tw-data-text tw-text-large XcVN5d tw-ta\" dir=\"ltr\" data-placeholder=\"Translation\"><span class=\"Y2IQFc\" lang=\"lt\">Nutikad hoiuriiulid on ratastel ja \u00fchendatud \u00fche kaabliga, nii et on lihtne lisada uut riiulit, kui see on t\u00e4is. <\/span><\/p>\n<p class=\"tw-data-text tw-text-large XcVN5d tw-ta\" dir=\"ltr\" data-placeholder=\"Translation\"><span class=\"Y2IQFc\" lang=\"lt\">M\u00f5ned eelised on j\u00e4rgmised: <\/span><\/p>\n<p class=\"tw-data-text tw-text-large XcVN5d tw-ta\" dir=\"ltr\" data-placeholder=\"Translation\"><span class=\"Y2IQFc\" lang=\"lt\">\u20ac\u00a2 Suur mahutavus<\/span><\/p>\n<p class=\"tw-data-text tw-text-large XcVN5d tw-ta\" dir=\"ltr\" data-placeholder=\"Translation\"><span class=\"Y2IQFc\" lang=\"lt\">\u20ac\u00a2 Lihtne \u00fchendada lisariiulid<\/span><\/p>\n<p class=\"tw-data-text tw-text-large XcVN5d tw-ta\" dir=\"ltr\" data-placeholder=\"Translation\"><span class=\"Y2IQFc\" lang=\"lt\">\u20ac\u00a2 Stiilne disain <\/span><\/p>\n<p class=\"tw-data-text tw-text-large XcVN5d tw-ta\" dir=\"ltr\" data-placeholder=\"Translation\"><span class=\"Y2IQFc\" lang=\"lt\">\u20ac\u00a2 Suurem k\u00fclastajate privaatsus <\/span><\/p>\n<p class=\"tw-data-text tw-text-large XcVN5d tw-ta\" dir=\"ltr\" data-placeholder=\"Translation\"><span class=\"Y2IQFc\" lang=\"lt\">\u20ac\u00a2 Lihtne kasutada <\/span><\/p>\n<p class=\"tw-data-text tw-text-large XcVN5d tw-ta\" dir=\"ltr\" data-placeholder=\"Translation\"><span class=\"Y2IQFc\" lang=\"lt\">\u20ac\u00a2 P\u00e4rast tagastamist saab raamatud kohe teisele k\u00fclastajale kaasa v\u00f5tta<\/span><\/p>\n<p>&nbsp;<\/p>\n<div id=\"gtx-trans\" style=\"position: absolute; left: 79px; top: 37px;\">\n<div class=\"gtx-trans-icon\"><\/div>\n<\/div>","protected":false},"excerpt":{"rendered":"<p>RFID kiirtagastusega mobiilsed riiulid<\/p>","protected":false},"featured_media":11686,"template":"","meta":[],"product_brand":[],"product_cat":[223,217],"product_tag":[],"class_list":{"0":"post-12626","1":"product","2":"type-product","3":"status-publish","4":"has-post-thumbnail","6":"product_cat-rfid-knygu-isdavimo-grazinimo-irenginiai","7":"product_cat-rfid-sistema-bibliotekai","9":"first","10":"outofstock","11":"product-type-simple"},"_links":{"self":[{"href":"https:\/\/tavieta.lt\/ee\/wp-json\/wp\/v2\/product\/12626","targetHints":{"allow":["GET"]}}],"collection":[{"href":"https:\/\/tavieta.lt\/ee\/wp-json\/wp\/v2\/product"}],"about":[{"href":"https:\/\/tavieta.lt\/ee\/wp-json\/wp\/v2\/types\/product"}],"wp:featuredmedia":[{"embeddable":true,"href":"https:\/\/tavieta.lt\/ee\/wp-json\/wp\/v2\/media\/11686"}],"wp:attachment":[{"href":"https:\/\/tavieta.lt\/ee\/wp-json\/wp\/v2\/media?parent=12626"}],"wp:term":[{"taxonomy":"product_brand","embeddable":true,"href":"https:\/\/tavieta.lt\/ee\/wp-json\/wp\/v2\/product_brand?post=12626"},{"taxonomy":"product_cat","embeddable":true,"href":"https:\/\/tavieta.lt\/ee\/wp-json\/wp\/v2\/product_cat?post=12626"},{"taxonomy":"product_tag","embeddable":true,"href":"https:\/\/tavieta.lt\/ee\/wp-json\/wp\/v2\/product_tag?post=12626"}],"curies":[{"name":"t\u00f6\u00f6leht","href":"https:\/\/api.w.org\/{rel}","templated":true}]}}