{"id":12627,"date":"2024-02-07T08:56:46","date_gmt":"2024-02-07T08:56:46","guid":{"rendered":"http:\/\/tavieta.lt\/produktas\/wishab-sauso-valymo-kempine-2\/"},"modified":"2025-01-31T13:56:10","modified_gmt":"2025-01-31T13:56:10","slug":"wishab-sauso-valymo-kempine-2","status":"publish","type":"product","link":"https:\/\/tavieta.lt\/ee\/toode\/wishab-sauso-valymo-kempine-2\/","title":{"rendered":"Wishab - keemilise puhastuse k\u00e4sn"},"content":{"rendered":"<p><span style=\"color: #000000;\">Wishabi kasutatakse mugavaks ja ohutuks kuivkandmiseks seintele, lagedele, maalidele, seinamaalingutele, maalidele, tapeetidele, paberile, tekstiilile, v\u00e4rvikihtidele jne. puhastamiseks. K\u00e4sn imab mustuseosakesed, seej\u00e4rel laguneb, v\u00e4ltides h\u00f5\u00f5rdumist v\u00f5i poleerides kahjustatud pinda. Kasutatakse sageli enne m\u00e4rgpuhastust, et v\u00e4ltida mustuse sattumist pragudesse v\u00f5i pindadele, mida ei saa veega puhastada. Ta on eriti edukas<span class=\"Apple-converted-space\"> \u00a0 <\/span>kasutatakse tulekahjustuste puhastamiseks. Kasutamine s\u00f5ltub aluspinna t\u00fc\u00fcbist ja tundlikkusest.<\/span><\/p>\n<p>&nbsp;<\/p>\n<table style=\"width: 92.49388753056235%; height: 271px;\">\n<tbody>\n<tr>\n<td style=\"text-align: center;\"><span style=\"font-size: 14px; color: #000000;\">Materjali kood<\/span><\/td>\n<td style=\"text-align: center;\"><span style=\"font-size: 14px; color: #000000;\">Kirjeldus<\/span><\/td>\n<td style=\"text-align: center;\"><span style=\"font-size: 14px; color: #000000;\">Pakendamine<\/span><\/td>\n<\/tr>\n<tr>\n<td style=\"text-align: center;\"><span style=\"font-size: 14px; color: #000000;\">40095<\/span><\/td>\n<td style=\"text-align: center;\"><span style=\"font-size: 14px; color: #000000;\"> \u00a0 Wishab on pehme k\u00e4sn<\/span><\/td>\n<td style=\"text-align: center;\">\n<p align=\"center\"><span style=\"font-size: 14px; color: #000000;\">1 tk.<\/span><\/p>\n<\/td>\n<\/tr>\n<tr>\n<td style=\"text-align: center;\"><span style=\"font-size: 14px; color: #000000;\">40096<\/span><\/td>\n<td style=\"text-align: center;\"><span style=\"font-size: 14px; color: #000000;\"> \u00a0 Wishab on k\u00f5va k\u00e4sn<\/span><\/td>\n<td style=\"text-align: center;\">\n<p align=\"center\"><span style=\"font-size: 14px; color: #000000;\">1 tk.<\/span><\/p>\n<\/td>\n<\/tr>\n<tr>\n<td style=\"text-align: center;\"><span style=\"font-size: 14px; color: #000000;\">40097<\/span><\/td>\n<td style=\"text-align: center;\"><span style=\"font-size: 14px; color: #000000;\"> \u00a0 Wishab on suur k\u00f5va k\u00e4sn<\/span><\/td>\n<td style=\"text-align: center;\">\n<p align=\"center\"><span style=\"font-size: 14px; color: #000000;\">1 tk.<\/span><\/p>\n<\/td>\n<\/tr>\n<tr>\n<td style=\"text-align: center;\"><span style=\"font-size: 14px; color: #000000;\">40111<\/span><\/td>\n<td style=\"text-align: center;\"><span style=\"font-size: 14px; color: #000000;\"> \u00a0 Wishab - valge pehme k\u00e4sn<\/span><\/td>\n<td style=\"text-align: center;\">\n<p align=\"center\"><span style=\"font-size: 14px; color: #000000;\">1 tk.<\/span><\/p>\n<\/td>\n<\/tr>\n<\/tbody>\n<\/table>\n<div id=\"gtx-trans\" style=\"position: absolute; left: 79px; top: 37px;\">\n<div class=\"gtx-trans-icon\"><\/div>\n<\/div>","protected":false},"excerpt":{"rendered":"<p>Wishab - keemilise puhastuse k\u00e4sn|Wishab - keemilise puhastuse k\u00e4sn|Wishab - keemilise puhastuse k\u00e4sn|Wishab - keemilise puhastuse k\u00e4sn<\/p>","protected":false},"featured_media":11416,"template":"","meta":[],"product_brand":[],"product_cat":[149,151],"product_tag":[],"class_list":{"0":"post-12627","1":"product","2":"type-product","3":"status-publish","4":"has-post-thumbnail","6":"product_cat-restauratoriams","7":"product_cat-valymas-ir-prieziura","9":"first","10":"outofstock","11":"product-type-simple"},"_links":{"self":[{"href":"https:\/\/tavieta.lt\/ee\/wp-json\/wp\/v2\/product\/12627","targetHints":{"allow":["GET"]}}],"collection":[{"href":"https:\/\/tavieta.lt\/ee\/wp-json\/wp\/v2\/product"}],"about":[{"href":"https:\/\/tavieta.lt\/ee\/wp-json\/wp\/v2\/types\/product"}],"wp:featuredmedia":[{"embeddable":true,"href":"https:\/\/tavieta.lt\/ee\/wp-json\/wp\/v2\/media\/11416"}],"wp:attachment":[{"href":"https:\/\/tavieta.lt\/ee\/wp-json\/wp\/v2\/media?parent=12627"}],"wp:term":[{"taxonomy":"product_brand","embeddable":true,"href":"https:\/\/tavieta.lt\/ee\/wp-json\/wp\/v2\/product_brand?post=12627"},{"taxonomy":"product_cat","embeddable":true,"href":"https:\/\/tavieta.lt\/ee\/wp-json\/wp\/v2\/product_cat?post=12627"},{"taxonomy":"product_tag","embeddable":true,"href":"https:\/\/tavieta.lt\/ee\/wp-json\/wp\/v2\/product_tag?post=12627"}],"curies":[{"name":"t\u00f6\u00f6leht","href":"https:\/\/api.w.org\/{rel}","templated":true}]}}