{"id":12628,"date":"2024-02-07T08:56:46","date_gmt":"2024-02-07T08:56:46","guid":{"rendered":"http:\/\/tavieta.lt\/produktas\/wishab-sauso-valymo-milteliai\/"},"modified":"2025-01-31T13:59:18","modified_gmt":"2025-01-31T13:59:18","slug":"wishab-sauso-valymo-milteliai","status":"publish","type":"product","link":"https:\/\/tavieta.lt\/ee\/toode\/wishab-sauso-valymo-milteliai\/","title":{"rendered":"Keemilise puhastuse pulber \u2013 Wishab"},"content":{"rendered":"<p>&nbsp;<\/p>\n<table style=\"border-style: solid; border-color: #000000; width: 61.41711608537219%; height: 247px;\" cellspacing=\"0\" cellpadding=\"0\">\n<tbody>\n<tr>\n<td style=\"text-align: center; border-style: solid; border-color: #000000;\" valign=\"top\">\n<p align=\"center\"><span style=\"color: #000000; font-family: Helvetica; font-size: 14px;\">Materjali kood<\/span><\/p>\n<\/td>\n<td style=\"text-align: center; border-style: solid; border-color: #000000;\" valign=\"top\"><span style=\"color: #000000; font-family: Helvetica; font-size: 14px;\">Kirjeldus <\/span><\/td>\n<td style=\"text-align: center; border-style: solid; border-color: #000000;\" valign=\"top\"><span style=\"color: #000000; font-family: Helvetica; font-size: 14px;\">Pakendamine<\/span><\/td>\n<\/tr>\n<tr>\n<td style=\"text-align: center; border-style: solid; border-color: #000000;\" valign=\"top\"><span style=\"color: #000000; font-family: Helvetica; font-size: 14px;\">40099<\/span><\/td>\n<td style=\"text-align: center; border-style: solid; border-color: #000000;\" valign=\"top\"><span style=\"color: #000000; font-size: 14px;\"><span style=\"font-family: Calibri;\"><b><span class=\"Apple-converted-space\"> \u00a0 <\/span>Wishab <\/b><\/span><span style=\"font-family: Helvetica;\">- pehme pulber 500 g<\/span><\/span><\/td>\n<td style=\"text-align: center; border-style: solid; border-color: #000000;\" valign=\"top\">\n<p align=\"center\"><span style=\"color: #000000; font-family: Helvetica; font-size: 14px;\">1 pakk<\/span><\/p>\n<\/td>\n<\/tr>\n<tr>\n<td style=\"text-align: center; border-style: solid; border-color: #000000;\" valign=\"top\"><span style=\"color: #000000; font-family: Helvetica; font-size: 14px;\">40100<\/span><\/td>\n<td style=\"text-align: center; border-style: solid; border-color: #000000;\" valign=\"top\"><span style=\"color: #000000; font-size: 14px;\"><span style=\"font-family: Calibri;\"><b><span class=\"Apple-converted-space\"> \u00a0 <\/span>Wishab <\/b><\/span><span style=\"font-family: Helvetica;\">- tahke pulber 500 g<\/span><\/span><\/td>\n<td style=\"text-align: center; border-style: solid; border-color: #000000;\" valign=\"top\">\n<p align=\"center\"><span style=\"color: #000000; font-family: Helvetica; font-size: 14px;\">1 pakk<\/span><\/p>\n<\/td>\n<\/tr>\n<tr>\n<td style=\"text-align: center; border-style: solid; border-color: #000000;\" valign=\"top\"><span style=\"color: #000000; font-family: Helvetica; font-size: 14px;\">40098<\/span><\/td>\n<td style=\"text-align: center; border-style: solid; border-color: #000000;\" valign=\"top\"><span style=\"color: #000000; font-size: 14px;\"><span style=\"font-family: Calibri;\"><b><span class=\"Apple-converted-space\"> \u00a0 <\/span>Wishab <\/b><\/span><span style=\"font-family: Helvetica;\">\u2013 valge pulber paberil 500 g<\/span><\/span><\/td>\n<td style=\"text-align: center; border-style: solid; border-color: #000000;\" valign=\"top\">\n<p align=\"center\"><span style=\"color: #000000; font-family: Helvetica; font-size: 14px;\">1 pakk<\/span><\/p>\n<\/td>\n<\/tr>\n<\/tbody>\n<\/table>","protected":false},"excerpt":{"rendered":"<p><span style=\"color: #000000;\">Kuivpuhastuspulber on v\u00e4ga peeneks jahvatatud, seotud kohalike \u00f5lide ja spetsiaalselt valitud lisanditega. Kasutatakse valget Whahabi pulbrit<span class=\"Apple-converted-space\"> \u00a0 <\/span>v\u00e4\u00e4vli ja kloorita riitsinus\u00f5li. Pulber imab v\u00e4ga h\u00e4sti mustust nagu tolm v\u00f5i tahm. Whahab valge pulber kasutab spetsiaalseid ristseotud looduslikke \u00f5lisid individuaalselt valitud lisanditega.<span class=\"Apple-converted-space\"> \u00a0 <\/span>Wishabi pulber on spetsiaalselt loodud keemiliseks puhastuseks ja tahma eemaldamiseks: ajaloolistest kirjutistest, dokumentidest, tehnilistest joonistest, raamatutest, tekstiilidest.<\/span><\/p>\n<p>&nbsp;<\/p>","protected":false},"featured_media":12199,"template":"","meta":[],"product_brand":[],"product_cat":[149,151],"product_tag":[],"class_list":{"0":"post-12628","1":"product","2":"type-product","3":"status-publish","4":"has-post-thumbnail","6":"product_cat-restauratoriams","7":"product_cat-valymas-ir-prieziura","9":"first","10":"outofstock","11":"product-type-simple"},"_links":{"self":[{"href":"https:\/\/tavieta.lt\/ee\/wp-json\/wp\/v2\/product\/12628","targetHints":{"allow":["GET"]}}],"collection":[{"href":"https:\/\/tavieta.lt\/ee\/wp-json\/wp\/v2\/product"}],"about":[{"href":"https:\/\/tavieta.lt\/ee\/wp-json\/wp\/v2\/types\/product"}],"wp:featuredmedia":[{"embeddable":true,"href":"https:\/\/tavieta.lt\/ee\/wp-json\/wp\/v2\/media\/12199"}],"wp:attachment":[{"href":"https:\/\/tavieta.lt\/ee\/wp-json\/wp\/v2\/media?parent=12628"}],"wp:term":[{"taxonomy":"product_brand","embeddable":true,"href":"https:\/\/tavieta.lt\/ee\/wp-json\/wp\/v2\/product_brand?post=12628"},{"taxonomy":"product_cat","embeddable":true,"href":"https:\/\/tavieta.lt\/ee\/wp-json\/wp\/v2\/product_cat?post=12628"},{"taxonomy":"product_tag","embeddable":true,"href":"https:\/\/tavieta.lt\/ee\/wp-json\/wp\/v2\/product_tag?post=12628"}],"curies":[{"name":"t\u00f6\u00f6leht","href":"https:\/\/api.w.org\/{rel}","templated":true}]}}