{"id":12629,"date":"2024-02-07T08:56:46","date_gmt":"2024-02-07T08:56:46","guid":{"rendered":"http:\/\/tavieta.lt\/produktas\/konservatoriaus-kempine-hidrofiline-labostera\/"},"modified":"2024-02-07T08:58:33","modified_gmt":"2024-02-07T08:58:33","slug":"konservatoriaus-kempine-hidrofiline-labostera","status":"publish","type":"product","link":"https:\/\/tavieta.lt\/ee\/toode\/konservatoriaus-kempine-hidrofiline-labostera\/","title":{"rendered":"Konservaatori k\u00e4sn \u2013 h\u00fcdrofiilne"},"content":{"rendered":"<p><span style=\"color: #000000;\">Meie konservaatori k\u00e4sna suletud raku struktuur on h\u00fcdrofiilne ja seda saab selliseks s\u00e4ilitamiseks kasutada<span class=\"Apple-converted-space\"> \u00a0 <\/span>protseduuride puhul: m\u00e4rgparandus j\u00e4\u00e4kvee eemaldamiseks, kuna parandatud kangad ei kleepu k\u00e4sna k\u00fclge. V\u00e4ikesed \u00f5nnetused \u2013 neelab kiiresti suures koguses vett. V\u00e4rvi- ja kunstikonservaatorid kasutavad laki puhastamiseks ja eemaldamiseks lahusti k\u00e4sna. Paberi parandamiseks \u2013 eraldades lehed, et eemaldada liigne vesi ilma kiudu rebimata. V\u00f5ib kasutada<span class=\"Apple-converted-space\"> \u00a0 <\/span>koos puhastuspulbriga<\/span><\/p>\n<p>&nbsp;<\/p>\n<table style=\"width: 88.80604179340783%; height: 154px;\">\n<tbody>\n<tr>\n<td style=\"text-align: center;\">\n<p align=\"center\"><span style=\"color: #000000;\">Materjali kood<\/span><\/p>\n<\/td>\n<td style=\"text-align: center;\">\n<p><span style=\"color: #000000;\">Kirjeldus<\/span><\/p>\n<\/td>\n<td style=\"text-align: center;\">\n<p align=\"center\"><span style=\"color: #000000;\"> \u00a0  \u00a0 Pakendamine<\/span><\/p>\n<\/td>\n<\/tr>\n<tr>\n<td style=\"text-align: center;\">\n<p><span style=\"color: #000000;\">P961-2000<\/span><\/p>\n<\/td>\n<td style=\"text-align: center;\">\n<p><span style=\"color: #000000;\">Konservaatori k\u00e4sn \u2013 <\/span><span style=\"color: #000000;\">73 mm x 48 mm x 35 mm<\/span><\/p>\n<\/td>\n<td style=\"text-align: center;\">\n<p align=\"center\"><span style=\"color: #000000;\">1 tk.<\/span><\/p>\n<\/td>\n<\/tr>\n<\/tbody>\n<\/table>\n<div id=\"gtx-trans\" style=\"position: absolute; left: 79px; top: 37px;\">\n<div class=\"gtx-trans-icon\"><\/div>\n<\/div>","protected":false},"excerpt":{"rendered":"<p>Konservaatori k\u00e4sn \u2013 h\u00fcdrofiilne<\/p>","protected":false},"featured_media":11690,"template":"","meta":[],"product_brand":[],"product_cat":[149,152],"product_tag":[],"class_list":{"0":"post-12629","1":"product","2":"type-product","3":"status-publish","4":"has-post-thumbnail","6":"product_cat-restauratoriams","7":"product_cat-konservavimas","9":"first","10":"outofstock","11":"product-type-simple"},"_links":{"self":[{"href":"https:\/\/tavieta.lt\/ee\/wp-json\/wp\/v2\/product\/12629","targetHints":{"allow":["GET"]}}],"collection":[{"href":"https:\/\/tavieta.lt\/ee\/wp-json\/wp\/v2\/product"}],"about":[{"href":"https:\/\/tavieta.lt\/ee\/wp-json\/wp\/v2\/types\/product"}],"wp:featuredmedia":[{"embeddable":true,"href":"https:\/\/tavieta.lt\/ee\/wp-json\/wp\/v2\/media\/11690"}],"wp:attachment":[{"href":"https:\/\/tavieta.lt\/ee\/wp-json\/wp\/v2\/media?parent=12629"}],"wp:term":[{"taxonomy":"product_brand","embeddable":true,"href":"https:\/\/tavieta.lt\/ee\/wp-json\/wp\/v2\/product_brand?post=12629"},{"taxonomy":"product_cat","embeddable":true,"href":"https:\/\/tavieta.lt\/ee\/wp-json\/wp\/v2\/product_cat?post=12629"},{"taxonomy":"product_tag","embeddable":true,"href":"https:\/\/tavieta.lt\/ee\/wp-json\/wp\/v2\/product_tag?post=12629"}],"curies":[{"name":"t\u00f6\u00f6leht","href":"https:\/\/api.w.org\/{rel}","templated":true}]}}