{"id":12630,"date":"2024-02-07T08:56:46","date_gmt":"2024-02-07T08:56:46","guid":{"rendered":"http:\/\/tavieta.lt\/produktas\/pre-lim-pavirsiu-valiklis\/"},"modified":"2024-02-07T08:58:33","modified_gmt":"2024-02-07T08:58:33","slug":"pre-lim-pavirsiu-valiklis","status":"publish","type":"product","link":"https:\/\/tavieta.lt\/ee\/toode\/pre-lim-pavirsiu-valiklis\/","title":{"rendered":"Eelnevalt pinnapuhastusvahend"},"content":{"rendered":"<p><span style=\"color: #000000;\">&quot;Pre lim&quot; kasutatakse laialdaselt relvade, soomuste, skulptuuride, messingi, vasest vitriinanumate, keraamika ja muude konserveerimismeetodite professionaalsel restaureerimisel.<span class=\"Apple-converted-space\"> \u00a0<\/span><\/span><\/p>\n<p><span style=\"color: #000000;\">Koostis p\u00f5hineb Neuburgi r\u00e4nidioksiidkriidide ja vee\/vedeldi emulsioonil. Tavakasutusel ei ole toode tervisele kahjulik. Pre lim puhastav\/poleeriv toime saavutatakse v\u00e4ga ettevaatliku, \u00f5rna survega, kasutades pehmet lappi. P\u00e4rast m\u00f5neminutilist kuivamist p\u00fchitakse kriidij\u00e4\u00e4gid kergesti puhta lapiga maha, pind muutub puhtaks ja pehmeks nagu siid. Soovitame teha laotesti, et veenduda, kas Pre lim on teie konkreetse projekti jaoks \u00f5ige.<span class=\"Apple-converted-space\"> \u00a0<\/span><\/span><\/p>\n<p><span style=\"color: #000000;\">Tagamaks, et puhastatavad pinnad, eriti metallid, p\u00fcsiksid puhtad ja s\u00e4ravad, katke need kauakestva ja visuaalselt t\u00e4iustatud viimistluse saamiseks renessanssvahaga.<\/span><\/p>\n<table style=\"border-color: #000000; border-style: solid; width: 51.6170130126935%;\" cellspacing=\"0\" cellpadding=\"0\">\n<tbody>\n<tr>\n<td style=\"text-align: center; width: 35.64356435643564%; border-style: solid; border-color: #000000;\" valign=\"top\">\n<p align=\"center\"><span style=\"color: #000000; font-family: Helvetica; font-size: 14px;\">Materjali kood<\/span><\/p>\n<\/td>\n<td style=\"text-align: center; width: 46.53465346534654%; border-style: solid; border-color: #000000;\" valign=\"top\">\n<p><span style=\"color: #000000; font-family: Helvetica; font-size: 14px;\">Kirjeldus<\/span><\/p>\n<\/td>\n<td style=\"text-align: center; width: 133.85315868697353%; border-style: solid; border-color: #000000;\" valign=\"top\">\n<p><span style=\"color: #000000; font-family: Helvetica; font-size: 14px;\">Pakendamine<\/span><\/p>\n<\/td>\n<\/tr>\n<tr>\n<td style=\"text-align: center; width: 35.64356435643564%; border-style: solid; border-color: #000000;\" valign=\"top\">\n<p><span style=\"color: #000000; font-family: Helvetica; font-size: 14px;\">P638-0030<\/span><\/p>\n<\/td>\n<td style=\"text-align: center; width: 46.53465346534654%; border-style: solid; border-color: #000000;\" valign=\"top\">\n<p align=\"center\"><span style=\"color: #000000; font-family: Calibri; font-size: 14px;\"><b>Eelnevalt pinnapuhastusvahend<\/b><\/span><\/p>\n<\/td>\n<td style=\"text-align: center; width: 133.85315868697353%; border-style: solid; border-color: #000000;\" valign=\"top\">\n<p><span style=\"color: #000000; font-family: Helvetica; font-size: 14px;\">200 ml<\/span><\/p>\n<\/td>\n<\/tr>\n<\/tbody>\n<\/table>\n<div id=\"gtx-trans\" style=\"position: absolute; left: 79px; top: 37px;\">\n<div class=\"gtx-trans-icon\"><\/div>\n<\/div>","protected":false},"excerpt":{"rendered":"<p>Eelnevalt pinnapuhastusvahend<\/p>","protected":false},"featured_media":11692,"template":"","meta":[],"product_brand":[],"product_cat":[149,152],"product_tag":[],"class_list":{"0":"post-12630","1":"product","2":"type-product","3":"status-publish","4":"has-post-thumbnail","6":"product_cat-restauratoriams","7":"product_cat-konservavimas","9":"first","10":"outofstock","11":"product-type-simple"},"_links":{"self":[{"href":"https:\/\/tavieta.lt\/ee\/wp-json\/wp\/v2\/product\/12630","targetHints":{"allow":["GET"]}}],"collection":[{"href":"https:\/\/tavieta.lt\/ee\/wp-json\/wp\/v2\/product"}],"about":[{"href":"https:\/\/tavieta.lt\/ee\/wp-json\/wp\/v2\/types\/product"}],"wp:featuredmedia":[{"embeddable":true,"href":"https:\/\/tavieta.lt\/ee\/wp-json\/wp\/v2\/media\/11692"}],"wp:attachment":[{"href":"https:\/\/tavieta.lt\/ee\/wp-json\/wp\/v2\/media?parent=12630"}],"wp:term":[{"taxonomy":"product_brand","embeddable":true,"href":"https:\/\/tavieta.lt\/ee\/wp-json\/wp\/v2\/product_brand?post=12630"},{"taxonomy":"product_cat","embeddable":true,"href":"https:\/\/tavieta.lt\/ee\/wp-json\/wp\/v2\/product_cat?post=12630"},{"taxonomy":"product_tag","embeddable":true,"href":"https:\/\/tavieta.lt\/ee\/wp-json\/wp\/v2\/product_tag?post=12630"}],"curies":[{"name":"t\u00f6\u00f6leht","href":"https:\/\/api.w.org\/{rel}","templated":true}]}}