{"id":12631,"date":"2024-02-07T08:58:38","date_gmt":"2024-02-07T08:58:38","guid":{"rendered":"http:\/\/tavieta.lt\/produktas\/renaissance-vaskas\/"},"modified":"2024-02-07T08:58:39","modified_gmt":"2024-02-07T08:58:39","slug":"renaissance-vaskas","status":"publish","type":"product","link":"https:\/\/tavieta.lt\/ee\/toode\/renaissance-vaskas\/","title":{"rendered":"S\u00e4ilitusvaha renessanss"},"content":{"rendered":"<p><span style=\"color: #000000;\">Renaissance Wax on parim puhastus-\/poleerimisvaha muuseumidele, kunstigaleriidele ja konservaatoritele kogu maailmas. Renessansiaegne mikrokristalne vaha annab k\u00f5ikidele t\u00f6\u00f6deldud pindadele imelise l\u00e4ike, j\u00e4ttes \u00f5hukese \u00fclik\u00f5va katte, mis kaitseb rooste, oks\u00fcdatsiooni, tolmu, vee, alkoholi ja s\u00f5rmej\u00e4lgede eest.<\/span><\/p>\n<p><span style=\"color: #000000;\">Saab kasutada mis tahes k\u00f5val pinnal, sh puit, metall (m\u00fcndid), marmor, oon\u00fcks, kest, kivi, elevandiluu, plastik v\u00f5i nahk\/paber. Vaha on l\u00e4bipaistev, v\u00f5imaldades mitmekordset kasutamist ja lakk ei j\u00e4ta kunagi plekki ega v\u00e4rvimuutust. S\u00e4ilitatud vahakatte k\u00f5vadus tagab suurep\u00e4rase kaitse lihtsate mahavoolamiste, s\u00f5rmej\u00e4lgede, loodusliku happesuse jms eest.<span class=\"Apple-converted-space\"> \u00a0<\/span><\/span><\/p>\n<p><span style=\"color: #000000;\">Renessanssvaha sulamistemperatuur on umbes 75-80\u00b0C, mist\u00f5ttu sobib see lambivarjudele, lampidele, pro\u017eektorite alla, kohtadesse, kuhu muud vahad ei pruugi sobida.<\/span><\/p>\n<table style=\"width: 73.92592592592592%; height: 234px;\">\n<tbody>\n<tr>\n<td style=\"text-align: center;\">\n<p align=\"center\"><span style=\"color: #000000;\">Materjali kood<\/span><\/p>\n<\/td>\n<td style=\"text-align: center;\">\n<p><span style=\"color: #000000;\">Kirjeldus<\/span><\/p>\n<\/td>\n<td style=\"text-align: center;\">\n<p><span style=\"color: #000000;\">Pakendamine<\/span><\/p>\n<\/td>\n<\/tr>\n<tr>\n<td style=\"text-align: center;\">\n<p><span style=\"color: #000000;\">P638-0065<\/span><\/p>\n<\/td>\n<td style=\"text-align: center;\" rowspan=\"3\">\n<p><span style=\"color: #000000;\"> \u00a0 Renessansi vaha<\/span><\/p>\n<\/td>\n<td style=\"text-align: center;\">\n<p><span style=\"color: #000000;\">65 ml<\/span><\/p>\n<\/td>\n<\/tr>\n<tr>\n<td style=\"text-align: center;\">\n<p><span style=\"color: #000000;\">P638-0001<\/span><\/p>\n<\/td>\n<td style=\"text-align: center;\">\n<p><span style=\"color: #000000;\">200 ml<\/span><\/p>\n<\/td>\n<\/tr>\n<tr>\n<td style=\"text-align: center;\">\n<p><span style=\"color: #000000;\">P638-0025<\/span><\/p>\n<\/td>\n<td style=\"text-align: center;\">\n<p><span style=\"color: #000000;\">3 liitrit<\/span><\/p>\n<\/td>\n<\/tr>\n<\/tbody>\n<\/table>\n<div id=\"gtx-trans\" style=\"position: absolute; left: 79px; top: 37px;\">\n<div class=\"gtx-trans-icon\"><\/div>\n<\/div>","protected":false},"excerpt":{"rendered":"<p>Renessanss-vaha<\/p>","protected":false},"featured_media":11694,"template":"","meta":[],"product_brand":[],"product_cat":[149,151],"product_tag":[],"class_list":{"0":"post-12631","1":"product","2":"type-product","3":"status-publish","4":"has-post-thumbnail","6":"product_cat-restauratoriams","7":"product_cat-valymas-ir-prieziura","9":"first","10":"outofstock","11":"product-type-simple"},"_links":{"self":[{"href":"https:\/\/tavieta.lt\/ee\/wp-json\/wp\/v2\/product\/12631","targetHints":{"allow":["GET"]}}],"collection":[{"href":"https:\/\/tavieta.lt\/ee\/wp-json\/wp\/v2\/product"}],"about":[{"href":"https:\/\/tavieta.lt\/ee\/wp-json\/wp\/v2\/types\/product"}],"wp:featuredmedia":[{"embeddable":true,"href":"https:\/\/tavieta.lt\/ee\/wp-json\/wp\/v2\/media\/11694"}],"wp:attachment":[{"href":"https:\/\/tavieta.lt\/ee\/wp-json\/wp\/v2\/media?parent=12631"}],"wp:term":[{"taxonomy":"product_brand","embeddable":true,"href":"https:\/\/tavieta.lt\/ee\/wp-json\/wp\/v2\/product_brand?post=12631"},{"taxonomy":"product_cat","embeddable":true,"href":"https:\/\/tavieta.lt\/ee\/wp-json\/wp\/v2\/product_cat?post=12631"},{"taxonomy":"product_tag","embeddable":true,"href":"https:\/\/tavieta.lt\/ee\/wp-json\/wp\/v2\/product_tag?post=12631"}],"curies":[{"name":"t\u00f6\u00f6leht","href":"https:\/\/api.w.org\/{rel}","templated":true}]}}