{"id":12636,"date":"2024-02-07T09:00:37","date_gmt":"2024-02-07T09:00:37","guid":{"rendered":"http:\/\/tavieta.lt\/produktas\/valymo-pagalvele\/"},"modified":"2024-02-07T09:00:37","modified_gmt":"2024-02-07T09:00:37","slug":"valymo-pagalvele","status":"publish","type":"product","link":"https:\/\/tavieta.lt\/ee\/toode\/valymo-pagalvele\/","title":{"rendered":"Puhastuslapp"},"content":{"rendered":"<p><span style=\"color: #000000;\">Puhastuslappe on soovitatav kasutada tolmuste, m\u00e4\u00e4rdunud v\u00f5i hallitanud paberitoodete jaoks. Need padjad sisaldavad pehmet puhastuspulbrit, mis imab ja puhastab mustuse paberi pinnalt.<\/span><\/p>\n<table style=\"border-style: solid; border-color: #000000;\" cellspacing=\"0\" cellpadding=\"0\">\n<tbody>\n<tr>\n<td style=\"text-align: center; border-style: solid; border-color: #000000;\" valign=\"top\">\n<p><span style=\"color: #000000;\">Materjali kood<\/span><\/p>\n<\/td>\n<td style=\"text-align: center; border-style: solid; border-color: #000000;\" valign=\"top\">\n<p><span style=\"color: #000000;\">Kirjeldus<\/span><\/p>\n<\/td>\n<td style=\"text-align: center; border-style: solid; border-color: #000000;\" valign=\"top\">\n<p><span style=\"color: #000000;\">Pakendamine<\/span><\/p>\n<\/td>\n<\/tr>\n<tr>\n<td style=\"text-align: center; border-style: solid; border-color: #000000;\" valign=\"top\">\n<p><span style=\"color: #000000;\">BR197001<\/span><\/p>\n<\/td>\n<td style=\"text-align: center; border-style: solid; border-color: #000000;\" valign=\"top\">\n<p><span style=\"color: #000000;\"><b><span class=\"Apple-converted-space\"> \u00a0 <\/span>Puhastuslapp <\/b>\u2013 padi, 100 g.<\/span><\/p>\n<\/td>\n<td style=\"text-align: center; border-style: solid; border-color: #000000;\" valign=\"top\">\n<p><span style=\"color: #000000;\">1 tk.<\/span><\/p>\n<\/td>\n<\/tr>\n<\/tbody>\n<\/table>\n<p>&nbsp;<\/p>\n<div id=\"gtx-trans\" style=\"position: absolute; left: 79px; top: 37px;\">\n<div class=\"gtx-trans-icon\"><\/div>\n<\/div>","protected":false},"excerpt":{"rendered":"<p>Puhastuslapp<\/p>","protected":false},"featured_media":11701,"template":"","meta":[],"product_brand":[],"product_cat":[149,151],"product_tag":[],"class_list":{"0":"post-12636","1":"product","2":"type-product","3":"status-publish","4":"has-post-thumbnail","6":"product_cat-restauratoriams","7":"product_cat-valymas-ir-prieziura","9":"first","10":"outofstock","11":"product-type-simple"},"_links":{"self":[{"href":"https:\/\/tavieta.lt\/ee\/wp-json\/wp\/v2\/product\/12636","targetHints":{"allow":["GET"]}}],"collection":[{"href":"https:\/\/tavieta.lt\/ee\/wp-json\/wp\/v2\/product"}],"about":[{"href":"https:\/\/tavieta.lt\/ee\/wp-json\/wp\/v2\/types\/product"}],"wp:featuredmedia":[{"embeddable":true,"href":"https:\/\/tavieta.lt\/ee\/wp-json\/wp\/v2\/media\/11701"}],"wp:attachment":[{"href":"https:\/\/tavieta.lt\/ee\/wp-json\/wp\/v2\/media?parent=12636"}],"wp:term":[{"taxonomy":"product_brand","embeddable":true,"href":"https:\/\/tavieta.lt\/ee\/wp-json\/wp\/v2\/product_brand?post=12636"},{"taxonomy":"product_cat","embeddable":true,"href":"https:\/\/tavieta.lt\/ee\/wp-json\/wp\/v2\/product_cat?post=12636"},{"taxonomy":"product_tag","embeddable":true,"href":"https:\/\/tavieta.lt\/ee\/wp-json\/wp\/v2\/product_tag?post=12636"}],"curies":[{"name":"t\u00f6\u00f6leht","href":"https:\/\/api.w.org\/{rel}","templated":true}]}}