{"id":12637,"date":"2024-02-07T09:00:37","date_gmt":"2024-02-07T09:00:37","guid":{"rendered":"http:\/\/tavieta.lt\/produktas\/valymo-pagalveles-milteliai\/"},"modified":"2024-02-07T09:00:38","modified_gmt":"2024-02-07T09:00:38","slug":"valymo-pagalveles-milteliai","status":"publish","type":"product","link":"https:\/\/tavieta.lt\/ee\/toode\/valymo-pagalveles-milteliai\/","title":{"rendered":"Puhastuspadjad - pulber"},"content":{"rendered":"<p><span style=\"color: #000000;\">Puhastuspulbrit on soovitatav kasutada 900 g purgis<span class=\"Apple-converted-space\"> \u00a0 <\/span>tolmuste, m\u00e4\u00e4rdunud v\u00f5i hallitanud paberitoodete puhastuspatjadega. Need padjad sisaldavad pehmet puhastuspulbrit, mis imab ja puhastab mustuse paberi pinnalt.<\/span><\/p>\n<table style=\"border-style: solid; border-color: #000000;\" cellspacing=\"0\" cellpadding=\"0\">\n<tbody>\n<tr>\n<td style=\"border-style: solid; border-color: #000000; text-align: center;\" valign=\"top\">\n<p><span style=\"color: #000000; font-family: Helvetica; font-size: small;\">Materjali kood<\/span><\/p>\n<\/td>\n<td style=\"border-style: solid; border-color: #000000; text-align: center;\" valign=\"top\">\n<p><span style=\"color: #000000; font-family: Helvetica; font-size: small;\">Kirjeldus<\/span><\/p>\n<\/td>\n<td style=\"border-style: solid; border-color: #000000; text-align: center;\" valign=\"top\">\n<p><span style=\"color: #000000; font-family: Helvetica; font-size: small;\">Pakendamine<\/span><\/p>\n<\/td>\n<\/tr>\n<tr>\n<td style=\"border-style: solid; border-color: #000000; text-align: center;\" valign=\"top\">\n<p><span style=\"color: #000000; font-family: Helvetica; font-size: small;\">BR197002<\/span><\/p>\n<\/td>\n<td style=\"border-style: solid; border-color: #000000; text-align: center;\" valign=\"top\">\n<p><span style=\"color: #000000;\"><span style=\"font-family: Calibri; font-size: small;\"><b><span class=\"Apple-converted-space\"> \u00a0 <\/span>Puhastuslapp <\/b><\/span><span style=\"font-family: Helvetica; font-size: small;\">\u2013 puhastuspulber, 900 g.<\/span><\/span><\/p>\n<\/td>\n<td style=\"border-style: solid; border-color: #000000; text-align: center;\" valign=\"top\">\n<p align=\"center\"><span style=\"color: #000000; font-family: Helvetica; font-size: small;\">1 tk.<\/span><\/p>\n<\/td>\n<\/tr>\n<\/tbody>\n<\/table>\n<div id=\"gtx-trans\" style=\"position: absolute; left: 79px; top: 37px;\">\n<div class=\"gtx-trans-icon\"><\/div>\n<\/div>","protected":false},"excerpt":{"rendered":"<p>Puhastuspadjad - pulber<\/p>","protected":false},"featured_media":11703,"template":"","meta":[],"product_brand":[],"product_cat":[149,151],"product_tag":[],"class_list":{"0":"post-12637","1":"product","2":"type-product","3":"status-publish","4":"has-post-thumbnail","6":"product_cat-restauratoriams","7":"product_cat-valymas-ir-prieziura","9":"first","10":"outofstock","11":"product-type-simple"},"_links":{"self":[{"href":"https:\/\/tavieta.lt\/ee\/wp-json\/wp\/v2\/product\/12637","targetHints":{"allow":["GET"]}}],"collection":[{"href":"https:\/\/tavieta.lt\/ee\/wp-json\/wp\/v2\/product"}],"about":[{"href":"https:\/\/tavieta.lt\/ee\/wp-json\/wp\/v2\/types\/product"}],"wp:featuredmedia":[{"embeddable":true,"href":"https:\/\/tavieta.lt\/ee\/wp-json\/wp\/v2\/media\/11703"}],"wp:attachment":[{"href":"https:\/\/tavieta.lt\/ee\/wp-json\/wp\/v2\/media?parent=12637"}],"wp:term":[{"taxonomy":"product_brand","embeddable":true,"href":"https:\/\/tavieta.lt\/ee\/wp-json\/wp\/v2\/product_brand?post=12637"},{"taxonomy":"product_cat","embeddable":true,"href":"https:\/\/tavieta.lt\/ee\/wp-json\/wp\/v2\/product_cat?post=12637"},{"taxonomy":"product_tag","embeddable":true,"href":"https:\/\/tavieta.lt\/ee\/wp-json\/wp\/v2\/product_tag?post=12637"}],"curies":[{"name":"t\u00f6\u00f6leht","href":"https:\/\/api.w.org\/{rel}","templated":true}]}}