{"id":12638,"date":"2024-02-07T09:00:37","date_gmt":"2024-02-07T09:00:37","guid":{"rendered":"http:\/\/tavieta.lt\/produktas\/venecijos-muilas\/"},"modified":"2024-02-07T09:00:39","modified_gmt":"2024-02-07T09:00:39","slug":"venecijos-muilas","status":"publish","type":"product","link":"https:\/\/tavieta.lt\/ee\/toode\/venecijos-muilas\/","title":{"rendered":"Veneetsia seep"},"content":{"rendered":"<p><span style=\"color: #000000;\">Puhas tooraine \u00f5rnade paberitoodete pesemiseks,<span class=\"Apple-converted-space\"> \u00a0 <\/span>toodetud traditsioonilisel oliivi\u00f5li h\u00fcdrol\u00fc\u00fcsi meetodil kaaliumh\u00fcdroksiidiga ja pH reguleerimisega. Tarnime seda vedelal kujul, pH 8. \u00a0<\/span><\/p>\n<table style=\"width: 50.954983922829584%; height: 131px;\">\n<tbody>\n<tr>\n<td style=\"text-align: center;\">\n<p><span style=\"font-size: 14px; color: #000000;\">Materjali kood<\/span><\/p>\n<\/td>\n<td style=\"text-align: center;\">\n<p><span style=\"font-size: 14px; color: #000000;\">Kirjeldus<\/span><\/p>\n<\/td>\n<td style=\"text-align: center;\">\n<p><span style=\"font-size: 14px; color: #000000;\">Pakendamine<\/span><\/p>\n<\/td>\n<\/tr>\n<tr>\n<td style=\"text-align: center;\">\n<p><span style=\"font-size: 14px; color: #000000;\">60054<\/span><\/p>\n<\/td>\n<td style=\"text-align: center;\">\n<p><span style=\"font-size: 14px; color: #000000;\"> \u00a0  \u00a0 Veneetsia seep<\/span><\/p>\n<\/td>\n<td style=\"text-align: center;\">\n<p align=\"center\"><span style=\"font-size: 14px; color: #000000;\">0,5 l<\/span><\/p>\n<\/td>\n<\/tr>\n<\/tbody>\n<\/table>\n<div id=\"gtx-trans\" style=\"position: absolute; left: 79px; top: 37px;\">\n<div class=\"gtx-trans-icon\"><\/div>\n<\/div>","protected":false},"excerpt":{"rendered":"<p>Veneetsia seep<\/p>","protected":false},"featured_media":11705,"template":"","meta":[],"product_brand":[],"product_cat":[149,151],"product_tag":[],"class_list":{"0":"post-12638","1":"product","2":"type-product","3":"status-publish","4":"has-post-thumbnail","6":"product_cat-restauratoriams","7":"product_cat-valymas-ir-prieziura","9":"first","10":"outofstock","11":"product-type-simple"},"_links":{"self":[{"href":"https:\/\/tavieta.lt\/ee\/wp-json\/wp\/v2\/product\/12638","targetHints":{"allow":["GET"]}}],"collection":[{"href":"https:\/\/tavieta.lt\/ee\/wp-json\/wp\/v2\/product"}],"about":[{"href":"https:\/\/tavieta.lt\/ee\/wp-json\/wp\/v2\/types\/product"}],"wp:featuredmedia":[{"embeddable":true,"href":"https:\/\/tavieta.lt\/ee\/wp-json\/wp\/v2\/media\/11705"}],"wp:attachment":[{"href":"https:\/\/tavieta.lt\/ee\/wp-json\/wp\/v2\/media?parent=12638"}],"wp:term":[{"taxonomy":"product_brand","embeddable":true,"href":"https:\/\/tavieta.lt\/ee\/wp-json\/wp\/v2\/product_brand?post=12638"},{"taxonomy":"product_cat","embeddable":true,"href":"https:\/\/tavieta.lt\/ee\/wp-json\/wp\/v2\/product_cat?post=12638"},{"taxonomy":"product_tag","embeddable":true,"href":"https:\/\/tavieta.lt\/ee\/wp-json\/wp\/v2\/product_tag?post=12638"}],"curies":[{"name":"t\u00f6\u00f6leht","href":"https:\/\/api.w.org\/{rel}","templated":true}]}}