{"id":12640,"date":"2024-02-07T09:00:37","date_gmt":"2024-02-07T09:00:37","guid":{"rendered":"http:\/\/tavieta.lt\/produktas\/purkstuvas-kuramata\/"},"modified":"2024-03-29T09:35:32","modified_gmt":"2024-03-29T09:35:32","slug":"purkstuvas-kuramata","status":"publish","type":"product","link":"https:\/\/tavieta.lt\/ee\/toode\/purkstuvas-kuramata\/","title":{"rendered":"Pihusti Kuramata"},"content":{"rendered":"<p><span style=\"color: #000000;\"><span class=\"Apple-converted-space\"> \u00a0 <\/span>Kvaliteetne pihusti Kuramata.<span class=\"Apple-converted-space\"> \u00a0 <\/span>Valmistatud kroomitud messingist. Tavaliselt tekitab k\u00e4sitsi rakendatav r\u00f5hk v\u00e4ga peent udu, mis on tahke ilma tilkade v\u00f5i jugadeta. M\u00f5eldud erinevat t\u00fc\u00fcpi vedelike jaoks. \u00dcksikuid osi saab tellida varuosadena.<\/span><\/p>\n<table style=\"border-style: solid; border-color: #000000; width: 59.31659323990321%; height: 239px;\" cellspacing=\"0\" cellpadding=\"0\">\n<tbody>\n<tr>\n<td style=\"border-style: solid; border-color: #000000; text-align: center; width: 16.517857142857142%;\" valign=\"top\">\n<p><span style=\"color: #000000;\">Materjali kood<\/span><\/p>\n<\/td>\n<td style=\"border-style: solid; border-color: #000000; text-align: center; width: 18.75%;\" valign=\"top\">\n<p><span style=\"color: #000000;\">Kirjeldus<\/span><\/p>\n<\/td>\n<td style=\"border-style: solid; border-color: #000000; text-align: center; width: 21.159311892296195%;\" valign=\"top\">\n<p><span style=\"color: #000000;\">Pakendamine<\/span><\/p>\n<\/td>\n<\/tr>\n<tr>\n<td style=\"border-style: solid; border-color: #000000; text-align: center; width: 16.517857142857142%;\" valign=\"top\">\n<p><span style=\"color: #000000;\">3335<\/span><\/p>\n<\/td>\n<td style=\"border-style: solid; border-color: #000000; text-align: center; width: 18.75%;\" rowspan=\"3\" valign=\"top\">\n<p><span style=\"color: #000000;\"><b>Pihusti Kuramata<\/b><\/span><\/p>\n<\/td>\n<td style=\"border-style: solid; border-color: #000000; text-align: center; width: 21.159311892296195%;\" valign=\"top\">\n<p><span style=\"color: #000000;\">400 cc<\/span><\/p>\n<\/td>\n<\/tr>\n<tr>\n<td style=\"border-style: solid; border-color: #000000; text-align: center; width: 16.517857142857142%;\" valign=\"top\">\n<p><span style=\"color: #000000;\">3334<\/span><\/p>\n<\/td>\n<td style=\"border-style: solid; border-color: #000000; text-align: center; width: 21.159311892296195%;\" valign=\"top\">\n<p><span style=\"color: #000000;\">700 cc<\/span><\/p>\n<\/td>\n<\/tr>\n<tr>\n<td style=\"border-style: solid; border-color: #000000; text-align: center; width: 16.517857142857142%;\" valign=\"top\">\n<p><span style=\"color: #000000;\">3333<\/span><\/p>\n<\/td>\n<td style=\"border-style: solid; border-color: #000000; text-align: center; width: 21.159311892296195%;\" valign=\"top\">\n<p><span style=\"color: #000000;\">1000 cc<\/span><\/p>\n<\/td>\n<\/tr>\n<\/tbody>\n<\/table>\n<div id=\"gtx-trans\" style=\"position: absolute; left: 79px; top: 37px;\">\n<div class=\"gtx-trans-icon\"><\/div>\n<\/div>","protected":false},"excerpt":{"rendered":"<p>Pihusti Kuramata<\/p>","protected":false},"featured_media":11709,"template":"","meta":[],"product_brand":[],"product_cat":[149,170],"product_tag":[],"class_list":{"0":"post-12640","1":"product","2":"type-product","3":"status-publish","4":"has-post-thumbnail","6":"product_cat-restauratoriams","7":"product_cat-restauravimo-iranga","9":"first","10":"outofstock","11":"product-type-simple"},"_links":{"self":[{"href":"https:\/\/tavieta.lt\/ee\/wp-json\/wp\/v2\/product\/12640","targetHints":{"allow":["GET"]}}],"collection":[{"href":"https:\/\/tavieta.lt\/ee\/wp-json\/wp\/v2\/product"}],"about":[{"href":"https:\/\/tavieta.lt\/ee\/wp-json\/wp\/v2\/types\/product"}],"wp:featuredmedia":[{"embeddable":true,"href":"https:\/\/tavieta.lt\/ee\/wp-json\/wp\/v2\/media\/11709"}],"wp:attachment":[{"href":"https:\/\/tavieta.lt\/ee\/wp-json\/wp\/v2\/media?parent=12640"}],"wp:term":[{"taxonomy":"product_brand","embeddable":true,"href":"https:\/\/tavieta.lt\/ee\/wp-json\/wp\/v2\/product_brand?post=12640"},{"taxonomy":"product_cat","embeddable":true,"href":"https:\/\/tavieta.lt\/ee\/wp-json\/wp\/v2\/product_cat?post=12640"},{"taxonomy":"product_tag","embeddable":true,"href":"https:\/\/tavieta.lt\/ee\/wp-json\/wp\/v2\/product_tag?post=12640"}],"curies":[{"name":"t\u00f6\u00f6leht","href":"https:\/\/api.w.org\/{rel}","templated":true}]}}