{"id":12641,"date":"2024-02-07T09:00:46","date_gmt":"2024-02-07T09:00:46","guid":{"rendered":"http:\/\/tavieta.lt\/produktas\/japoniski-sepeciai-sashi-bake\/"},"modified":"2024-02-07T09:00:47","modified_gmt":"2024-02-07T09:00:47","slug":"japoniski-sepeciai-sashi-bake","status":"publish","type":"product","link":"https:\/\/tavieta.lt\/ee\/toode\/japoniski-sepeciai-sashi-bake\/","title":{"rendered":"Jaapani pintslid Sashi-Bake"},"content":{"rendered":"<p>&nbsp;<\/p>\n<p><span style=\"color: #000000;\">Punakaspruunid juuksed, mis on v\u00f5etud hobuse kintsupiirkonnast, mida v\u00e4rvi t\u00f5ttu sageli nimetatakse kaamelikarvadeks. Kasutatakse pasta v\u00f5i v\u00e4rviga t\u00f6\u00f6tamiseks kitsastes kohtades.<\/span><\/p>\n<table style=\"height: 409px; width: 86.05236314178852%; border-style: solid; border-color: #000000;\" cellspacing=\"0\" cellpadding=\"0\">\n<tbody>\n<tr>\n<td style=\"text-align: center;\" valign=\"top\">\n<p><span style=\"font-size: 16px; color: #000000;\">Materjali kood<\/span><\/p>\n<\/td>\n<td style=\"text-align: center;\" valign=\"top\">\n<p><span style=\"font-size: 16px; color: #000000;\">Laius<\/span><\/p>\n<\/td>\n<td style=\"text-align: center;\" valign=\"top\">\n<p><span style=\"font-size: 16px; color: #000000;\">Paksus<\/span><\/p>\n<\/td>\n<td style=\"text-align: center;\" valign=\"top\">\n<p><span style=\"font-size: 16px; color: #000000;\">Pikkus<\/span><\/p>\n<\/td>\n<td style=\"text-align: center;\" valign=\"top\">\n<p><span style=\"font-size: 16px; color: #000000;\">K\u00f5rgus<\/span><\/p>\n<\/td>\n<td style=\"text-align: center;\" valign=\"top\">\n<p><span style=\"font-size: 16px; color: #000000;\">Kaal<\/span><\/p>\n<\/td>\n<td style=\"text-align: center;\" valign=\"top\">\n<p><span style=\"font-size: 16px; color: #000000;\">Pakendamine<\/span><\/p>\n<\/td>\n<\/tr>\n<tr>\n<td style=\"text-align: center;\" valign=\"top\">\n<p><span style=\"font-size: 16px; color: #000000;\">PNSB3<\/span><\/p>\n<\/td>\n<td style=\"text-align: center;\" valign=\"top\">\n<p><span style=\"font-size: 16px; color: #000000;\">8 mm<\/span><\/p>\n<\/td>\n<td style=\"text-align: center;\" valign=\"top\">\n<p align=\"center\"><span style=\"font-size: 16px; color: #000000;\">4 mm<\/span><\/p>\n<\/td>\n<td style=\"text-align: center;\" valign=\"top\">\n<p><span style=\"font-size: 16px; color: #000000;\">8 mm<\/span><\/p>\n<\/td>\n<td style=\"text-align: center;\" valign=\"top\">\n<p><span style=\"font-size: 16px; color: #000000;\">142 mm<\/span><\/p>\n<\/td>\n<td style=\"text-align: center;\" valign=\"top\">\n<p align=\"center\"><span style=\"font-size: 16px; color: #000000;\">2 g<\/span><\/p>\n<\/td>\n<td style=\"text-align: center;\" valign=\"top\">\n<p align=\"center\"><span style=\"font-size: 16px; color: #000000;\">1 tk.<\/span><\/p>\n<\/td>\n<\/tr>\n<tr>\n<td style=\"text-align: center;\" valign=\"top\">\n<p><span style=\"font-size: 16px; color: #000000;\">PNSB4<\/span><\/p>\n<\/td>\n<td style=\"text-align: center;\" valign=\"top\">\n<p><span style=\"font-size: 16px; color: #000000;\">10 mm<\/span><\/p>\n<\/td>\n<td style=\"text-align: center;\" valign=\"top\">\n<p align=\"center\"><span style=\"font-size: 16px; color: #000000;\">4 mm<\/span><\/p>\n<\/td>\n<td style=\"text-align: center;\" valign=\"top\">\n<p><span style=\"font-size: 16px; color: #000000;\">10 mm<\/span><\/p>\n<\/td>\n<td style=\"text-align: center;\" valign=\"top\">\n<p><span style=\"font-size: 16px; color: #000000;\">142 mm<\/span><\/p>\n<\/td>\n<td style=\"text-align: center;\" valign=\"top\">\n<p align=\"center\"><span style=\"font-size: 16px; color: #000000;\">2 g<\/span><\/p>\n<\/td>\n<td style=\"text-align: center;\" valign=\"top\">\n<p align=\"center\"><span style=\"font-size: 16px; color: #000000;\">1 tk.<\/span><\/p>\n<\/td>\n<\/tr>\n<tr>\n<td style=\"text-align: center;\" valign=\"top\">\n<p><span style=\"font-size: 16px; color: #000000;\">PNSB5<\/span><\/p>\n<\/td>\n<td style=\"text-align: center;\" valign=\"top\">\n<p><span style=\"font-size: 16px; color: #000000;\">14 mm<\/span><\/p>\n<\/td>\n<td style=\"text-align: center;\" valign=\"top\">\n<p align=\"center\"><span style=\"font-size: 16px; color: #000000;\">4 mm<\/span><\/p>\n<\/td>\n<td style=\"text-align: center;\" valign=\"top\">\n<p><span style=\"font-size: 16px; color: #000000;\">12 mm<\/span><\/p>\n<\/td>\n<td style=\"text-align: center;\" valign=\"top\">\n<p><span style=\"font-size: 16px; color: #000000;\">142 mm<\/span><\/p>\n<\/td>\n<td style=\"text-align: center;\" valign=\"top\">\n<p align=\"center\"><span style=\"font-size: 16px; color: #000000;\">3 g<\/span><\/p>\n<\/td>\n<td style=\"text-align: center;\" valign=\"top\">\n<p align=\"center\"><span style=\"font-size: 16px; color: #000000;\">1 tk.<\/span><\/p>\n<\/td>\n<\/tr>\n<tr>\n<td style=\"text-align: center;\" valign=\"top\">\n<p><span style=\"font-size: 16px; color: #000000;\">PNSB6<\/span><\/p>\n<\/td>\n<td style=\"text-align: center;\" valign=\"top\">\n<p><span style=\"font-size: 16px; color: #000000;\">16 mm<\/span><\/p>\n<\/td>\n<td style=\"text-align: center;\" valign=\"top\">\n<p align=\"center\"><span style=\"font-size: 16px; color: #000000;\">4 mm<\/span><\/p>\n<\/td>\n<td style=\"text-align: center;\" valign=\"top\">\n<p><span style=\"font-size: 16px; color: #000000;\">14 mm<\/span><\/p>\n<\/td>\n<td style=\"text-align: center;\" valign=\"top\">\n<p><span style=\"font-size: 16px; color: #000000;\">150 mm<\/span><\/p>\n<\/td>\n<td style=\"text-align: center;\" valign=\"top\">\n<p align=\"center\"><span style=\"font-size: 16px; color: #000000;\">5 g<\/span><\/p>\n<\/td>\n<td style=\"text-align: center;\" valign=\"top\">\n<p align=\"center\"><span style=\"font-size: 16px; color: #000000;\">1 tk.<\/span><\/p>\n<\/td>\n<\/tr>\n<tr>\n<td style=\"text-align: center;\" valign=\"top\">\n<p><span style=\"font-size: 16px; color: #000000;\">PNSB8<\/span><\/p>\n<\/td>\n<td style=\"text-align: center;\" valign=\"top\">\n<p><span style=\"font-size: 16px; color: #000000;\">24 mm<\/span><\/p>\n<\/td>\n<td style=\"text-align: center;\" valign=\"top\">\n<p align=\"center\"><span style=\"font-size: 16px; color: #000000;\">4 mm<\/span><\/p>\n<\/td>\n<td style=\"text-align: center;\" valign=\"top\">\n<p><span style=\"font-size: 16px; color: #000000;\">16 mm<\/span><\/p>\n<\/td>\n<td style=\"text-align: center;\" valign=\"top\">\n<p><span style=\"font-size: 16px; color: #000000;\">150 mm<\/span><\/p>\n<\/td>\n<td style=\"text-align: center;\" valign=\"top\">\n<p align=\"center\"><span style=\"font-size: 16px; color: #000000;\">7 g<\/span><\/p>\n<\/td>\n<td style=\"text-align: center;\" valign=\"top\">\n<p align=\"center\"><span style=\"font-size: 16px; color: #000000;\">1 tk.<\/span><\/p>\n<\/td>\n<\/tr>\n<tr>\n<td style=\"text-align: center;\" valign=\"top\">\n<p><span style=\"font-size: 16px; color: #000000;\">PNSB10<\/span><\/p>\n<\/td>\n<td style=\"text-align: center;\" valign=\"top\">\n<p><span style=\"font-size: 16px; color: #000000;\">28 mm<\/span><\/p>\n<\/td>\n<td style=\"text-align: center;\" valign=\"top\">\n<p align=\"center\"><span style=\"font-size: 16px; color: #000000;\">4 mm<\/span><\/p>\n<\/td>\n<td style=\"text-align: center;\" valign=\"top\">\n<p><span style=\"font-size: 16px; color: #000000;\">16 mm<\/span><\/p>\n<\/td>\n<td style=\"text-align: center;\" valign=\"top\">\n<p><span style=\"font-size: 16px; color: #000000;\">150 mm<\/span><\/p>\n<\/td>\n<td style=\"text-align: center;\" valign=\"top\">\n<p align=\"center\"><span style=\"font-size: 16px; color: #000000;\">9 g<\/span><\/p>\n<\/td>\n<td style=\"text-align: center;\" valign=\"top\">\n<p align=\"center\"><span style=\"font-size: 16px; color: #000000;\">1 tk.<\/span><\/p>\n<\/td>\n<\/tr>\n<\/tbody>\n<\/table>\n<div id=\"gtx-trans\" style=\"position: absolute; left: 79px; top: 37px;\">\n<div class=\"gtx-trans-icon\"><\/div>\n<\/div>","protected":false},"excerpt":{"rendered":"<p>Jaapani pintslid Sashi-Bake<\/p>","protected":false},"featured_media":11711,"template":"","meta":[],"product_brand":[],"product_cat":[149,151],"product_tag":[],"class_list":{"0":"post-12641","1":"product","2":"type-product","3":"status-publish","4":"has-post-thumbnail","6":"product_cat-restauratoriams","7":"product_cat-valymas-ir-prieziura","9":"first","10":"outofstock","11":"product-type-simple"},"_links":{"self":[{"href":"https:\/\/tavieta.lt\/ee\/wp-json\/wp\/v2\/product\/12641","targetHints":{"allow":["GET"]}}],"collection":[{"href":"https:\/\/tavieta.lt\/ee\/wp-json\/wp\/v2\/product"}],"about":[{"href":"https:\/\/tavieta.lt\/ee\/wp-json\/wp\/v2\/types\/product"}],"wp:featuredmedia":[{"embeddable":true,"href":"https:\/\/tavieta.lt\/ee\/wp-json\/wp\/v2\/media\/11711"}],"wp:attachment":[{"href":"https:\/\/tavieta.lt\/ee\/wp-json\/wp\/v2\/media?parent=12641"}],"wp:term":[{"taxonomy":"product_brand","embeddable":true,"href":"https:\/\/tavieta.lt\/ee\/wp-json\/wp\/v2\/product_brand?post=12641"},{"taxonomy":"product_cat","embeddable":true,"href":"https:\/\/tavieta.lt\/ee\/wp-json\/wp\/v2\/product_cat?post=12641"},{"taxonomy":"product_tag","embeddable":true,"href":"https:\/\/tavieta.lt\/ee\/wp-json\/wp\/v2\/product_tag?post=12641"}],"curies":[{"name":"t\u00f6\u00f6leht","href":"https:\/\/api.w.org\/{rel}","templated":true}]}}