{"id":12642,"date":"2024-02-07T09:00:46","date_gmt":"2024-02-07T09:00:46","guid":{"rendered":"http:\/\/tavieta.lt\/produktas\/japoniski-sepeciai-naze-bake\/"},"modified":"2024-02-07T09:00:48","modified_gmt":"2024-02-07T09:00:48","slug":"japoniski-sepeciai-naze-bake","status":"publish","type":"product","link":"https:\/\/tavieta.lt\/ee\/toode\/japoniski-sepeciai-naze-bake\/","title":{"rendered":"Naze-Bake Jaapani pintslid"},"content":{"rendered":"<p>Kasutab kanepikiudu. Naze Bake&#039;i kasutavad raamatuk\u00f6itjad, \u00fchendades kaks paberilehte \u00f5hutaskute silumiseks. Meistrid valmistavad Naze Bake&#039;i vastavalt oma vajadustele, l\u00f5igates nurki ja lihvides pintsli kuju.<\/p>\n<p>&nbsp;<\/p>\n<table style=\"height: 112px; width: 67.07675923178854%; border-style: solid; border-color: #000000;\" cellspacing=\"0\" cellpadding=\"0\">\n<tbody>\n<tr style=\"height: 56px;\">\n<td style=\"text-align: center;\" valign=\"top\">\n<p>Materjali kood<\/p>\n<\/td>\n<td style=\"text-align: center;\" valign=\"top\">\n<p>Laius<\/p>\n<\/td>\n<td style=\"text-align: center;\" valign=\"top\">\n<p>Paksus<\/p>\n<\/td>\n<td style=\"text-align: center;\" valign=\"top\">\n<p>Pikkus<\/p>\n<\/td>\n<td style=\"text-align: center;\" valign=\"top\">\n<p>K\u00f5rgus<\/p>\n<\/td>\n<td style=\"text-align: center;\" valign=\"top\">\n<p>Kaal<\/p>\n<\/td>\n<td style=\"text-align: center;\" valign=\"top\">\n<p>Pakendamine<\/p>\n<\/td>\n<\/tr>\n<tr style=\"height: 56px;\">\n<td style=\"text-align: center;\" valign=\"top\">\n<p>PNNB138<\/p>\n<\/td>\n<td style=\"text-align: center;\" valign=\"top\">\n<p align=\"right\">138 mm<\/p>\n<\/td>\n<td style=\"text-align: center;\" valign=\"top\">\n<p align=\"center\">8 mm<\/p>\n<\/td>\n<td style=\"text-align: center;\" valign=\"top\">\n<p>65 mm<\/p>\n<\/td>\n<td style=\"text-align: center;\" valign=\"top\">\n<p align=\"right\">210 mm<\/p>\n<\/td>\n<td style=\"text-align: center;\" valign=\"top\">\n<p align=\"center\">100 gr<\/p>\n<\/td>\n<td style=\"text-align: center;\" valign=\"top\">\n<p align=\"center\">1 tk.<\/p>\n<\/td>\n<\/tr>\n<\/tbody>\n<\/table>\n<div id=\"gtx-trans\" style=\"position: absolute; left: 79px; top: 37px;\">\n<div class=\"gtx-trans-icon\"><\/div>\n<\/div>","protected":false},"excerpt":{"rendered":"<p>Naze-Bake Jaapani pintslid<\/p>","protected":false},"featured_media":11713,"template":"","meta":[],"product_brand":[],"product_cat":[149,151],"product_tag":[],"class_list":{"0":"post-12642","1":"product","2":"type-product","3":"status-publish","4":"has-post-thumbnail","6":"product_cat-restauratoriams","7":"product_cat-valymas-ir-prieziura","9":"first","10":"outofstock","11":"product-type-simple"},"_links":{"self":[{"href":"https:\/\/tavieta.lt\/ee\/wp-json\/wp\/v2\/product\/12642","targetHints":{"allow":["GET"]}}],"collection":[{"href":"https:\/\/tavieta.lt\/ee\/wp-json\/wp\/v2\/product"}],"about":[{"href":"https:\/\/tavieta.lt\/ee\/wp-json\/wp\/v2\/types\/product"}],"wp:featuredmedia":[{"embeddable":true,"href":"https:\/\/tavieta.lt\/ee\/wp-json\/wp\/v2\/media\/11713"}],"wp:attachment":[{"href":"https:\/\/tavieta.lt\/ee\/wp-json\/wp\/v2\/media?parent=12642"}],"wp:term":[{"taxonomy":"product_brand","embeddable":true,"href":"https:\/\/tavieta.lt\/ee\/wp-json\/wp\/v2\/product_brand?post=12642"},{"taxonomy":"product_cat","embeddable":true,"href":"https:\/\/tavieta.lt\/ee\/wp-json\/wp\/v2\/product_cat?post=12642"},{"taxonomy":"product_tag","embeddable":true,"href":"https:\/\/tavieta.lt\/ee\/wp-json\/wp\/v2\/product_tag?post=12642"}],"curies":[{"name":"t\u00f6\u00f6leht","href":"https:\/\/api.w.org\/{rel}","templated":true}]}}