{"id":12645,"date":"2024-02-07T09:00:46","date_gmt":"2024-02-07T09:00:46","guid":{"rendered":"http:\/\/tavieta.lt\/produktas\/parafilm-m-skaidri-termoplastine-plevele\/"},"modified":"2024-02-07T09:00:50","modified_gmt":"2024-02-07T09:00:50","slug":"parafilm-m-skaidri-termoplastine-plevele","status":"publish","type":"product","link":"https:\/\/tavieta.lt\/ee\/toode\/parafilm-m-skaidri-termoplastine-plevele\/","title":{"rendered":"Parafilm M -\u00ae l\u00e4bipaistev termoplastkile"},"content":{"rendered":"<p><span style=\"color: #000000;\">Parafilm M on klassikaline l\u00e4bipaistev termoplastne kile,<span class=\"Apple-converted-space\"> \u00a0 <\/span>kasutatakse mitte ainult laborites, vaid ka restaureerimist\u00f6\u00f6del, et katta anumad valmistatud lahuste ja preparaatidega. Kile hoiab \u00e4ra proovi saastumise ja iseaurustumise. Valmistatud pol\u00fcolefiinidest ja parafiinvahadest ilma pehmendavate aineteta. Veeauru l\u00e4bilaskvus: 34 g\/m<sup>2<\/sup> 24 tunni jooksul 37\u00b0C ja 90% suhtelise niiskuse juures Sulamistemperatuur: 60\u00b0C.Kasutatud <span class=\"Apple-converted-space\"> \u00a0 <\/span>temperatuuril 45 kuni 50 \u00b0C.<\/span><\/p>\n<p>&nbsp;<\/p>\n<table style=\"width: 72.3514211886305%; height: 299px;\">\n<tbody>\n<tr>\n<td style=\"text-align: center;\">\n<p align=\"center\"><span style=\"color: #000000;\">Materjali kood<\/span><\/p>\n<\/td>\n<td style=\"text-align: center;\">\n<p><span style=\"color: #000000;\">Kirjeldus<\/span><\/p>\n<\/td>\n<td style=\"text-align: center;\">\n<p><span style=\"color: #000000;\">Pakendamine<\/span><\/p>\n<\/td>\n<\/tr>\n<tr>\n<td style=\"text-align: right;\">\n<p style=\"text-align: center;\" align=\"justify\"><span style=\"color: #000000;\">PM1221 <\/span><\/p>\n<\/td>\n<td style=\"text-align: center;\">\n<p><span style=\"color: #000000;\">Parafilm M, 15 mx 50 cm <\/span><\/p>\n<\/td>\n<td style=\"text-align: center;\">\n<p align=\"center\"><span style=\"color: #000000;\">1 tk.<\/span><\/p>\n<\/td>\n<\/tr>\n<tr>\n<td style=\"text-align: right;\">\n<p style=\"text-align: center;\" align=\"justify\"><span style=\"color: #000000;\">PM1212<\/span><\/p>\n<\/td>\n<td style=\"text-align: center;\">\n<p><span style=\"color: #000000;\">Parafilm M, 75 mx 10 cm<\/span><\/p>\n<\/td>\n<td style=\"text-align: center;\">\n<p align=\"center\"><span style=\"color: #000000;\">1 tk.<\/span><\/p>\n<\/td>\n<\/tr>\n<tr>\n<td style=\"text-align: right;\">\n<p style=\"text-align: center;\" align=\"justify\"><span style=\"color: #000000;\">PM1213<\/span><\/p>\n<\/td>\n<td style=\"text-align: center;\">\n<p><span style=\"color: #000000;\">ParafilmM, 38 x 10 cm<\/span><\/p>\n<\/td>\n<td style=\"text-align: center;\">\n<p align=\"center\"><span style=\"color: #000000;\">1 tk.<\/span><\/p>\n<\/td>\n<\/tr>\n<tr>\n<td style=\"text-align: right;\">\n<p style=\"text-align: center;\" align=\"justify\"><span style=\"color: #000000;\">PM1214<\/span><\/p>\n<\/td>\n<td style=\"text-align: center;\">\n<p><span style=\"color: #000000;\">Parafilm M, 75 mx 5 cm<\/span><\/p>\n<\/td>\n<td style=\"text-align: center;\">\n<p align=\"center\"><span style=\"color: #000000;\">1 tk.<\/span><\/p>\n<\/td>\n<\/tr>\n<\/tbody>\n<\/table>\n<div id=\"gtx-trans\" style=\"position: absolute; left: 79px; top: 37px;\">\n<div class=\"gtx-trans-icon\"><\/div>\n<\/div>","protected":false},"excerpt":{"rendered":"<p>Parafilm M -\u00ae l\u00e4bipaistev termoplastkile<\/p>","protected":false},"featured_media":11717,"template":"","meta":[],"product_brand":[],"product_cat":[149,151],"product_tag":[],"class_list":{"0":"post-12645","1":"product","2":"type-product","3":"status-publish","4":"has-post-thumbnail","6":"product_cat-restauratoriams","7":"product_cat-valymas-ir-prieziura","9":"first","10":"outofstock","11":"product-type-simple"},"_links":{"self":[{"href":"https:\/\/tavieta.lt\/ee\/wp-json\/wp\/v2\/product\/12645","targetHints":{"allow":["GET"]}}],"collection":[{"href":"https:\/\/tavieta.lt\/ee\/wp-json\/wp\/v2\/product"}],"about":[{"href":"https:\/\/tavieta.lt\/ee\/wp-json\/wp\/v2\/types\/product"}],"wp:featuredmedia":[{"embeddable":true,"href":"https:\/\/tavieta.lt\/ee\/wp-json\/wp\/v2\/media\/11717"}],"wp:attachment":[{"href":"https:\/\/tavieta.lt\/ee\/wp-json\/wp\/v2\/media?parent=12645"}],"wp:term":[{"taxonomy":"product_brand","embeddable":true,"href":"https:\/\/tavieta.lt\/ee\/wp-json\/wp\/v2\/product_brand?post=12645"},{"taxonomy":"product_cat","embeddable":true,"href":"https:\/\/tavieta.lt\/ee\/wp-json\/wp\/v2\/product_cat?post=12645"},{"taxonomy":"product_tag","embeddable":true,"href":"https:\/\/tavieta.lt\/ee\/wp-json\/wp\/v2\/product_tag?post=12645"}],"curies":[{"name":"t\u00f6\u00f6leht","href":"https:\/\/api.w.org\/{rel}","templated":true}]}}