{"id":12646,"date":"2024-02-07T09:00:54","date_gmt":"2024-02-07T09:00:54","guid":{"rendered":"http:\/\/tavieta.lt\/produktas\/ajatin-plus-priesgrybelinis-dezinfektantas\/"},"modified":"2024-02-07T09:00:55","modified_gmt":"2024-02-07T09:00:55","slug":"ajatin-plus-priesgrybelinis-dezinfektantas","status":"publish","type":"product","link":"https:\/\/tavieta.lt\/ee\/toode\/ajatin-plus-priesgrybelinis-dezinfektantas\/","title":{"rendered":"Ajatin Plus on seenevastane desinfektsioonivahend"},"content":{"rendered":"<p><span style=\"color: #000000;\">Ajatin Plus on seenevastane desinfitseerimislahus pindade ja esemete desinfitseerimiseks, efektiivne bakterite, p\u00e4rmseente, seente, alamseente, vetikate ja m\u00f5nede viiruste vastu. See ei m\u00e4\u00e4ri, ei l\u00f5hna ega eralda ohtlikke gaase., see ei ole tuleohtlik.<\/span><\/p>\n<table style=\"width: 64.74193548387096%; height: 289px;\">\n<tbody>\n<tr>\n<td style=\"text-align: center;\">\n<p><span style=\"color: #000000;\">Materjali kood<\/span><\/p>\n<\/td>\n<td style=\"text-align: center;\">\n<p><span style=\"color: #000000;\">Kirjeldus<\/span><\/p>\n<\/td>\n<td style=\"text-align: center;\">\n<p><span style=\"color: #000000;\">Pakendamine<\/span><\/p>\n<\/td>\n<\/tr>\n<tr>\n<td style=\"text-align: center;\">\n<p><span style=\"color: #000000;\">60039<\/span><\/p>\n<\/td>\n<td style=\"text-align: center;\">\n<p><span style=\"color: #000000;\">Ajatin plus, 1% vedelik<\/span><\/p>\n<\/td>\n<td style=\"text-align: center;\">\n<p><span style=\"color: #000000;\">500 ml<\/span><\/p>\n<\/td>\n<\/tr>\n<tr>\n<td style=\"text-align: center;\">\n<p><span style=\"color: #000000;\">60040<\/span><\/p>\n<\/td>\n<td style=\"text-align: center;\">\n<p><span style=\"color: #000000;\">Ajatin plus, 10% vedelik<\/span><\/p>\n<\/td>\n<td style=\"text-align: center;\">\n<p><span style=\"color: #000000;\">5000 ml<\/span><\/p>\n<\/td>\n<\/tr>\n<tr>\n<td style=\"text-align: center;\">\n<p><span style=\"color: #000000;\">60041<\/span><\/p>\n<\/td>\n<td style=\"text-align: center;\">\n<p><span style=\"color: #000000;\">Ajatin plus, 1% vedelik<\/span><\/p>\n<\/td>\n<td style=\"text-align: center;\">\n<p><span style=\"color: #000000;\">500 ml<\/span><\/p>\n<\/td>\n<\/tr>\n<tr>\n<td style=\"text-align: center;\">\n<p><span style=\"color: #000000;\">60042<\/span><\/p>\n<\/td>\n<td style=\"text-align: center;\">\n<p><span style=\"color: #000000;\">Ajatin plus, 10% vedelik<\/span><\/p>\n<\/td>\n<td style=\"text-align: center;\">\n<p><span style=\"color: #000000;\">5000 ml<\/span><\/p>\n<\/td>\n<\/tr>\n<\/tbody>\n<\/table>\n<div id=\"gtx-trans\" style=\"position: absolute; left: 79px; top: 37px;\">\n<div class=\"gtx-trans-icon\"><\/div>\n<\/div>","protected":false},"excerpt":{"rendered":"<p>Ajatin Plus on seenevastane desinfektsioonivahend<\/p>","protected":false},"featured_media":11719,"template":"","meta":[],"product_brand":[],"product_cat":[149,151],"product_tag":[],"class_list":{"0":"post-12646","1":"product","2":"type-product","3":"status-publish","4":"has-post-thumbnail","6":"product_cat-restauratoriams","7":"product_cat-valymas-ir-prieziura","9":"first","10":"outofstock","11":"product-type-simple"},"_links":{"self":[{"href":"https:\/\/tavieta.lt\/ee\/wp-json\/wp\/v2\/product\/12646","targetHints":{"allow":["GET"]}}],"collection":[{"href":"https:\/\/tavieta.lt\/ee\/wp-json\/wp\/v2\/product"}],"about":[{"href":"https:\/\/tavieta.lt\/ee\/wp-json\/wp\/v2\/types\/product"}],"wp:featuredmedia":[{"embeddable":true,"href":"https:\/\/tavieta.lt\/ee\/wp-json\/wp\/v2\/media\/11719"}],"wp:attachment":[{"href":"https:\/\/tavieta.lt\/ee\/wp-json\/wp\/v2\/media?parent=12646"}],"wp:term":[{"taxonomy":"product_brand","embeddable":true,"href":"https:\/\/tavieta.lt\/ee\/wp-json\/wp\/v2\/product_brand?post=12646"},{"taxonomy":"product_cat","embeddable":true,"href":"https:\/\/tavieta.lt\/ee\/wp-json\/wp\/v2\/product_cat?post=12646"},{"taxonomy":"product_tag","embeddable":true,"href":"https:\/\/tavieta.lt\/ee\/wp-json\/wp\/v2\/product_tag?post=12646"}],"curies":[{"name":"t\u00f6\u00f6leht","href":"https:\/\/api.w.org\/{rel}","templated":true}]}}