{"id":12649,"date":"2024-02-07T09:00:54","date_gmt":"2024-02-07T09:00:54","guid":{"rendered":"http:\/\/tavieta.lt\/produktas\/butilo-alkoholis\/"},"modified":"2024-02-07T09:01:53","modified_gmt":"2024-02-07T09:01:53","slug":"butilo-alkoholis","status":"publish","type":"product","link":"https:\/\/tavieta.lt\/ee\/toode\/butilo-alkoholis\/","title":{"rendered":"But\u00fc\u00fclalkohol"},"content":{"rendered":"<p><span style=\"color: #000000;\">But\u00fc\u00fclalkohol on teatud s\u00e4ilitusainete (Lignofix OH, Molanin) lahusti. Sobib kasutamiseks nii desinfitseerimiskambris kui ka rasvaeemaldas.<\/span><\/p>\n<table style=\"height: 120px; width: 49.318354270027115%; border-style: solid; border-color: #000000;\" cellspacing=\"0\" cellpadding=\"0\">\n<tbody>\n<tr>\n<td style=\"width: 39.93399339933993%; text-align: center;\" valign=\"top\">\n<p><span style=\"color: #000000;\">Materjali kood<\/span><\/p>\n<\/td>\n<td style=\"width: 38.613861386138616%; text-align: center;\" valign=\"top\">\n<p><span style=\"color: #000000;\">Kirjeldus<\/span><\/p>\n<\/td>\n<td style=\"width: 20.13201320132013%; text-align: center;\" valign=\"top\">\n<p><span style=\"color: #000000;\">Pakendamine<\/span><\/p>\n<\/td>\n<\/tr>\n<tr>\n<td style=\"width: 39.93399339933993%; text-align: center;\" valign=\"top\">\n<p><span style=\"color: #000000;\">P70391<\/span><\/p>\n<\/td>\n<td style=\"width: 38.613861386138616%; text-align: center;\" valign=\"top\">\n<p><span style=\"color: #000000;\"><b>But\u00fc\u00fclalkohol<\/b><\/span><\/p>\n<\/td>\n<td style=\"width: 20.13201320132013%; text-align: center;\" valign=\"top\">\n<p><span style=\"color: #000000;\">1000 ml<\/span><\/p>\n<\/td>\n<\/tr>\n<\/tbody>\n<\/table>\n<div id=\"gtx-trans\" style=\"position: absolute; left: 79px; top: 37px;\">\n<div class=\"gtx-trans-icon\"><\/div>\n<\/div>","protected":false},"excerpt":{"rendered":"<p>But\u00fc\u00fclalkohol<\/p>","protected":false},"featured_media":11724,"template":"","meta":[],"product_brand":[],"product_cat":[149,151],"product_tag":[],"class_list":{"0":"post-12649","1":"product","2":"type-product","3":"status-publish","4":"has-post-thumbnail","6":"product_cat-restauratoriams","7":"product_cat-valymas-ir-prieziura","9":"first","10":"outofstock","11":"product-type-simple"},"_links":{"self":[{"href":"https:\/\/tavieta.lt\/ee\/wp-json\/wp\/v2\/product\/12649","targetHints":{"allow":["GET"]}}],"collection":[{"href":"https:\/\/tavieta.lt\/ee\/wp-json\/wp\/v2\/product"}],"about":[{"href":"https:\/\/tavieta.lt\/ee\/wp-json\/wp\/v2\/types\/product"}],"wp:featuredmedia":[{"embeddable":true,"href":"https:\/\/tavieta.lt\/ee\/wp-json\/wp\/v2\/media\/11724"}],"wp:attachment":[{"href":"https:\/\/tavieta.lt\/ee\/wp-json\/wp\/v2\/media?parent=12649"}],"wp:term":[{"taxonomy":"product_brand","embeddable":true,"href":"https:\/\/tavieta.lt\/ee\/wp-json\/wp\/v2\/product_brand?post=12649"},{"taxonomy":"product_cat","embeddable":true,"href":"https:\/\/tavieta.lt\/ee\/wp-json\/wp\/v2\/product_cat?post=12649"},{"taxonomy":"product_tag","embeddable":true,"href":"https:\/\/tavieta.lt\/ee\/wp-json\/wp\/v2\/product_tag?post=12649"}],"curies":[{"name":"t\u00f6\u00f6leht","href":"https:\/\/api.w.org\/{rel}","templated":true}]}}