{"id":12651,"date":"2024-02-07T09:01:58","date_gmt":"2024-02-07T09:01:58","guid":{"rendered":"http:\/\/tavieta.lt\/produktas\/fiksavimo-reagentas-rewin-acp\/"},"modified":"2025-01-30T13:21:28","modified_gmt":"2025-01-30T13:21:28","slug":"fiksavimo-reagentas-rewin-acp","status":"publish","type":"product","link":"https:\/\/tavieta.lt\/ee\/toode\/fiksavimo-reagentas-rewin-acp\/","title":{"rendered":"Fikseerimisreaktiiv REWIN ACP"},"content":{"rendered":"<p><span style=\"color: #000000;\"><span class=\"Apple-converted-space\"> \u00a0<\/span>Katioonreaktiiv anioonsete v\u00e4rvainete fikseerimiseks. Fikseerimisprotsess p\u00f5hineb veekindlate komplekside loomisel lahustuvatest anioonsetest v\u00e4rvainetest ja katiooni fikseerivatest reagentidest. Suurema efekti saavutamiseks on soovitatav kasutada nii katioonseid kui anioonseid reaktiive.<\/span><\/p>\n<table style=\"height: 122px; width: 57.30172413793103%; border-style: solid; border-color: #000000;\" cellspacing=\"0\" cellpadding=\"0\">\n<tbody>\n<tr>\n<td style=\"text-align: center;\" valign=\"top\">\n<p><span style=\"color: #000000;\">Materjali kood<\/span><\/p>\n<\/td>\n<td style=\"text-align: center;\" valign=\"top\">\n<p><span style=\"color: #000000;\">Kirjeldus<\/span><\/p>\n<\/td>\n<td style=\"text-align: center;\" valign=\"top\">\n<p><span style=\"color: #000000;\">Pakendamine<\/span><\/p>\n<\/td>\n<\/tr>\n<tr>\n<td style=\"text-align: center;\" valign=\"top\">\n<p><span style=\"color: #000000;\">20334<\/span><\/p>\n<\/td>\n<td style=\"text-align: center;\" valign=\"top\">\n<p><span style=\"color: #000000;\"><b>Fikseerimisreaktiiv REWIN ACP<\/b><\/span><\/p>\n<\/td>\n<td style=\"text-align: center;\" valign=\"top\">\n<p><span style=\"color: #000000;\">250 gr<\/span><\/p>\n<\/td>\n<\/tr>\n<\/tbody>\n<\/table>\n<div id=\"gtx-trans\" style=\"position: absolute; left: 79px; top: 37px;\">\n<div class=\"gtx-trans-icon\"><\/div>\n<\/div>","protected":false},"excerpt":{"rendered":"<p>Fikseerimisreaktiiv REWIN ACP<\/p>","protected":false},"featured_media":11728,"template":"","meta":[],"product_brand":[],"product_cat":[149,227],"product_tag":[],"class_list":{"0":"post-12651","1":"product","2":"type-product","3":"status-publish","4":"has-post-thumbnail","6":"product_cat-restauratoriams","7":"product_cat-restauravimo-priemones","9":"first","10":"outofstock","11":"product-type-simple"},"_links":{"self":[{"href":"https:\/\/tavieta.lt\/ee\/wp-json\/wp\/v2\/product\/12651","targetHints":{"allow":["GET"]}}],"collection":[{"href":"https:\/\/tavieta.lt\/ee\/wp-json\/wp\/v2\/product"}],"about":[{"href":"https:\/\/tavieta.lt\/ee\/wp-json\/wp\/v2\/types\/product"}],"wp:featuredmedia":[{"embeddable":true,"href":"https:\/\/tavieta.lt\/ee\/wp-json\/wp\/v2\/media\/11728"}],"wp:attachment":[{"href":"https:\/\/tavieta.lt\/ee\/wp-json\/wp\/v2\/media?parent=12651"}],"wp:term":[{"taxonomy":"product_brand","embeddable":true,"href":"https:\/\/tavieta.lt\/ee\/wp-json\/wp\/v2\/product_brand?post=12651"},{"taxonomy":"product_cat","embeddable":true,"href":"https:\/\/tavieta.lt\/ee\/wp-json\/wp\/v2\/product_cat?post=12651"},{"taxonomy":"product_tag","embeddable":true,"href":"https:\/\/tavieta.lt\/ee\/wp-json\/wp\/v2\/product_tag?post=12651"}],"curies":[{"name":"t\u00f6\u00f6leht","href":"https:\/\/api.w.org\/{rel}","templated":true}]}}