{"id":12652,"date":"2024-02-07T09:01:58","date_gmt":"2024-02-07T09:01:58","guid":{"rendered":"http:\/\/tavieta.lt\/produktas\/fiksavimo-reagentas-mesitol-nbs\/"},"modified":"2025-01-30T13:21:29","modified_gmt":"2025-01-30T13:21:29","slug":"fiksavimo-reagentas-mesitol-nbs","status":"publish","type":"product","link":"https:\/\/tavieta.lt\/ee\/toode\/fiksavimo-reagentas-mesitol-nbs\/","title":{"rendered":"Fikseerimisreaktiiv MESITOL NBS"},"content":{"rendered":"<p><span style=\"color: #000000;\">Anioonne reaktiiv katioonsete v\u00e4rvainete fikseerimiseks. Fikseerimisprotsess p\u00f5hineb veekindlate komplekside loomisel lahustuvatest katioonv\u00e4rvidest ja anioonsetest fikseerimisreagentidest. Suurema efekti saavutamiseks on soovitatav kasutada nii katioonseid kui anioonseid reaktiive.<\/span><\/p>\n<table style=\"width: 58.981818181818184%; height: 135px;\">\n<tbody>\n<tr>\n<td style=\"text-align: center;\">\n<p><span style=\"color: #000000;\">Materjali kood<\/span><\/p>\n<\/td>\n<td style=\"text-align: center;\">\n<p><span style=\"color: #000000;\">Kirjeldus<\/span><\/p>\n<\/td>\n<td style=\"text-align: center;\">\n<p><span style=\"color: #000000;\">Pakendamine<\/span><\/p>\n<\/td>\n<\/tr>\n<tr>\n<td style=\"text-align: center;\">\n<p><span style=\"color: #000000;\">20332<\/span><\/p>\n<\/td>\n<td style=\"text-align: center;\">\n<p><span style=\"color: #000000;\">Fikseerimisreaktiiv Mesitol NBS<\/span><\/p>\n<\/td>\n<td style=\"text-align: center;\">\n<p><span style=\"color: #000000;\">250 gr<\/span><\/p>\n<\/td>\n<\/tr>\n<\/tbody>\n<\/table>\n<div id=\"gtx-trans\" style=\"position: absolute; left: 79px; top: 37px;\">\n<div class=\"gtx-trans-icon\"><\/div>\n<\/div>","protected":false},"excerpt":{"rendered":"<p>Fikseerimisreaktiiv MESITOL NBS<\/p>","protected":false},"featured_media":11730,"template":"","meta":[],"product_brand":[],"product_cat":[149,227],"product_tag":[],"class_list":{"0":"post-12652","1":"product","2":"type-product","3":"status-publish","4":"has-post-thumbnail","6":"product_cat-restauratoriams","7":"product_cat-restauravimo-priemones","9":"first","10":"outofstock","11":"product-type-simple"},"_links":{"self":[{"href":"https:\/\/tavieta.lt\/ee\/wp-json\/wp\/v2\/product\/12652","targetHints":{"allow":["GET"]}}],"collection":[{"href":"https:\/\/tavieta.lt\/ee\/wp-json\/wp\/v2\/product"}],"about":[{"href":"https:\/\/tavieta.lt\/ee\/wp-json\/wp\/v2\/types\/product"}],"wp:featuredmedia":[{"embeddable":true,"href":"https:\/\/tavieta.lt\/ee\/wp-json\/wp\/v2\/media\/11730"}],"wp:attachment":[{"href":"https:\/\/tavieta.lt\/ee\/wp-json\/wp\/v2\/media?parent=12652"}],"wp:term":[{"taxonomy":"product_brand","embeddable":true,"href":"https:\/\/tavieta.lt\/ee\/wp-json\/wp\/v2\/product_brand?post=12652"},{"taxonomy":"product_cat","embeddable":true,"href":"https:\/\/tavieta.lt\/ee\/wp-json\/wp\/v2\/product_cat?post=12652"},{"taxonomy":"product_tag","embeddable":true,"href":"https:\/\/tavieta.lt\/ee\/wp-json\/wp\/v2\/product_tag?post=12652"}],"curies":[{"name":"t\u00f6\u00f6leht","href":"https:\/\/api.w.org\/{rel}","templated":true}]}}