{"id":12654,"date":"2024-02-07T09:01:58","date_gmt":"2024-02-07T09:01:58","guid":{"rendered":"http:\/\/tavieta.lt\/produktas\/paraloid-b67\/"},"modified":"2024-02-07T09:02:00","modified_gmt":"2024-02-07T09:02:00","slug":"paraloid-b67","status":"publish","type":"product","link":"https:\/\/tavieta.lt\/ee\/toode\/paraloid-b67\/","title":{"rendered":"Paraloid B67"},"content":{"rendered":"<p>Hard Grade Paraloid B67 akr\u00fc\u00fclvaik on h\u00fcdrofoobne pol\u00fcmeer, mis tagab suurep\u00e4rase veekindluse.  Samuti on see v\u00e4ga hea pigmendi dispergeerija. Paraloid B 67 akr\u00fc\u00fclvaik sobib h\u00e4sti keskmiste ja pikkade \u00f5lialk\u00fc\u00fcdide, kuivatus\u00f5lide ja \u00f5lilakkidega. Nende materjalide kasutamisel pinnakatteid muudetakse, need muutuvad k\u00f5vemaks, kuivavad kiiremini, v\u00e4rvid ja l\u00e4ige s\u00e4ilivad paremini. P\u00fcsivus- ja puhastusomadused on paranenud.<\/p>\n<table style=\"width: 64.83828382838284%; height: 192px;\">\n<tbody>\n<tr>\n<td style=\"text-align: center;\">\n<p><span style=\"color: #000000;\">Materjali kood<\/span><\/p>\n<\/td>\n<td style=\"text-align: center;\">\n<p><span style=\"color: #000000;\">Kirjeldus<\/span><\/p>\n<\/td>\n<td style=\"text-align: center;\">\n<p><span style=\"color: #000000;\">Pakendamine<\/span><\/p>\n<\/td>\n<\/tr>\n<tr>\n<td style=\"text-align: center;\" rowspan=\"2\">\n<p><span style=\"color: #000000;\">106881<\/span><\/p>\n<\/td>\n<td style=\"text-align: center;\" rowspan=\"2\">\n<p><span style=\"color: #000000;\">Paraloid B67<\/span><\/p>\n<\/td>\n<td style=\"text-align: center;\">\n<p><span style=\"color: #000000;\">250 gr<\/span><\/p>\n<\/td>\n<\/tr>\n<tr>\n<td style=\"text-align: center;\">\n<p><span style=\"color: #000000;\">1000 gr<\/span><\/p>\n<\/td>\n<\/tr>\n<\/tbody>\n<\/table>\n<div id=\"gtx-trans\" style=\"position: absolute; left: 79px; top: 37px;\">\n<div class=\"gtx-trans-icon\"><\/div>\n<\/div>","protected":false},"excerpt":{"rendered":"<p>Paraloid B67<\/p>","protected":false},"featured_media":11734,"template":"","meta":[],"product_brand":[],"product_cat":[149],"product_tag":[],"class_list":{"0":"post-12654","1":"product","2":"type-product","3":"status-publish","4":"has-post-thumbnail","6":"product_cat-restauratoriams","8":"first","9":"outofstock","10":"product-type-simple"},"_links":{"self":[{"href":"https:\/\/tavieta.lt\/ee\/wp-json\/wp\/v2\/product\/12654","targetHints":{"allow":["GET"]}}],"collection":[{"href":"https:\/\/tavieta.lt\/ee\/wp-json\/wp\/v2\/product"}],"about":[{"href":"https:\/\/tavieta.lt\/ee\/wp-json\/wp\/v2\/types\/product"}],"wp:featuredmedia":[{"embeddable":true,"href":"https:\/\/tavieta.lt\/ee\/wp-json\/wp\/v2\/media\/11734"}],"wp:attachment":[{"href":"https:\/\/tavieta.lt\/ee\/wp-json\/wp\/v2\/media?parent=12654"}],"wp:term":[{"taxonomy":"product_brand","embeddable":true,"href":"https:\/\/tavieta.lt\/ee\/wp-json\/wp\/v2\/product_brand?post=12654"},{"taxonomy":"product_cat","embeddable":true,"href":"https:\/\/tavieta.lt\/ee\/wp-json\/wp\/v2\/product_cat?post=12654"},{"taxonomy":"product_tag","embeddable":true,"href":"https:\/\/tavieta.lt\/ee\/wp-json\/wp\/v2\/product_tag?post=12654"}],"curies":[{"name":"t\u00f6\u00f6leht","href":"https:\/\/api.w.org\/{rel}","templated":true}]}}