{"id":12655,"date":"2024-02-07T09:01:58","date_gmt":"2024-02-07T09:01:58","guid":{"rendered":"http:\/\/tavieta.lt\/produktas\/paraloid-b72-derva\/"},"modified":"2025-01-31T13:17:52","modified_gmt":"2025-01-31T13:17:52","slug":"paraloid-b72-derva","status":"publish","type":"product","link":"https:\/\/tavieta.lt\/ee\/toode\/paraloid-b72-derva\/","title":{"rendered":"Paraloidne B72 vaik"},"content":{"rendered":"<p><span style=\"color: #000000;\">Paraloid B72 vaik \u2013 et\u00fc\u00fclmetakr\u00fclaadi kopol\u00fcmeer. Suurep\u00e4rase painduvusega universaalsed vaigud. Kasutatakse l\u00e4bipaistvates kaitsvates metallkatetes, kangakatetes ja aerosoolviimistlustes. Suurep\u00e4rane nagu poleer. Ei muutu kollaseks. Termoplast. Tolueenis lahustatuna saab seda kasutada kattekihina vees lahustuvate v\u00e4rvainete fikseerimiseks. Seda saab kasutada ka lahustina v\u00e4rvimisel ning freskode ja puuskulptuuride pindade tugevdamiseks. Lahustub tolueenis, ks\u00fcleenis, metanoolis. 100% graanulid.<\/span><\/p>\n<table style=\"width: 45.6429%; height: 173px;\">\n<tbody>\n<tr style=\"height: 57px;\">\n<td style=\"height: 57px;\">\n<p style=\"text-align: center;\"><span style=\"color: #000000;\">Materjali kood<\/span><\/p>\n<\/td>\n<td style=\"text-align: center; height: 57px;\"><span style=\"color: #000000;\">Kirjeldus<\/span><\/td>\n<td style=\"text-align: center; height: 57px;\"><span style=\"color: #000000;\">Pakendamine<\/span><\/td>\n<\/tr>\n<tr style=\"height: 59px;\">\n<td style=\"text-align: center; height: 116px;\" rowspan=\"2\">\n<p style=\"text-align: center;\"><span style=\"color: #000000;\">10688<\/span><\/p>\n<\/td>\n<td style=\"text-align: center; height: 116px;\" rowspan=\"2\"><span style=\"color: #000000;\"><b>Paraloid B72<\/b><\/span><\/td>\n<td style=\"text-align: center; height: 59px;\"><span style=\"color: #000000;\">250 gr<\/span><\/td>\n<\/tr>\n<tr style=\"height: 57px;\">\n<td style=\"text-align: center; height: 57px;\"><span style=\"color: #000000;\">1000 gr<\/span><\/td>\n<\/tr>\n<\/tbody>\n<\/table>","protected":false},"excerpt":{"rendered":"<p>Paraloid B72 vaik \u2013 et\u00fc\u00fclmetakr\u00fclaadi kopol\u00fcmeer. Suurep\u00e4rase painduvusega universaalsed vaigud. Kasutatakse l\u00e4bipaistvates kaitsvates metallkatetes, kangakatetes ja aerosoolviimistlustes. Suurep\u00e4rane nagu poleer. Ei muutu kollaseks. Termoplast. Tolueenis lahustatuna saab seda kasutada kattekihina vees lahustuvate v\u00e4rvainete fikseerimiseks. Seda saab kasutada ka lahustina v\u00e4rvimisel ning freskode ja puuskulptuuride pindade tugevdamiseks. Lahustub tolueenis, ks\u00fcleenis, metanoolis. 100% graanulid.<\/p>","protected":false},"featured_media":11736,"template":"","meta":[],"product_brand":[],"product_cat":[218,149],"product_tag":[],"class_list":{"0":"post-12655","1":"product","2":"type-product","3":"status-publish","4":"has-post-thumbnail","6":"product_cat-populiariausi-produktai","7":"product_cat-restauratoriams","9":"first","10":"outofstock","11":"product-type-simple"},"_links":{"self":[{"href":"https:\/\/tavieta.lt\/ee\/wp-json\/wp\/v2\/product\/12655","targetHints":{"allow":["GET"]}}],"collection":[{"href":"https:\/\/tavieta.lt\/ee\/wp-json\/wp\/v2\/product"}],"about":[{"href":"https:\/\/tavieta.lt\/ee\/wp-json\/wp\/v2\/types\/product"}],"wp:featuredmedia":[{"embeddable":true,"href":"https:\/\/tavieta.lt\/ee\/wp-json\/wp\/v2\/media\/11736"}],"wp:attachment":[{"href":"https:\/\/tavieta.lt\/ee\/wp-json\/wp\/v2\/media?parent=12655"}],"wp:term":[{"taxonomy":"product_brand","embeddable":true,"href":"https:\/\/tavieta.lt\/ee\/wp-json\/wp\/v2\/product_brand?post=12655"},{"taxonomy":"product_cat","embeddable":true,"href":"https:\/\/tavieta.lt\/ee\/wp-json\/wp\/v2\/product_cat?post=12655"},{"taxonomy":"product_tag","embeddable":true,"href":"https:\/\/tavieta.lt\/ee\/wp-json\/wp\/v2\/product_tag?post=12655"}],"curies":[{"name":"t\u00f6\u00f6leht","href":"https:\/\/api.w.org\/{rel}","templated":true}]}}