{"id":12657,"date":"2024-02-07T09:02:06","date_gmt":"2024-02-07T09:02:06","guid":{"rendered":"http:\/\/tavieta.lt\/produktas\/gsk-konservavimo-vonia\/"},"modified":"2024-02-07T09:02:07","modified_gmt":"2024-02-07T09:02:07","slug":"gsk-konservavimo-vonia","status":"publish","type":"product","link":"https:\/\/tavieta.lt\/ee\/toode\/gsk-konservavimo-vonia\/","title":{"rendered":"GSK konservivann"},"content":{"rendered":"<p><span style=\"color: #000000;\">Ar\u00fc\u00fclsulfoonhapetest ja h\u00fcdroks\u00fcar\u00fc\u00fclsulfoonist saadud met\u00fcleen\u00fchendi kondensatsiooniprodukti, l\u00e4mmastiku kondensatsiooniproduktist saadud vesilahuse, samuti magneesiumh\u00fcdroksiidi ja met\u00fc\u00fclh\u00fcdroks\u00fcet\u00fc\u00fcltselluloosi segu.<\/span><\/p>\n<p><span style=\"color: #000000;\"> \u00a0<\/span><\/p>\n<table style=\"width: 88.6117168459506%; height: 256px;\">\n<tbody>\n<tr>\n<td style=\"text-align: center; width: 30.502392344497608%;\">\n<p><span style=\"color: #000000;\">Materjali kood<\/span><\/p>\n<\/td>\n<td style=\"text-align: center; width: 37.94152046783626%;\">\n<p><span style=\"color: #000000;\">Kirjeldus<\/span><\/p>\n<\/td>\n<td style=\"text-align: center; width: 37.89580010632642%;\">\n<p><span style=\"color: #000000;\">Pakendamine<\/span><\/p>\n<\/td>\n<\/tr>\n<tr>\n<td style=\"text-align: center; width: 30.502392344497608%;\" rowspan=\"3\">\n<p><span style=\"color: #000000;\">50098<\/span><\/p>\n<\/td>\n<td style=\"text-align: center; width: 37.94152046783626%;\" rowspan=\"3\">\n<p><span style=\"color: #000000;\">BCP s\u00e4ilitusvedelik<\/span><\/p>\n<\/td>\n<td style=\"text-align: center; width: 37.89580010632642%;\">\n<p><span style=\"color: #000000;\"> \u00a05 l pudel<\/span><\/p>\n<\/td>\n<\/tr>\n<tr>\n<td style=\"text-align: center; width: 37.89580010632642%;\">\n<p><span style=\"color: #000000;\"> \u00a050 l pudel<\/span><\/p>\n<\/td>\n<\/tr>\n<tr>\n<td style=\"text-align: center; width: 37.89580010632642%;\">\n<p><span style=\"color: #000000;\">100 l pudel<\/span><\/p>\n<\/td>\n<\/tr>\n<\/tbody>\n<\/table>\n<div id=\"gtx-trans\" style=\"position: absolute; left: 79px; top: 37px;\">\n<div class=\"gtx-trans-icon\"><\/div>\n<\/div>","protected":false},"excerpt":{"rendered":"<p>GSK konservivann<\/p>","protected":false},"featured_media":11740,"template":"","meta":[],"product_brand":[],"product_cat":[149,152],"product_tag":[],"class_list":{"0":"post-12657","1":"product","2":"type-product","3":"status-publish","4":"has-post-thumbnail","6":"product_cat-restauratoriams","7":"product_cat-konservavimas","9":"first","10":"outofstock","11":"product-type-simple"},"_links":{"self":[{"href":"https:\/\/tavieta.lt\/ee\/wp-json\/wp\/v2\/product\/12657","targetHints":{"allow":["GET"]}}],"collection":[{"href":"https:\/\/tavieta.lt\/ee\/wp-json\/wp\/v2\/product"}],"about":[{"href":"https:\/\/tavieta.lt\/ee\/wp-json\/wp\/v2\/types\/product"}],"wp:featuredmedia":[{"embeddable":true,"href":"https:\/\/tavieta.lt\/ee\/wp-json\/wp\/v2\/media\/11740"}],"wp:attachment":[{"href":"https:\/\/tavieta.lt\/ee\/wp-json\/wp\/v2\/media?parent=12657"}],"wp:term":[{"taxonomy":"product_brand","embeddable":true,"href":"https:\/\/tavieta.lt\/ee\/wp-json\/wp\/v2\/product_brand?post=12657"},{"taxonomy":"product_cat","embeddable":true,"href":"https:\/\/tavieta.lt\/ee\/wp-json\/wp\/v2\/product_cat?post=12657"},{"taxonomy":"product_tag","embeddable":true,"href":"https:\/\/tavieta.lt\/ee\/wp-json\/wp\/v2\/product_tag?post=12657"}],"curies":[{"name":"t\u00f6\u00f6leht","href":"https:\/\/api.w.org\/{rel}","templated":true}]}}