{"id":12658,"date":"2024-02-07T09:02:06","date_gmt":"2024-02-07T09:02:06","guid":{"rendered":"http:\/\/tavieta.lt\/produktas\/specialus-skystis-laikrasciu-rugstingumui-mazinti\/"},"modified":"2024-02-07T09:02:07","modified_gmt":"2024-02-07T09:02:07","slug":"specialus-skystis-laikrasciu-rugstingumui-mazinti","status":"publish","type":"product","link":"https:\/\/tavieta.lt\/ee\/toode\/specialus-skystis-laikrasciu-rugstingumui-mazinti\/","title":{"rendered":"Spetsiaalne vedelik ajalehtede happesuse v\u00e4hendamiseks"},"content":{"rendered":"<p><span style=\"color: #000000;\"> Spetsiaalne vedelik ajalehtede happesuse v\u00e4hendamiseks<\/span><\/p>\n<p><span style=\"color: #000000;\">Alates 19. sajandi keskpaigast hakati ajalehti tr\u00fckima odavale jahvatatud puitpaberile. Selline paber sobis h\u00e4sti masstootmiseks. See on kerge, kergesti kokkuvolditav, imendub h\u00e4sti ja sobib tr\u00fckkimiseks.<\/span><\/p>\n<p><span style=\"color: #000000;\">Puudus: l\u00fchiajaline, l\u00fchikese kiudpuidu suure osakaalu t\u00f5ttu on see v\u00e4ga ebastabiilne ja muutub kiiresti happeliseks keskkonnaks, mis kiirendab lagunemisprotsessi. Eba\u00f5ige ladustamise ja sagedase kasutamise t\u00f5ttu v\u00f5ivad ajalehed laguneda alles 50 aasta p\u00e4rast. Selle tulemusena l\u00e4hevad v\u00e4\u00e4rtuslikud uusaja ajaloo dokumendid p\u00f6\u00f6rdumatult kaotsi.<\/span><\/p>\n<table style=\"height: 145px; width: 92.29596581036022%; border-style: solid; border-color: #000000;\" cellspacing=\"0\" cellpadding=\"0\">\n<tbody>\n<tr style=\"height: 56px;\">\n<td style=\"height: 56px; border-style: solid; border-color: #000000; text-align: center;\" valign=\"top\">\n<p><span style=\"color: #000000;\">Materjali kood<\/span><\/p>\n<\/td>\n<td style=\"height: 56px; border-style: solid; border-color: #000000; text-align: center;\" valign=\"top\">\n<p><span style=\"color: #000000;\">Kirjeldus<\/span><\/p>\n<\/td>\n<td style=\"height: 56px; border-style: solid; border-color: #000000; text-align: center;\" valign=\"top\">\n<p><span style=\"color: #000000;\">Pakendamine<\/span><\/p>\n<\/td>\n<\/tr>\n<tr style=\"height: 47px;\">\n<td style=\"height: 103px; border-style: solid; border-color: #000000; text-align: center;\" rowspan=\"2\" valign=\"top\">\n<p><span style=\"color: #000000;\">50099<\/span><\/p>\n<\/td>\n<td style=\"height: 103px; border-style: solid; border-color: #000000; text-align: center;\" rowspan=\"2\" valign=\"top\">\n<p><span style=\"color: #000000;\">Ajaleht CP<\/span><\/p>\n<\/td>\n<td style=\"height: 47px; border-style: solid; border-color: #000000; text-align: center;\" valign=\"top\">\n<p><span style=\"color: #000000;\">50 l t\u00fcnn<\/span><\/p>\n<\/td>\n<\/tr>\n<tr style=\"height: 56px;\">\n<td style=\"height: 56px; border-style: solid; border-color: #000000; text-align: center;\" valign=\"top\">\n<p><span style=\"color: #000000;\">100 l t\u00fcnn<\/span><\/p>\n<\/td>\n<\/tr>\n<\/tbody>\n<\/table>\n<div id=\"gtx-trans\" style=\"position: absolute; left: 79px; top: 37px;\">\n<div class=\"gtx-trans-icon\"><\/div>\n<\/div>","protected":false},"excerpt":{"rendered":"<p>Spetsiaalne vedelik ajalehtede happesuse v\u00e4hendamiseks<\/p>","protected":false},"featured_media":11742,"template":"","meta":[],"product_brand":[],"product_cat":[149],"product_tag":[],"class_list":{"0":"post-12658","1":"product","2":"type-product","3":"status-publish","4":"has-post-thumbnail","6":"product_cat-restauratoriams","8":"first","9":"outofstock","10":"product-type-simple"},"_links":{"self":[{"href":"https:\/\/tavieta.lt\/ee\/wp-json\/wp\/v2\/product\/12658","targetHints":{"allow":["GET"]}}],"collection":[{"href":"https:\/\/tavieta.lt\/ee\/wp-json\/wp\/v2\/product"}],"about":[{"href":"https:\/\/tavieta.lt\/ee\/wp-json\/wp\/v2\/types\/product"}],"wp:featuredmedia":[{"embeddable":true,"href":"https:\/\/tavieta.lt\/ee\/wp-json\/wp\/v2\/media\/11742"}],"wp:attachment":[{"href":"https:\/\/tavieta.lt\/ee\/wp-json\/wp\/v2\/media?parent=12658"}],"wp:term":[{"taxonomy":"product_brand","embeddable":true,"href":"https:\/\/tavieta.lt\/ee\/wp-json\/wp\/v2\/product_brand?post=12658"},{"taxonomy":"product_cat","embeddable":true,"href":"https:\/\/tavieta.lt\/ee\/wp-json\/wp\/v2\/product_cat?post=12658"},{"taxonomy":"product_tag","embeddable":true,"href":"https:\/\/tavieta.lt\/ee\/wp-json\/wp\/v2\/product_tag?post=12658"}],"curies":[{"name":"t\u00f6\u00f6leht","href":"https:\/\/api.w.org\/{rel}","templated":true}]}}