{"id":12659,"date":"2024-02-07T09:02:06","date_gmt":"2024-02-07T09:02:06","guid":{"rendered":"http:\/\/tavieta.lt\/produktas\/bookkeeper-purskalas\/"},"modified":"2024-02-07T09:02:08","modified_gmt":"2024-02-07T09:02:08","slug":"bookkeeper-purskalas","status":"publish","type":"product","link":"https:\/\/tavieta.lt\/ee\/toode\/bookkeeper-purskalas\/","title":{"rendered":"Raamatupidaja pihusti"},"content":{"rendered":"<p><span style=\"color: #000000;\">Raamatupidamine on hapetustamise protsess, mille k\u00e4igus happed neutraliseeritakse ohutult. Bookkeeper sprei t\u00f6\u00f6tleb ohutult k\u00e4sikirju, dokumente, v\u00e4ljal\u00f5ikeid, kaarte, plakateid ja muid kaasaegsetes raamatukogudes ja arhiivides leiduvaid pabermaterjale Bookkeeperi suspensioon on l\u00f5hnatu ja kuivab minutitega, kahjustamata tinti, liimi v\u00f5i k\u00f6itematerjale. Mitte ummistuv, mittetoksiline, mitteohtlik, mittes\u00fcttiv, CFC-vaba ja t\u00e4iesti keskkonnas\u00f5bralik.<\/span><\/p>\n<p>&nbsp;<\/p>\n<table style=\"width: 69.62412993039443%; height: 215px;\">\n<tbody>\n<tr>\n<td style=\"text-align: center;\">\n<p><span style=\"color: #000000;\">Materjali kood<\/span><\/p>\n<\/td>\n<td style=\"text-align: center;\">\n<p><span style=\"color: #000000;\">Kirjeldus<\/span><\/p>\n<\/td>\n<td style=\"text-align: center;\">\n<p><span style=\"color: #000000;\">Pakendamine<\/span><\/p>\n<\/td>\n<\/tr>\n<tr>\n<td style=\"text-align: center;\" rowspan=\"3\">\n<p><span style=\"color: #000000;\">10803<\/span><\/p>\n<\/td>\n<td style=\"text-align: center;\" rowspan=\"3\">\n<p><span style=\"color: #000000;\">Raamatupidaja pihusti \u2013 t\u00e4iteaine<\/span><\/p>\n<\/td>\n<td style=\"text-align: center;\">\n<p><span style=\"color: #000000;\">150 gr<\/span><\/p>\n<\/td>\n<\/tr>\n<tr>\n<td style=\"text-align: center;\">\n<p><span style=\"color: #000000;\">900 g<\/span><\/p>\n<\/td>\n<\/tr>\n<tr>\n<td style=\"text-align: center;\">\n<p><span style=\"color: #000000;\">5670 St<\/span><\/p>\n<\/td>\n<\/tr>\n<\/tbody>\n<\/table>\n<div id=\"gtx-trans\" style=\"position: absolute; left: 79px; top: 37px;\">\n<div class=\"gtx-trans-icon\"><\/div>\n<\/div>","protected":false},"excerpt":{"rendered":"<p>Raamatupidaja pihusti<\/p>","protected":false},"featured_media":11744,"template":"","meta":[],"product_brand":[],"product_cat":[149],"product_tag":[],"class_list":{"0":"post-12659","1":"product","2":"type-product","3":"status-publish","4":"has-post-thumbnail","6":"product_cat-restauratoriams","8":"first","9":"outofstock","10":"product-type-simple"},"_links":{"self":[{"href":"https:\/\/tavieta.lt\/ee\/wp-json\/wp\/v2\/product\/12659","targetHints":{"allow":["GET"]}}],"collection":[{"href":"https:\/\/tavieta.lt\/ee\/wp-json\/wp\/v2\/product"}],"about":[{"href":"https:\/\/tavieta.lt\/ee\/wp-json\/wp\/v2\/types\/product"}],"wp:featuredmedia":[{"embeddable":true,"href":"https:\/\/tavieta.lt\/ee\/wp-json\/wp\/v2\/media\/11744"}],"wp:attachment":[{"href":"https:\/\/tavieta.lt\/ee\/wp-json\/wp\/v2\/media?parent=12659"}],"wp:term":[{"taxonomy":"product_brand","embeddable":true,"href":"https:\/\/tavieta.lt\/ee\/wp-json\/wp\/v2\/product_brand?post=12659"},{"taxonomy":"product_cat","embeddable":true,"href":"https:\/\/tavieta.lt\/ee\/wp-json\/wp\/v2\/product_cat?post=12659"},{"taxonomy":"product_tag","embeddable":true,"href":"https:\/\/tavieta.lt\/ee\/wp-json\/wp\/v2\/product_tag?post=12659"}],"curies":[{"name":"t\u00f6\u00f6leht","href":"https:\/\/api.w.org\/{rel}","templated":true}]}}