{"id":12663,"date":"2024-02-07T09:02:13","date_gmt":"2024-02-07T09:02:13","guid":{"rendered":"http:\/\/tavieta.lt\/produktas\/archibond-audinys\/"},"modified":"2024-02-07T09:02:14","modified_gmt":"2024-02-07T09:02:14","slug":"archibond-audinys","status":"publish","type":"product","link":"https:\/\/tavieta.lt\/ee\/toode\/archibond-audinys\/","title":{"rendered":"Archibond\u2122 kangas"},"content":{"rendered":"<p><span style=\"font-size: 15px; color: #000000;\"> \u00a0Soojuskomplekt paranduskangaste lamineerimiseks.. Kerge kangas, tugevam kui Crompton, kuid \u00f5hem ja l\u00e4bipaistvam kui 20%. Peamine kangas on 100% abakakiud, 9,3 \u00ce\u00bcm kangas ja see on kaetud Paraloidil p\u00f5hineva Archibond\u2122 1\/3 liimiga, mis tagab suurep\u00e4rase l\u00e4bipaistvuse, v\u00e4iksema mahu ja suurema rebenemiskindluse. \u00a0<\/span><\/p>\n<p><span style=\"font-size: 15px; color: #000000;\"> \u00a0L\u00f5ika kaks Archibond Tissue t\u00fckki dokumendist veidi suuremaks. Asetage dokument kahe kaetud k\u00fclje vahele, kasutades kinnitusrauda, kinnitage \u00f5rnalt silikoonpaberi t\u00fckiga, eraldades triikraua esiosa Archibondi kangast. Liiga pikk vajutamine p\u00f5hjustab kanga kortsumise, kuna see ei saa liikuda pressplaatide vahel.<\/span><\/p>\n<p><span style=\"font-size: 15px; color: #000000;\">Seadke Hardbed Press v\u00f5i Semi-Matic Laminator laminaator vahemikku 80 \u00baC - 90 \u00baC (176 F ja 194 F), lamineeritav dokument tuleb asetada kahe silikoonpaberi v\u00f5i PTFE kanga t\u00fcki vahele plaatide vahelisele surveplaadile. 20-30 sekundit.<\/span><\/p>\n<p><span style=\"font-size: 15px; color: #000000;\">Eemaldatud lamineeritud dokument tuleks tervikuna k\u00e4rpida 1,5 mm-ni. See veeris tagab korraliku lamineerimise ja laminaadi saab vajadusel eemaldada.<\/span><\/p>\n<table style=\"width: 68.23103448275862%; height: 91px;\" cellspacing=\"0\" cellpadding=\"0\">\n<tbody>\n<tr>\n<td valign=\"top\">\n<p><strong><span style=\"font-size: 15px; color: #000000;\">Materjali kood<\/span><\/strong><\/p>\n<\/td>\n<td valign=\"top\">\n<p><strong><span style=\"font-size: 15px; color: #000000;\">Kirjeldus<\/span><\/strong><\/p>\n<\/td>\n<td valign=\"top\">\n<p><strong><span style=\"font-size: 15px; color: #000000;\">Pakendamine<\/span><\/strong><\/p>\n<\/td>\n<\/tr>\n<tr>\n<td valign=\"top\">\n<p><span style=\"font-size: 15px; color: #000000;\">ARCH001 ARCH002<\/span><\/p>\n<\/td>\n<td valign=\"top\">\n<p><span style=\"font-size: 15px; color: #000000;\">Archibond kangarull 95 cm x 25 m<\/span><\/p>\n<p><span style=\"font-size: 15px; color: #000000;\"> \u00a0Archibond kangarull 95 cm x 100 m<\/span><\/p>\n<\/td>\n<td valign=\"top\">\n<p><span style=\"font-size: 15px; color: #000000;\">1 rull<\/span><\/p>\n<p><span style=\"font-size: 15px; color: #000000;\">1 rull<\/span><\/p>\n<\/td>\n<\/tr>\n<\/tbody>\n<\/table>\n<div id=\"gtx-trans\" style=\"position: absolute; left: 79px; top: 37px;\">\n<div class=\"gtx-trans-icon\"><\/div>\n<\/div>","protected":false},"excerpt":{"rendered":"<p>Archibond\u2122 kangas<\/p>","protected":false},"featured_media":11752,"template":"","meta":[],"product_brand":[],"product_cat":[149],"product_tag":[],"class_list":{"0":"post-12663","1":"product","2":"type-product","3":"status-publish","4":"has-post-thumbnail","6":"product_cat-restauratoriams","8":"first","9":"outofstock","10":"product-type-simple"},"_links":{"self":[{"href":"https:\/\/tavieta.lt\/ee\/wp-json\/wp\/v2\/product\/12663","targetHints":{"allow":["GET"]}}],"collection":[{"href":"https:\/\/tavieta.lt\/ee\/wp-json\/wp\/v2\/product"}],"about":[{"href":"https:\/\/tavieta.lt\/ee\/wp-json\/wp\/v2\/types\/product"}],"wp:featuredmedia":[{"embeddable":true,"href":"https:\/\/tavieta.lt\/ee\/wp-json\/wp\/v2\/media\/11752"}],"wp:attachment":[{"href":"https:\/\/tavieta.lt\/ee\/wp-json\/wp\/v2\/media?parent=12663"}],"wp:term":[{"taxonomy":"product_brand","embeddable":true,"href":"https:\/\/tavieta.lt\/ee\/wp-json\/wp\/v2\/product_brand?post=12663"},{"taxonomy":"product_cat","embeddable":true,"href":"https:\/\/tavieta.lt\/ee\/wp-json\/wp\/v2\/product_cat?post=12663"},{"taxonomy":"product_tag","embeddable":true,"href":"https:\/\/tavieta.lt\/ee\/wp-json\/wp\/v2\/product_tag?post=12663"}],"curies":[{"name":"t\u00f6\u00f6leht","href":"https:\/\/api.w.org\/{rel}","templated":true}]}}