{"id":12664,"date":"2024-02-07T09:02:13","date_gmt":"2024-02-07T09:02:13","guid":{"rendered":"http:\/\/tavieta.lt\/produktas\/nerugstinis-audinys\/"},"modified":"2024-02-07T09:02:15","modified_gmt":"2024-02-07T09:02:15","slug":"nerugstinis-audinys","status":"publish","type":"product","link":"https:\/\/tavieta.lt\/ee\/toode\/nerugstinis-audinys\/","title":{"rendered":"Happevaba kangas"},"content":{"rendered":"<p><span style=\"color: #000000;\"> \u00a0 Valge siidist \u00fcmbriskangas, keritud poolile, tugevdatud loodusliku kaltsiumkarbonaadiga (GCC), mille pH on vahemikus 8,0\u20139,5, happevaba ja valmistatud ilma optilisi valgendeid kasutamata. Sobib kasutamiseks \u00fcmbrismaterjalina fotode, akvarellmaalide, graafika ja tekstiili arhiveerimisel ning polsterdusena \u00f5rnade esemete hoiustamisel ja pakkimisel. Siidipaberi jaoks on l\u00e4bi viidud ISO 18916 kohane fotograafilise aktiivsuse test (PAT).<\/span><\/p>\n<table style=\"width: 62.88811188811189%; height: 107px;\" cellspacing=\"0\" cellpadding=\"0\">\n<tbody>\n<tr>\n<td style=\"text-align: center;\" valign=\"top\">\n<p><strong><span style=\"color: #000000;\">Materjali kood<\/span><\/strong><\/p>\n<\/td>\n<td style=\"text-align: center;\" valign=\"top\">\n<p><strong><span style=\"color: #000000;\">Kirjeldus<\/span><\/strong><\/p>\n<\/td>\n<td style=\"text-align: center;\" valign=\"top\">\n<p><strong><span style=\"color: #000000;\">Pakendamine<\/span><\/strong><\/p>\n<\/td>\n<\/tr>\n<tr>\n<td style=\"text-align: center;\" rowspan=\"2\" valign=\"top\">\n<p><span style=\"color: #000000;\">KL01031<\/span><\/p>\n<\/td>\n<td style=\"text-align: center;\" rowspan=\"2\" valign=\"top\">\n<p><span style=\"color: #000000;\">Happevaba kangas, rull 100 cm<\/span><\/p>\n<\/td>\n<td style=\"text-align: center;\" valign=\"top\">\n<p><span style=\"color: #000000;\">1 pm<\/span><\/p>\n<\/td>\n<\/tr>\n<tr>\n<td style=\"text-align: center;\" valign=\"top\">\n<p><span style=\"color: #000000;\">rull 500 m<\/span><\/p>\n<\/td>\n<\/tr>\n<\/tbody>\n<\/table>\n<div id=\"gtx-trans\" style=\"position: absolute; left: 79px; top: 37px;\">\n<div class=\"gtx-trans-icon\"><\/div>\n<\/div>","protected":false},"excerpt":{"rendered":"<p>Happevaba kangas<\/p>","protected":false},"featured_media":11754,"template":"","meta":[],"product_brand":[],"product_cat":[149,152],"product_tag":[],"class_list":{"0":"post-12664","1":"product","2":"type-product","3":"status-publish","4":"has-post-thumbnail","6":"product_cat-restauratoriams","7":"product_cat-konservavimas","9":"first","10":"outofstock","11":"product-type-simple"},"_links":{"self":[{"href":"https:\/\/tavieta.lt\/ee\/wp-json\/wp\/v2\/product\/12664","targetHints":{"allow":["GET"]}}],"collection":[{"href":"https:\/\/tavieta.lt\/ee\/wp-json\/wp\/v2\/product"}],"about":[{"href":"https:\/\/tavieta.lt\/ee\/wp-json\/wp\/v2\/types\/product"}],"wp:featuredmedia":[{"embeddable":true,"href":"https:\/\/tavieta.lt\/ee\/wp-json\/wp\/v2\/media\/11754"}],"wp:attachment":[{"href":"https:\/\/tavieta.lt\/ee\/wp-json\/wp\/v2\/media?parent=12664"}],"wp:term":[{"taxonomy":"product_brand","embeddable":true,"href":"https:\/\/tavieta.lt\/ee\/wp-json\/wp\/v2\/product_brand?post=12664"},{"taxonomy":"product_cat","embeddable":true,"href":"https:\/\/tavieta.lt\/ee\/wp-json\/wp\/v2\/product_cat?post=12664"},{"taxonomy":"product_tag","embeddable":true,"href":"https:\/\/tavieta.lt\/ee\/wp-json\/wp\/v2\/product_tag?post=12664"}],"curies":[{"name":"t\u00f6\u00f6leht","href":"https:\/\/api.w.org\/{rel}","templated":true}]}}