{"id":12665,"date":"2024-02-07T09:02:13","date_gmt":"2024-02-07T09:02:13","guid":{"rendered":"http:\/\/tavieta.lt\/produktas\/neutralaus-ph-audinys\/"},"modified":"2024-02-07T09:02:15","modified_gmt":"2024-02-07T09:02:15","slug":"neutralaus-ph-audinys","status":"publish","type":"product","link":"https:\/\/tavieta.lt\/ee\/toode\/neutralaus-ph-audinys\/","title":{"rendered":"Neutraalse pH-ga kangas"},"content":{"rendered":"<p><span style=\"color: #000000; font-size: 15px;\"> \u00a0Siidkangas ilma leeliselise tugevduseta, poolile keritud., masinglasuuritud, \u00fchepoolne, pH 7, happevaba ja valmistatud ilma optilisi valgendeid kasutamata. Sobib \u00fcmbrispaberiks fotode, maalide, graafika ja tekstiilmaterjalide arhiveerimiseks ning \u00f5rnade esemete polsterdamiseks. Siidipaberile on tehtud fotograafilise aktiivsuse testi (PAT) vastavalt standardile ISO 18916.<\/span><\/p>\n<table style=\"width: 75.4499110837622%;\" cellspacing=\"0\" cellpadding=\"0\">\n<tbody>\n<tr>\n<td style=\"text-align: center; width: 24.840764331210192%;\" valign=\"top\">\n<p><strong><span style=\"color: #000000; font-size: 15px;\">Materjali kood<\/span><\/strong><\/p>\n<\/td>\n<td style=\"text-align: center; width: 57.64331210191082%;\" valign=\"top\">\n<p><strong><span style=\"color: #000000; font-size: 15px;\">Kirjeldus<\/span><\/strong><\/p>\n<\/td>\n<td style=\"text-align: center; width: 61.509697273312824%;\" valign=\"top\">\n<p><strong><span style=\"color: #000000; font-size: 15px;\">Pakendamine<\/span><\/strong><\/p>\n<\/td>\n<\/tr>\n<tr>\n<td style=\"text-align: center; width: 24.840764331210192%;\" rowspan=\"2\" valign=\"top\">\n<p><span style=\"color: #000000; font-size: 15px;\">KL010182<\/span><\/p>\n<\/td>\n<td style=\"text-align: center; width: 57.64331210191082%;\" rowspan=\"2\" valign=\"top\">\n<p><span style=\"color: #000000; font-size: 15px;\">Neutraalne pH neutraalne kangas, rull 130 cm<\/span><\/p>\n<\/td>\n<td style=\"text-align: center; width: 61.509697273312824%;\" valign=\"top\">\n<p><span style=\"color: #000000; font-size: 15px;\">1 pm<\/span><\/p>\n<\/td>\n<\/tr>\n<tr>\n<td style=\"text-align: center; width: 61.509697273312824%;\" valign=\"top\">\n<p><span style=\"color: #000000; font-size: 15px;\">rull 500 m<\/span><\/p>\n<\/td>\n<\/tr>\n<\/tbody>\n<\/table>\n<div id=\"gtx-trans\" style=\"position: absolute; left: 79px; top: 37px;\">\n<div class=\"gtx-trans-icon\"><\/div>\n<\/div>","protected":false},"excerpt":{"rendered":"<p>Neutraalse pH-ga kangas<\/p>","protected":false},"featured_media":11562,"template":"","meta":[],"product_brand":[],"product_cat":[149,152],"product_tag":[],"class_list":{"0":"post-12665","1":"product","2":"type-product","3":"status-publish","4":"has-post-thumbnail","6":"product_cat-restauratoriams","7":"product_cat-konservavimas","9":"first","10":"outofstock","11":"product-type-simple"},"_links":{"self":[{"href":"https:\/\/tavieta.lt\/ee\/wp-json\/wp\/v2\/product\/12665","targetHints":{"allow":["GET"]}}],"collection":[{"href":"https:\/\/tavieta.lt\/ee\/wp-json\/wp\/v2\/product"}],"about":[{"href":"https:\/\/tavieta.lt\/ee\/wp-json\/wp\/v2\/types\/product"}],"wp:featuredmedia":[{"embeddable":true,"href":"https:\/\/tavieta.lt\/ee\/wp-json\/wp\/v2\/media\/11562"}],"wp:attachment":[{"href":"https:\/\/tavieta.lt\/ee\/wp-json\/wp\/v2\/media?parent=12665"}],"wp:term":[{"taxonomy":"product_brand","embeddable":true,"href":"https:\/\/tavieta.lt\/ee\/wp-json\/wp\/v2\/product_brand?post=12665"},{"taxonomy":"product_cat","embeddable":true,"href":"https:\/\/tavieta.lt\/ee\/wp-json\/wp\/v2\/product_cat?post=12665"},{"taxonomy":"product_tag","embeddable":true,"href":"https:\/\/tavieta.lt\/ee\/wp-json\/wp\/v2\/product_tag?post=12665"}],"curies":[{"name":"t\u00f6\u00f6leht","href":"https:\/\/api.w.org\/{rel}","templated":true}]}}