{"id":12673,"date":"2024-02-07T09:02:27","date_gmt":"2024-02-07T09:02:27","guid":{"rendered":"http:\/\/tavieta.lt\/produktas\/archyvine-sarmine-boxboard\/"},"modified":"2025-01-30T13:19:31","modified_gmt":"2025-01-30T13:19:31","slug":"archyvine-sarmine-boxboard","status":"publish","type":"product","link":"https:\/\/tavieta.lt\/ee\/toode\/archyvine-sarmine-boxboard\/","title":{"rendered":"Arhiiv Alkaline BoxBoard"},"content":{"rendered":"<p><span style=\"font-size: 16px; color: #000000;\">Arhiivitahvel, hallikassinine\/naturaalne valge pehme s\u00fcdamikuga ja spetsiaalselt t\u00f6\u00f6deldud pealispinnaga, mustusekindel, h\u00f5\u00f5rdumiskindel. Tasakaalustatud pikisuunalised terasuunad ja suur hulk pikki kiude tagavad suurep\u00e4rased soone ja augu omadused. Ideaalne pappmaterjalina paksude arhiivikaustade ja -kastide valmistamiseks.<\/span><\/p>\n<p><span style=\"font-size: 16px; color: #000000;\">Tabel ei sisalda OBA-d, see on l\u00e4binud fotograafilise aktiivsuse testi (PAT) vastavalt ISO 18916-le.<\/span><\/p>\n<p>&nbsp;<\/p>\n<table style=\"width: 89.39929328621908%; height: 160px;\" cellspacing=\"0\" cellpadding=\"0\">\n<tbody>\n<tr>\n<td style=\"text-align: center;\" valign=\"top\">\n<p><strong>Materjali kood<\/strong><\/p>\n<\/td>\n<td style=\"text-align: center;\" valign=\"top\">\n<p><strong>Kirjeldus<\/strong><\/p>\n<\/td>\n<td style=\"text-align: center;\" valign=\"top\">\n<p><strong>Paksus<\/strong><\/p>\n<\/td>\n<td style=\"text-align: center;\" valign=\"top\">\n<p><strong>Pakendamine<\/strong><\/p>\n<\/td>\n<\/tr>\n<tr>\n<td style=\"text-align: center;\" valign=\"top\">\n<p>KL04799065<\/p>\n<p>KL04799090<\/p>\n<p>KL04799130<\/p>\n<p>KL04799150<\/p>\n<p>KL04799190<\/p>\n<\/td>\n<td style=\"text-align: center;\" valign=\"top\">\n<p>Lepenka Box Board, 5 50 g\/m 2<\/p>\n<p>Lepenka Box Board, 670 g\/m2<\/p>\n<p>Lepenka Box Board, 955 g\/m2<\/p>\n<p>Lepenka Box Board, 1070 g\/m 2<\/p>\n<p>Lepenka Box Board, 1310 g\/m2<\/p>\n<\/td>\n<td style=\"text-align: center;\" valign=\"top\">\n<p>0,7 mm<\/p>\n<p>0,9 mm<\/p>\n<p>1,3 mm<\/p>\n<p>1,5 mm<\/p>\n<p>1,9 mm<\/p>\n<\/td>\n<td style=\"text-align: center;\" valign=\"top\">\n<p>5 tk.<\/p>\n<p>5 tk.<\/p>\n<p>5 tk.<\/p>\n<p>5 tk.<\/p>\n<p>5 tk.<\/p>\n<\/td>\n<\/tr>\n<\/tbody>\n<\/table>\n<div id=\"gtx-trans\" style=\"position: absolute; left: 79px; top: 37px;\">\n<div class=\"gtx-trans-icon\"><\/div>\n<\/div>","protected":false},"excerpt":{"rendered":"<p>Arhiivi aluselised kartongilehed<\/p>","protected":false},"featured_media":11572,"template":"","meta":[],"product_brand":[],"product_cat":[140],"product_tag":[],"class_list":{"0":"post-12673","1":"product","2":"type-product","3":"status-publish","4":"has-post-thumbnail","6":"product_cat-archyvines-dezutes","8":"first","9":"outofstock","10":"product-type-simple"},"_links":{"self":[{"href":"https:\/\/tavieta.lt\/ee\/wp-json\/wp\/v2\/product\/12673","targetHints":{"allow":["GET"]}}],"collection":[{"href":"https:\/\/tavieta.lt\/ee\/wp-json\/wp\/v2\/product"}],"about":[{"href":"https:\/\/tavieta.lt\/ee\/wp-json\/wp\/v2\/types\/product"}],"wp:featuredmedia":[{"embeddable":true,"href":"https:\/\/tavieta.lt\/ee\/wp-json\/wp\/v2\/media\/11572"}],"wp:attachment":[{"href":"https:\/\/tavieta.lt\/ee\/wp-json\/wp\/v2\/media?parent=12673"}],"wp:term":[{"taxonomy":"product_brand","embeddable":true,"href":"https:\/\/tavieta.lt\/ee\/wp-json\/wp\/v2\/product_brand?post=12673"},{"taxonomy":"product_cat","embeddable":true,"href":"https:\/\/tavieta.lt\/ee\/wp-json\/wp\/v2\/product_cat?post=12673"},{"taxonomy":"product_tag","embeddable":true,"href":"https:\/\/tavieta.lt\/ee\/wp-json\/wp\/v2\/product_tag?post=12673"}],"curies":[{"name":"t\u00f6\u00f6leht","href":"https:\/\/api.w.org\/{rel}","templated":true}]}}