{"id":12679,"date":"2024-02-07T09:02:35","date_gmt":"2024-02-07T09:02:35","guid":{"rendered":"http:\/\/tavieta.lt\/produktas\/klucel-g-odos-konsolidantas\/"},"modified":"2024-02-07T09:02:37","modified_gmt":"2024-02-07T09:02:37","slug":"klucel-g-odos-konsolidantas","status":"publish","type":"product","link":"https:\/\/tavieta.lt\/ee\/toode\/klucel-g-odos-konsolidantas\/","title":{"rendered":"Klucel G nahka tugevdav aine"},"content":{"rendered":"<p><span style=\"color: #000000;\">Klucel G on nahka tugevdav aine, mis on saadaval pulbrina.<span class=\"Apple-converted-space\"> \u00a0 <\/span>Segatuna denatureeritud v\u00f5i isoprop\u00fc\u00fclalkoholiga moodustab see geeli, mida kasutatakse nahal, mis hakkab punasest m\u00e4danikust riknema, v\u00f5i nahale, mis muutub ravimiseks pulbriliseks. Klucel G moodustab nahale pideva elastse v\u00f5rgu. Kasutatakse naha s\u00e4ilitamiseks, raamatuk\u00f6ite ja nahakunsti t\u00f6\u00f6tlemiseks ja parandamiseks.<\/span><\/p>\n<table style=\"width: 87.5606936416185%; height: 95px;\" cellspacing=\"0\" cellpadding=\"0\">\n<tbody>\n<tr>\n<td style=\"text-align: center;\" valign=\"top\">\n<p><strong><span style=\"color: #000000;\">Materjali kood<\/span><\/strong><\/p>\n<\/td>\n<td style=\"text-align: center;\" valign=\"top\">\n<p><strong><span style=\"color: #000000;\">Kirjeldus<\/span><\/strong><\/p>\n<\/td>\n<td style=\"text-align: center;\" valign=\"top\">\n<p><strong><span style=\"color: #000000;\">Pakendamine<\/span><\/strong><\/p>\n<\/td>\n<\/tr>\n<tr>\n<td style=\"text-align: center;\" valign=\"top\">\n<p><span style=\"color: #000000;\">OST00040<\/span><\/p>\n<\/td>\n<td style=\"text-align: center;\" valign=\"top\">\n<p><span style=\"color: #000000;\"><b>V\u00f5ti <\/b>\u2122 <b>G<\/b><\/span><\/p>\n<\/td>\n<td style=\"text-align: center;\" valign=\"top\">\n<p><span style=\"color: #000000;\">250 gr<\/span><\/p>\n<p><span style=\"color: #000000;\">2000<\/span><\/p>\n<\/td>\n<\/tr>\n<\/tbody>\n<\/table>\n<div id=\"gtx-trans\" style=\"position: absolute; left: 79px; top: 37px;\">\n<div class=\"gtx-trans-icon\"><\/div>\n<\/div>","protected":false},"excerpt":{"rendered":"<p>Klucel G nahka tugevdav aine<\/p>","protected":false},"featured_media":11780,"template":"","meta":[],"product_brand":[],"product_cat":[149,152],"product_tag":[],"class_list":{"0":"post-12679","1":"product","2":"type-product","3":"status-publish","4":"has-post-thumbnail","6":"product_cat-restauratoriams","7":"product_cat-konservavimas","9":"first","10":"outofstock","11":"product-type-simple"},"_links":{"self":[{"href":"https:\/\/tavieta.lt\/ee\/wp-json\/wp\/v2\/product\/12679","targetHints":{"allow":["GET"]}}],"collection":[{"href":"https:\/\/tavieta.lt\/ee\/wp-json\/wp\/v2\/product"}],"about":[{"href":"https:\/\/tavieta.lt\/ee\/wp-json\/wp\/v2\/types\/product"}],"wp:featuredmedia":[{"embeddable":true,"href":"https:\/\/tavieta.lt\/ee\/wp-json\/wp\/v2\/media\/11780"}],"wp:attachment":[{"href":"https:\/\/tavieta.lt\/ee\/wp-json\/wp\/v2\/media?parent=12679"}],"wp:term":[{"taxonomy":"product_brand","embeddable":true,"href":"https:\/\/tavieta.lt\/ee\/wp-json\/wp\/v2\/product_brand?post=12679"},{"taxonomy":"product_cat","embeddable":true,"href":"https:\/\/tavieta.lt\/ee\/wp-json\/wp\/v2\/product_cat?post=12679"},{"taxonomy":"product_tag","embeddable":true,"href":"https:\/\/tavieta.lt\/ee\/wp-json\/wp\/v2\/product_tag?post=12679"}],"curies":[{"name":"t\u00f6\u00f6leht","href":"https:\/\/api.w.org\/{rel}","templated":true}]}}