{"id":12685,"date":"2024-02-07T09:02:42","date_gmt":"2024-02-07T09:02:42","guid":{"rendered":"http:\/\/tavieta.lt\/produktas\/odos-klijai\/"},"modified":"2025-01-30T13:19:01","modified_gmt":"2025-01-30T13:19:01","slug":"odos-klijai","status":"publish","type":"product","link":"https:\/\/tavieta.lt\/ee\/toode\/odos-klijai\/","title":{"rendered":"Naha liim"},"content":{"rendered":"<p><span style=\"color: #000000; font-size: 16px;\">Nahaliim on segu gluteenist ja madalamat l\u00f5hustumist soodustavatest toodetest. Valmistatud pargitud naha kuuma veega pesemisel. Saadud veeperkolaat kontsentreeritakse, jahutatakse ja kuivatatakse. Liimi v\u00e4rvus on helekollane kuni tumepruun. Liim on teraline, ebakorrap\u00e4rase suurusega teradega, purustatud (tera l\u00e4bim\u00f5\u00f5t ca 1,5-2,5 mm) ja purustamata teradega (tera l\u00e4bim\u00f5\u00f5t ca 3,5-4,5 mm). V\u00e4ga heaks asendajaks v\u00f5ib olla ka luuliim.<\/span><\/p>\n<table style=\"width: 97.73810424095166%; height: 139px;\" cellspacing=\"0\" cellpadding=\"0\">\n<tbody>\n<tr style=\"height: 32px;\">\n<td style=\"text-align: center; height: 32px;\" valign=\"top\">\n<p><strong><span style=\"color: #000000; font-size: 16px;\">Materjali kood<\/span><\/strong><\/p>\n<\/td>\n<td style=\"text-align: center; height: 32px;\" valign=\"top\">\n<p><strong><span style=\"color: #000000; font-size: 16px;\">Kirjeldus<\/span><\/strong><\/p>\n<\/td>\n<td style=\"text-align: center; height: 32px;\" valign=\"top\">\n<p><strong><span style=\"color: #000000; font-size: 16px;\">Pakendamine<\/span><\/strong><\/p>\n<\/td>\n<\/tr>\n<tr style=\"height: 80px;\">\n<td style=\"text-align: center; height: 80px;\" valign=\"top\">\n<p><span style=\"color: #000000; font-size: 16px;\">10736<\/span><\/p>\n<\/td>\n<td style=\"text-align: center; height: 80px;\" valign=\"top\">\n<p><span style=\"color: #000000; font-size: 16px;\">Nahaliim K2, graanulid, teravad terad<\/span><\/p>\n<\/td>\n<td style=\"text-align: center; height: 80px;\" valign=\"top\">\n<p><span style=\"color: #000000; font-size: 16px;\">250 gr<\/span><\/p>\n<p><span style=\"color: #000000; font-size: 16px;\">2 kg<\/span><\/p>\n<p><span style=\"color: #000000; font-size: 16px;\">25 kg<\/span><\/p>\n<\/td>\n<\/tr>\n<tr style=\"height: 80px;\">\n<td style=\"text-align: center; height: 80px;\" valign=\"top\">\n<p><span style=\"color: #000000; font-size: 16px;\">10737<\/span><\/p>\n<\/td>\n<td style=\"text-align: center; height: 80px;\" valign=\"top\">\n<p><span style=\"color: #000000; font-size: 16px;\">Nahaliim TOPAZ II, purustatud, keskmise viskoossusega<\/span><\/p>\n<\/td>\n<td style=\"text-align: center; height: 80px;\" valign=\"top\">\n<p><span style=\"color: #000000; font-size: 16px;\">250 gr<\/span><\/p>\n<p><span style=\"color: #000000; font-size: 16px;\">2 kg<\/span><\/p>\n<p><span style=\"color: #000000; font-size: 16px;\">30 kg<\/span><\/p>\n<\/td>\n<\/tr>\n<\/tbody>\n<\/table>\n<div id=\"gtx-trans\" style=\"position: absolute; left: 79px; top: 37px;\">\n<div class=\"gtx-trans-icon\"><\/div>\n<\/div>","protected":false},"excerpt":{"rendered":"<p>Peidetud liim<\/p>","protected":false},"featured_media":11792,"template":"","meta":[],"product_brand":[],"product_cat":[149,227],"product_tag":[],"class_list":{"0":"post-12685","1":"product","2":"type-product","3":"status-publish","4":"has-post-thumbnail","6":"product_cat-restauratoriams","7":"product_cat-restauravimo-priemones","9":"first","10":"outofstock","11":"product-type-simple"},"_links":{"self":[{"href":"https:\/\/tavieta.lt\/ee\/wp-json\/wp\/v2\/product\/12685","targetHints":{"allow":["GET"]}}],"collection":[{"href":"https:\/\/tavieta.lt\/ee\/wp-json\/wp\/v2\/product"}],"about":[{"href":"https:\/\/tavieta.lt\/ee\/wp-json\/wp\/v2\/types\/product"}],"wp:featuredmedia":[{"embeddable":true,"href":"https:\/\/tavieta.lt\/ee\/wp-json\/wp\/v2\/media\/11792"}],"wp:attachment":[{"href":"https:\/\/tavieta.lt\/ee\/wp-json\/wp\/v2\/media?parent=12685"}],"wp:term":[{"taxonomy":"product_brand","embeddable":true,"href":"https:\/\/tavieta.lt\/ee\/wp-json\/wp\/v2\/product_brand?post=12685"},{"taxonomy":"product_cat","embeddable":true,"href":"https:\/\/tavieta.lt\/ee\/wp-json\/wp\/v2\/product_cat?post=12685"},{"taxonomy":"product_tag","embeddable":true,"href":"https:\/\/tavieta.lt\/ee\/wp-json\/wp\/v2\/product_tag?post=12685"}],"curies":[{"name":"t\u00f6\u00f6leht","href":"https:\/\/api.w.org\/{rel}","templated":true}]}}