{"id":12687,"date":"2024-02-07T09:02:54","date_gmt":"2024-02-07T09:02:54","guid":{"rendered":"http:\/\/tavieta.lt\/produktas\/kliju-puodas\/"},"modified":"2024-03-29T09:35:32","modified_gmt":"2024-03-29T09:35:32","slug":"kliju-puodas","status":"publish","type":"product","link":"https:\/\/tavieta.lt\/ee\/toode\/kliju-puodas\/","title":{"rendered":"Liimipott"},"content":{"rendered":"<p><span style=\"font-size: 16px; color: #000000;\">Liimipott mahuga 0,25 liitrit v\u00f5i 1 liiter, sobib konserveerimiseks. Potte kasutatakse liimide ja vahade lihtsaks ja \u00f5rnaks soojendamiseks veevannis. Potid on m\u00f5eldud raskeks ja professionaalseks kasutamiseks. Messingist pott plastikust k\u00e4epideme, libisemiskindla p\u00f5hja ja keraamilise kassetiga.<\/span><\/p>\n<p><span style=\"font-size: 16px; color: #000000;\">Maksimaalne temperatuur 85 \u00b0C. Termostaat hoiab temperatuuri \u00a0<\/span><\/p>\n<p><span style=\"font-size: 16px; color: #000000;\"> \u00a03 \u00b0C t\u00e4psusega<\/span><\/p>\n<p><span style=\"font-size: 16px; color: #000000;\"> \u00a0Poti saab osadeks l\u00f5hkuda ja osta saab kaanega plastanuma, kaanega klaasanuma v\u00f5i roostevabast terasest anuma.<\/span><\/p>\n<p><span style=\"font-size: 16px; color: #000000;\"> \u00a0<\/span><\/p>\n<table style=\"width: 86.55737704918033%; height: 228px;\" cellspacing=\"0\" cellpadding=\"0\">\n<tbody>\n<tr>\n<td style=\"text-align: center;\" valign=\"top\">\n<p><strong><span style=\"font-size: 16px; color: #000000;\">Materjali kood<\/span><\/strong><\/p>\n<\/td>\n<td style=\"text-align: center;\" valign=\"top\">\n<p><strong><span style=\"font-size: 16px; color: #000000;\">Kirjeldus<\/span><\/strong><\/p>\n<\/td>\n<td style=\"text-align: center;\" valign=\"top\">\n<p><strong><span style=\"font-size: 16px; color: #000000;\">Pakendamine<\/span><\/strong><\/p>\n<\/td>\n<\/tr>\n<tr>\n<td style=\"text-align: center;\" valign=\"top\">\n<p><span style=\"font-size: 16px; color: #000000;\">GW025 GW100<\/span><\/p>\n<\/td>\n<td style=\"text-align: center;\" valign=\"top\">\n<p><span style=\"font-size: 16px; color: #000000;\">Liimipott 0,25l keraamilise padruniga<\/span><\/p>\n<p><span style=\"font-size: 16px; color: #000000;\">Liimipott 1l keraamilise padruniga<\/span><\/p>\n<\/td>\n<td style=\"text-align: center;\" valign=\"top\">\n<p><span style=\"font-size: 16px; color: #000000;\">0,25 l<\/span><\/p>\n<p><span style=\"font-size: 16px; color: #000000;\">1 liiter<\/span><\/p>\n<\/td>\n<\/tr>\n<tr>\n<td style=\"text-align: center;\" valign=\"top\">\n<p><span style=\"font-size: 16px; color: #000000;\">GW025P GW100P<\/span><\/p>\n<\/td>\n<td style=\"text-align: center;\" valign=\"top\">\n<p><span style=\"font-size: 16px; color: #000000;\">Taaskasutatud plastikkassett 0,25l kaanega<\/span><\/p>\n<p><span style=\"font-size: 16px; color: #000000;\">Taaskasutatud plastkassett 1l kaanega<\/span><\/p>\n<\/td>\n<td style=\"text-align: center;\" valign=\"top\">\n<p><span style=\"font-size: 16px; color: #000000;\">1 tk.<\/span><\/p>\n<p><span style=\"font-size: 16px; color: #000000;\">1 tk.<\/span><\/p>\n<\/td>\n<\/tr>\n<tr>\n<td style=\"text-align: center;\" valign=\"top\">\n<p><span style=\"font-size: 16px; color: #000000;\">GW025S GW100S<\/span><\/p>\n<\/td>\n<td style=\"text-align: center;\" valign=\"top\">\n<p><span style=\"font-size: 16px; color: #000000;\">Klaaskassett 0,25l kaanega<\/span><\/p>\n<p><span style=\"font-size: 16px; color: #000000;\">Klaaskassett 1l kaanega<\/span><\/p>\n<\/td>\n<td style=\"text-align: center;\" valign=\"top\">\n<p><span style=\"font-size: 16px; color: #000000;\">1 tk.<\/span><\/p>\n<p><span style=\"font-size: 16px; color: #000000;\">1 tk.<\/span><\/p>\n<\/td>\n<\/tr>\n<tr>\n<td style=\"text-align: center;\" valign=\"top\">\n<p><span style=\"font-size: 16px; color: #000000;\">GW025N GW100N<\/span><\/p>\n<\/td>\n<td style=\"text-align: center;\" valign=\"top\">\n<p><span style=\"font-size: 16px; color: #000000;\">Roostevabast terasest kassett 0,25l koos korgiga<\/span><\/p>\n<p><span style=\"font-size: 16px; color: #000000;\">Roostevabast terasest padrun 1l koos korgiga<\/span><\/p>\n<\/td>\n<td style=\"text-align: center;\" valign=\"top\">\n<p><span style=\"font-size: 16px; color: #000000;\">1 tk.<\/span><\/p>\n<p><span style=\"font-size: 16px; color: #000000;\">1 tk.<\/span><\/p>\n<\/td>\n<\/tr>\n<\/tbody>\n<\/table>\n<div id=\"gtx-trans\" style=\"position: absolute; left: 79px; top: 37px;\">\n<div class=\"gtx-trans-icon\"><\/div>\n<\/div>","protected":false},"excerpt":{"rendered":"<p>Liimipott<\/p>","protected":false},"featured_media":11796,"template":"","meta":[],"product_brand":[],"product_cat":[149,170],"product_tag":[],"class_list":{"0":"post-12687","1":"product","2":"type-product","3":"status-publish","4":"has-post-thumbnail","6":"product_cat-restauratoriams","7":"product_cat-restauravimo-iranga","9":"first","10":"outofstock","11":"product-type-simple"},"_links":{"self":[{"href":"https:\/\/tavieta.lt\/ee\/wp-json\/wp\/v2\/product\/12687","targetHints":{"allow":["GET"]}}],"collection":[{"href":"https:\/\/tavieta.lt\/ee\/wp-json\/wp\/v2\/product"}],"about":[{"href":"https:\/\/tavieta.lt\/ee\/wp-json\/wp\/v2\/types\/product"}],"wp:featuredmedia":[{"embeddable":true,"href":"https:\/\/tavieta.lt\/ee\/wp-json\/wp\/v2\/media\/11796"}],"wp:attachment":[{"href":"https:\/\/tavieta.lt\/ee\/wp-json\/wp\/v2\/media?parent=12687"}],"wp:term":[{"taxonomy":"product_brand","embeddable":true,"href":"https:\/\/tavieta.lt\/ee\/wp-json\/wp\/v2\/product_brand?post=12687"},{"taxonomy":"product_cat","embeddable":true,"href":"https:\/\/tavieta.lt\/ee\/wp-json\/wp\/v2\/product_cat?post=12687"},{"taxonomy":"product_tag","embeddable":true,"href":"https:\/\/tavieta.lt\/ee\/wp-json\/wp\/v2\/product_tag?post=12687"}],"curies":[{"name":"t\u00f6\u00f6leht","href":"https:\/\/api.w.org\/{rel}","templated":true}]}}