{"id":12691,"date":"2024-02-07T09:03:00","date_gmt":"2024-02-07T09:03:00","guid":{"rendered":"http:\/\/tavieta.lt\/produktas\/lineco-neutralaus-ph-klijai\/"},"modified":"2025-01-30T13:18:55","modified_gmt":"2025-01-30T13:18:55","slug":"lineco-neutralaus-ph-klijai","status":"publish","type":"product","link":"https:\/\/tavieta.lt\/ee\/toode\/lineco-neutralaus-ph-klijai\/","title":{"rendered":"Lineco neutraalne pH liim"},"content":{"rendered":"<p><span style=\"color: #000000; font-size: 16px;\">Suurep\u00e4rase nakkuvusega mittehappeline liim. Kuivanud liim on l\u00e4bipaistev. Liimivalem on loodud spetsiaalselt materjalide pikaajaliseks s\u00e4ilitamiseks ja ei n\u00f5rgene aastate jooksul. Saab liimida enamikule poorsetele pindadele. Suuremate koguste jaoks on saadaval pumppump.<\/span><\/p>\n<table style=\"width: 88.62237762237763%; height: 183px;\" cellspacing=\"0\" cellpadding=\"0\">\n<tbody>\n<tr style=\"height: 32px;\">\n<td style=\"text-align: center; height: 32px;\" valign=\"top\">\n<p><strong><span style=\"color: #000000; font-size: 16px;\">Materjali kood<\/span><\/strong><\/p>\n<\/td>\n<td style=\"text-align: center; height: 32px;\" valign=\"top\">\n<p><strong><span style=\"color: #000000; font-size: 16px;\">Kirjeldus<\/span><\/strong><\/p>\n<\/td>\n<td style=\"text-align: center; height: 32px;\" valign=\"top\">\n<p><strong><span style=\"color: #000000; font-size: 16px;\">Pakendamine<\/span><\/strong><\/p>\n<\/td>\n<\/tr>\n<tr style=\"height: 32px;\">\n<td style=\"text-align: center; height: 119px;\" rowspan=\"3\" valign=\"top\">\n<p><span style=\"color: #000000; font-size: 16px;\">L901-1007<\/span><\/p>\n<p>&nbsp;<\/p>\n<p><span style=\"color: #000000; font-size: 16px;\">L901-1008<\/span><\/p>\n<p><span style=\"color: #000000; font-size: 16px;\">L901-1032<\/span><\/p>\n<p>&nbsp;<\/p>\n<p><span style=\"color: #000000; font-size: 16px;\">L901-1128<\/span><\/p>\n<\/td>\n<td style=\"text-align: center; height: 119px;\" rowspan=\"3\" valign=\"top\">\n<p>&nbsp;<\/p>\n<p>&nbsp;<\/p>\n<p><span style=\"color: #000000; font-size: 16px;\">Lineco \u00ae ph neutraalne liim<\/span><\/p>\n<\/td>\n<td style=\"text-align: center; height: 32px;\" valign=\"top\">\n<p><span style=\"color: #000000; font-size: 16px;\">118 ml<\/span><\/p>\n<\/td>\n<\/tr>\n<tr style=\"height: 56px;\">\n<td style=\"text-align: center; height: 56px;\" valign=\"top\">\n<p><span style=\"color: #000000; font-size: 16px;\">236 ml<\/span><\/p>\n<p><span style=\"color: #000000; font-size: 16px;\">0,94 l<\/span><\/p>\n<\/td>\n<\/tr>\n<tr style=\"height: 31px;\">\n<td style=\"text-align: center; height: 31px;\" valign=\"top\">\n<p>&nbsp;<\/p>\n<p><span style=\"color: #000000; font-size: 16px;\">3,78 l<\/span><\/p>\n<\/td>\n<\/tr>\n<tr style=\"height: 32px;\">\n<td style=\"text-align: center; height: 32px;\" valign=\"top\">\n<p><span style=\"color: #000000; font-size: 16px;\">L411-1000<\/span><\/p>\n<\/td>\n<td style=\"text-align: center; height: 32px;\" valign=\"top\">\n<p><span style=\"color: #000000; font-size: 16px;\">Lineco p\u00ae ompa pudelitele 0,94l kuni 3,78l<\/span><\/p>\n<\/td>\n<td style=\"text-align: center; height: 32px;\" valign=\"top\">\n<p><span style=\"color: #000000; font-size: 16px;\">1 tk.<\/span><\/p>\n<\/td>\n<\/tr>\n<\/tbody>\n<\/table>\n<div id=\"gtx-trans\" style=\"position: absolute; left: 79px; top: 37px;\">\n<div class=\"gtx-trans-icon\"><\/div>\n<\/div>","protected":false},"excerpt":{"rendered":"<p>Lineco neutraalne pH liim<\/p>","protected":false},"featured_media":11804,"template":"","meta":[],"product_brand":[],"product_cat":[149,227],"product_tag":[],"class_list":{"0":"post-12691","1":"product","2":"type-product","3":"status-publish","4":"has-post-thumbnail","6":"product_cat-restauratoriams","7":"product_cat-restauravimo-priemones","9":"first","10":"outofstock","11":"product-type-simple"},"_links":{"self":[{"href":"https:\/\/tavieta.lt\/ee\/wp-json\/wp\/v2\/product\/12691","targetHints":{"allow":["GET"]}}],"collection":[{"href":"https:\/\/tavieta.lt\/ee\/wp-json\/wp\/v2\/product"}],"about":[{"href":"https:\/\/tavieta.lt\/ee\/wp-json\/wp\/v2\/types\/product"}],"wp:featuredmedia":[{"embeddable":true,"href":"https:\/\/tavieta.lt\/ee\/wp-json\/wp\/v2\/media\/11804"}],"wp:attachment":[{"href":"https:\/\/tavieta.lt\/ee\/wp-json\/wp\/v2\/media?parent=12691"}],"wp:term":[{"taxonomy":"product_brand","embeddable":true,"href":"https:\/\/tavieta.lt\/ee\/wp-json\/wp\/v2\/product_brand?post=12691"},{"taxonomy":"product_cat","embeddable":true,"href":"https:\/\/tavieta.lt\/ee\/wp-json\/wp\/v2\/product_cat?post=12691"},{"taxonomy":"product_tag","embeddable":true,"href":"https:\/\/tavieta.lt\/ee\/wp-json\/wp\/v2\/product_tag?post=12691"}],"curies":[{"name":"t\u00f6\u00f6leht","href":"https:\/\/api.w.org\/{rel}","templated":true}]}}