{"id":12695,"date":"2024-02-07T09:03:00","date_gmt":"2024-02-07T09:03:00","guid":{"rendered":"http:\/\/tavieta.lt\/produktas\/beva-371-gustav-bergers-original-formula-371\/"},"modified":"2025-01-30T13:18:54","modified_gmt":"2025-01-30T13:18:54","slug":"beva-371-gustav-bergers-original-formula-371","status":"publish","type":"product","link":"https:\/\/tavieta.lt\/ee\/toode\/beva-371-gustav-bergers-original-formula-371\/","title":{"rendered":"BEVA\u00ae 371 (GUSTAV BERGERI ORIGINAALVALEM\u00ae 371)"},"content":{"rendered":"<p><span style=\"color: #000000; font-size: 16px;\">BEVA\u00ae371 lahenduse t\u00f6\u00f6tas v\u00e4lja Gustav A. Berger 1970. aastal. Tahked ained koosnevad 40% (massi j\u00e4rgi) liimilahusest ja sisaldavad j\u00e4rgmisi komponente: et\u00fcleenvin\u00fc\u00fclatsetaadi kopol\u00fcmeer (Elvax 150), ts\u00fckloheksanoonvaik (Lapropal K80). , et\u00fcleenvin\u00fc\u00fclatsetaadi kopol\u00fcmeer (AC kopol\u00fcmeer), h\u00fcdroabiet\u00fc\u00fclalkoholftalaadi ester (Cellolyn 21) ja vaseliin (parafiin). Lahustid sisaldavad 60% lahust, mis on tolueeni ja nafta kombinatsioon.<\/span><\/p>\n<p><span style=\"color: #000000; font-size: 16px;\"> \u00a0BEVA\u00ae371 lahus on eriti kasulik maalide alusena ja seda saab kanda pintsli, rulli v\u00f5i pihustiga mis tahes pinnale. Enamasti tuleb lahust (tavaliselt toatemperatuuril geeli) lahjendada v\u00f5rdses koguses t\u00f6\u00f6stusbensiini v\u00f5i ks\u00fcleeniga. \u00dcksikasjalikud juhised on iga purgiga kaasas.<\/span><\/p>\n<p><span style=\"color: #000000; font-size: 16px;\">BEVA\u00ae371 lahust saab absorbeerivatelt pindadelt eemaldada heksaani v\u00f5i atsetooniga, kui need lahustid ei kahjusta toodet. Need lahustid ei lahusta liimi, vaid ainult paisutavad seda, nii et nad ei m\u00e4\u00e4ri ega m\u00e4\u00e4ri imavaid materjale.<\/span><\/p>\n<table cellspacing=\"0\" cellpadding=\"0\">\n<tbody>\n<tr>\n<td style=\"text-align: center;\" valign=\"top\">\n<p><strong><span style=\"color: #000000; font-size: 16px;\">Materjali kood<\/span><\/strong><\/p>\n<\/td>\n<td style=\"text-align: center;\" valign=\"top\">\n<p><strong><span style=\"color: #000000; font-size: 16px;\">Kirjeldus<\/span><\/strong><\/p>\n<\/td>\n<td style=\"text-align: center;\" valign=\"top\">\n<p><strong><span style=\"color: #000000; font-size: 16px;\">Pakendamine<\/span><\/strong><\/p>\n<\/td>\n<\/tr>\n<tr>\n<td style=\"text-align: center;\" valign=\"top\">\n<p><span style=\"color: #000000; font-size: 16px;\">BE000001 <\/span><\/p>\n<p><span style=\"color: #000000; font-size: 16px;\">BE000002<\/span><\/p>\n<\/td>\n<td style=\"text-align: center;\" valign=\"top\">\n<p><span style=\"color: #000000; font-size: 16px;\">GUSTAV BERGERI ORIGINAALVALEM\u00ae 371<\/span><\/p>\n<\/td>\n<td style=\"text-align: center;\" valign=\"top\">\n<p><span style=\"color: #000000; font-size: 16px;\">1 liiter<\/span><\/p>\n<p><span style=\"color: #000000; font-size: 16px;\">5 liitrit<\/span><\/p>\n<\/td>\n<\/tr>\n<\/tbody>\n<\/table>\n<div id=\"gtx-trans\" style=\"position: absolute; left: 79px; top: 37px;\">\n<div class=\"gtx-trans-icon\"><\/div>\n<\/div>","protected":false},"excerpt":{"rendered":"<p>BEVA\u00ae 371 (GUSTAV BERGERI ORIGINAALVALEM\u00ae 371)<\/p>","protected":false},"featured_media":11812,"template":"","meta":[],"product_brand":[],"product_cat":[149,227],"product_tag":[],"class_list":{"0":"post-12695","1":"product","2":"type-product","3":"status-publish","4":"has-post-thumbnail","6":"product_cat-restauratoriams","7":"product_cat-restauravimo-priemones","9":"first","10":"outofstock","11":"product-type-simple"},"_links":{"self":[{"href":"https:\/\/tavieta.lt\/ee\/wp-json\/wp\/v2\/product\/12695","targetHints":{"allow":["GET"]}}],"collection":[{"href":"https:\/\/tavieta.lt\/ee\/wp-json\/wp\/v2\/product"}],"about":[{"href":"https:\/\/tavieta.lt\/ee\/wp-json\/wp\/v2\/types\/product"}],"wp:featuredmedia":[{"embeddable":true,"href":"https:\/\/tavieta.lt\/ee\/wp-json\/wp\/v2\/media\/11812"}],"wp:attachment":[{"href":"https:\/\/tavieta.lt\/ee\/wp-json\/wp\/v2\/media?parent=12695"}],"wp:term":[{"taxonomy":"product_brand","embeddable":true,"href":"https:\/\/tavieta.lt\/ee\/wp-json\/wp\/v2\/product_brand?post=12695"},{"taxonomy":"product_cat","embeddable":true,"href":"https:\/\/tavieta.lt\/ee\/wp-json\/wp\/v2\/product_cat?post=12695"},{"taxonomy":"product_tag","embeddable":true,"href":"https:\/\/tavieta.lt\/ee\/wp-json\/wp\/v2\/product_tag?post=12695"}],"curies":[{"name":"t\u00f6\u00f6leht","href":"https:\/\/api.w.org\/{rel}","templated":true}]}}