{"id":12696,"date":"2024-02-07T09:03:10","date_gmt":"2024-02-07T09:03:10","guid":{"rendered":"http:\/\/tavieta.lt\/produktas\/beva-gel-derva\/"},"modified":"2025-01-30T13:18:52","modified_gmt":"2025-01-30T13:18:52","slug":"beva-gel-derva","status":"publish","type":"product","link":"https:\/\/tavieta.lt\/ee\/toode\/beva-gel-derva\/","title":{"rendered":"BEVA\u00ae GEL vaik"},"content":{"rendered":"<p><span style=\"color: #000000; font-size: 16px;\">BEVA\u00ae GEL on akr\u00fc\u00fcl- ja EVA-vaikude vesidispersioon. Puhtal kujul v\u00f5i veega lahjendatuna on BEVA\u00ae GEL suurep\u00e4rane veep\u00f5hine liimidispersioon, mida on lihtne peale kanda, millel on hea libisemine ja nakkuvus erinevatele pindadele. Kui BEVA\u00ae GEL on kuivanud, muutub see tugevaks kontaktliimiks l\u00f5uendi, pol\u00fcestri ja Beva-kattega pindadele. Selle saavutamiseks on preparaati lisatud suurte molekulaarsete struktuuridega pol\u00fcmeere, et tagada soovitud kleepuvus ja lahustites s\u00e4ilivus. Nendel p\u00f5hjustel lahustub see aeglaselt.<\/span><\/p>\n<p><span style=\"color: #000000; font-size: 16px;\"> \u00a0T\u00e4ielikult kuivades muutub BEVA\u00ae GEEL kuumtihendusliimiks, mille aktiveerimistemperatuur on nii madal kui BEVA 371 (60-65\u00b0C, 150-160\u00b0F). BEVA\u00ae GEL, BEVA\u00ae 371 ja BEVA\u00ae D 8 ning kleepuvad \u00fcksteise k\u00fclge mis tahes kujul.<\/span><\/p>\n<table style=\"width: 84.40816326530613%; height: 80px;\" cellspacing=\"0\" cellpadding=\"0\">\n<tbody>\n<tr>\n<td style=\"text-align: center;\" valign=\"top\">\n<p><strong><span style=\"color: #000000; font-size: 16px;\">Materjali kood<\/span><\/strong><\/p>\n<\/td>\n<td style=\"text-align: center;\" valign=\"top\">\n<p><strong><span style=\"color: #000000; font-size: 16px;\">Kirjeldus<\/span><\/strong><\/p>\n<\/td>\n<td style=\"text-align: center;\" valign=\"top\">\n<p><strong><span style=\"color: #000000; font-size: 16px;\">Pakendamine<\/span><\/strong><\/p>\n<\/td>\n<\/tr>\n<tr>\n<td style=\"text-align: center;\" valign=\"top\">\n<p><span style=\"color: #000000; font-size: 16px;\">BE000003 <\/span><\/p>\n<p><span style=\"color: #000000; font-size: 16px;\">BE000004<\/span><\/p>\n<\/td>\n<td style=\"text-align: center;\" valign=\"top\">\n<p><span style=\"color: #000000; font-size: 16px;\">GEL BEVA ORIGINAL FORMULA\u00ae<\/span><\/p>\n<\/td>\n<td style=\"text-align: center;\" valign=\"top\">\n<p><span style=\"color: #000000; font-size: 16px;\">1 liiter<\/span><\/p>\n<p><span style=\"color: #000000; font-size: 16px;\">5 liitrit<\/span><\/p>\n<\/td>\n<\/tr>\n<\/tbody>\n<\/table>\n<div id=\"gtx-trans\" style=\"position: absolute; left: 79px; top: 37px;\">\n<div class=\"gtx-trans-icon\"><\/div>\n<\/div>","protected":false},"excerpt":{"rendered":"<p>BEVA\u00ae GEL vaik<\/p>","protected":false},"featured_media":11814,"template":"","meta":[],"product_brand":[],"product_cat":[149,227],"product_tag":[],"class_list":{"0":"post-12696","1":"product","2":"type-product","3":"status-publish","4":"has-post-thumbnail","6":"product_cat-restauratoriams","7":"product_cat-restauravimo-priemones","9":"first","10":"outofstock","11":"product-type-simple"},"_links":{"self":[{"href":"https:\/\/tavieta.lt\/ee\/wp-json\/wp\/v2\/product\/12696","targetHints":{"allow":["GET"]}}],"collection":[{"href":"https:\/\/tavieta.lt\/ee\/wp-json\/wp\/v2\/product"}],"about":[{"href":"https:\/\/tavieta.lt\/ee\/wp-json\/wp\/v2\/types\/product"}],"wp:featuredmedia":[{"embeddable":true,"href":"https:\/\/tavieta.lt\/ee\/wp-json\/wp\/v2\/media\/11814"}],"wp:attachment":[{"href":"https:\/\/tavieta.lt\/ee\/wp-json\/wp\/v2\/media?parent=12696"}],"wp:term":[{"taxonomy":"product_brand","embeddable":true,"href":"https:\/\/tavieta.lt\/ee\/wp-json\/wp\/v2\/product_brand?post=12696"},{"taxonomy":"product_cat","embeddable":true,"href":"https:\/\/tavieta.lt\/ee\/wp-json\/wp\/v2\/product_cat?post=12696"},{"taxonomy":"product_tag","embeddable":true,"href":"https:\/\/tavieta.lt\/ee\/wp-json\/wp\/v2\/product_tag?post=12696"}],"curies":[{"name":"t\u00f6\u00f6leht","href":"https:\/\/api.w.org\/{rel}","templated":true}]}}