{"id":12698,"date":"2024-02-07T09:03:10","date_gmt":"2024-02-07T09:03:10","guid":{"rendered":"http:\/\/tavieta.lt\/produktas\/prispaudimo-plokstes\/"},"modified":"2025-01-30T13:18:53","modified_gmt":"2025-01-30T13:18:53","slug":"prispaudimo-plokstes","status":"publish","type":"product","link":"https:\/\/tavieta.lt\/ee\/toode\/prispaudimo-plokstes\/","title":{"rendered":"Surveplaadid"},"content":{"rendered":"<p><span style=\"color: #000000; font-size: 16px;\">Tr\u00fckitud bro\u0161\u00fc\u00fcride kattepaneelid on valmistatud lamineeritud puitlaastplaadist. Vajadusel tarnime ka teiste m\u00f5\u00f5tudega paneele.<\/span><\/p>\n<table style=\"width: 93.6388140161725%; height: 96px;\" cellspacing=\"0\" cellpadding=\"0\">\n<tbody>\n<tr>\n<td style=\"text-align: center;\" valign=\"top\">\n<p><span style=\"font-size: 16px;\"><strong><span style=\"color: #000000;\">Materjali kood<\/span><\/strong><\/span><\/p>\n<\/td>\n<td style=\"text-align: center;\" valign=\"top\">\n<p><span style=\"font-size: 16px;\"><strong><span style=\"color: #000000;\">Kirjeldus<\/span><\/strong><\/span><\/p>\n<\/td>\n<td style=\"text-align: center;\" valign=\"top\">\n<p><span style=\"font-size: 16px;\"><strong><span style=\"color: #000000;\">Paksus<\/span><\/strong><\/span><\/p>\n<\/td>\n<td style=\"text-align: center;\" valign=\"top\">\n<p><span style=\"font-size: 16px;\"><strong><span style=\"color: #000000;\">Pakendamine<\/span><\/strong><\/span><\/p>\n<\/td>\n<\/tr>\n<tr>\n<td style=\"text-align: center;\" valign=\"top\">\n<p><span style=\"color: #000000; font-size: 16px;\">OST00044 <\/span><\/p>\n<p><span style=\"color: #000000; font-size: 16px;\">OST00060 <\/span><\/p>\n<p><span style=\"color: #000000; font-size: 16px;\">OST00061<\/span><\/p>\n<\/td>\n<td style=\"text-align: center;\" valign=\"top\">\n<p><span style=\"color: #000000; font-size: 16px;\">Pressimisplaat 300 x 420 mm<\/span><\/p>\n<p><span style=\"color: #000000; font-size: 16px;\">Surveplaat 390 x 490 mm<\/span><\/p>\n<p><span style=\"color: #000000; font-size: 16px;\">Surveplaat 600 x 450 mm<\/span><\/p>\n<\/td>\n<td style=\"text-align: center;\" valign=\"top\">\n<p><span style=\"color: #000000; font-size: 16px;\">10 mm<\/span><\/p>\n<p><span style=\"color: #000000; font-size: 16px;\">10 mm<\/span><\/p>\n<p><span style=\"color: #000000; font-size: 16px;\">10 mm<\/span><\/p>\n<\/td>\n<td style=\"text-align: center;\" valign=\"top\">\n<p><span style=\"color: #000000; font-size: 16px;\">1 tk.<\/span><\/p>\n<p><span style=\"color: #000000; font-size: 16px;\">1 tk.<\/span><\/p>\n<p><span style=\"color: #000000; font-size: 16px;\">1 tk.<\/span><\/p>\n<\/td>\n<\/tr>\n<\/tbody>\n<\/table>\n<div id=\"gtx-trans\" style=\"position: absolute; left: 79px; top: 37px;\">\n<div class=\"gtx-trans-icon\"><\/div>\n<\/div>","protected":false},"excerpt":{"rendered":"<p>Surveplaadid<\/p>","protected":false},"featured_media":11818,"template":"","meta":[],"product_brand":[],"product_cat":[149,227],"product_tag":[],"class_list":{"0":"post-12698","1":"product","2":"type-product","3":"status-publish","4":"has-post-thumbnail","6":"product_cat-restauratoriams","7":"product_cat-restauravimo-priemones","9":"first","10":"outofstock","11":"product-type-simple"},"_links":{"self":[{"href":"https:\/\/tavieta.lt\/ee\/wp-json\/wp\/v2\/product\/12698","targetHints":{"allow":["GET"]}}],"collection":[{"href":"https:\/\/tavieta.lt\/ee\/wp-json\/wp\/v2\/product"}],"about":[{"href":"https:\/\/tavieta.lt\/ee\/wp-json\/wp\/v2\/types\/product"}],"wp:featuredmedia":[{"embeddable":true,"href":"https:\/\/tavieta.lt\/ee\/wp-json\/wp\/v2\/media\/11818"}],"wp:attachment":[{"href":"https:\/\/tavieta.lt\/ee\/wp-json\/wp\/v2\/media?parent=12698"}],"wp:term":[{"taxonomy":"product_brand","embeddable":true,"href":"https:\/\/tavieta.lt\/ee\/wp-json\/wp\/v2\/product_brand?post=12698"},{"taxonomy":"product_cat","embeddable":true,"href":"https:\/\/tavieta.lt\/ee\/wp-json\/wp\/v2\/product_cat?post=12698"},{"taxonomy":"product_tag","embeddable":true,"href":"https:\/\/tavieta.lt\/ee\/wp-json\/wp\/v2\/product_tag?post=12698"}],"curies":[{"name":"t\u00f6\u00f6leht","href":"https:\/\/api.w.org\/{rel}","templated":true}]}}