{"id":12700,"date":"2024-02-07T09:03:10","date_gmt":"2024-02-07T09:03:10","guid":{"rendered":"http:\/\/tavieta.lt\/produktas\/zalvario-ploksciu-rinkinys\/"},"modified":"2025-01-30T13:18:54","modified_gmt":"2025-01-30T13:18:54","slug":"zalvario-ploksciu-rinkinys","status":"publish","type":"product","link":"https:\/\/tavieta.lt\/ee\/toode\/zalvario-ploksciu-rinkinys\/","title":{"rendered":"Messingist plaatide komplekt"},"content":{"rendered":"<p><span style=\"font-size: 16px; color: #000000;\">Erineva paksusega messingist lehtede komplekt, mis annab restauraatoritele k\u00f5ige laiema valiku raamatukapi furnituuri parandamisel. M\u00fc\u00fcakse ainult t\u00e4iskomplekt.<\/span><\/p>\n<p><span style=\"font-size: 16px; color: #000000;\"> \u00a0<\/span><\/p>\n<table style=\"width: 100.76543209876543%; height: 161px;\" cellspacing=\"0\" cellpadding=\"0\">\n<tbody>\n<tr>\n<td style=\"text-align: center;\" valign=\"top\">\n<p><strong><span style=\"font-size: 16px; color: #000000;\">Materjali kood<\/span><\/strong><\/p>\n<\/td>\n<td style=\"text-align: center;\" valign=\"top\">\n<p><strong><span style=\"font-size: 16px; color: #000000;\">Kirjeldus<\/span><\/strong><\/p>\n<\/td>\n<td style=\"text-align: center;\" valign=\"top\">\n<p><strong><span style=\"font-size: 16px; color: #000000;\">Paksus<\/span><\/strong><\/p>\n<\/td>\n<td style=\"text-align: center;\" valign=\"top\">\n<p><strong><span style=\"font-size: 16px; color: #000000;\">Pakendamine<\/span><\/strong><\/p>\n<\/td>\n<\/tr>\n<tr>\n<td style=\"text-align: center;\" valign=\"top\"> \u00a0<\/td>\n<td style=\"text-align: center;\" valign=\"top\">\n<p><span style=\"font-size: 16px; color: #000000;\">Poolpaksud lehed, paksus 0,32 mm<\/span><\/p>\n<\/td>\n<td style=\"text-align: center;\" valign=\"top\">\n<p><span style=\"font-size: 16px; color: #000000;\">310 x 400 mm<\/span><\/p>\n<\/td>\n<td style=\"text-align: center;\" valign=\"top\"> \u00a0<\/td>\n<\/tr>\n<tr>\n<td style=\"text-align: center;\" valign=\"top\"> \u00a0<\/td>\n<td style=\"text-align: center;\" valign=\"top\">\n<p><span style=\"font-size: 16px; color: #000000;\"> \u00a0Poolpaksud lehed, paksus 0,4 mm<\/span><\/p>\n<\/td>\n<td style=\"text-align: center;\" valign=\"top\">\n<p><span style=\"font-size: 16px; color: #000000;\">310 x 400 mm<\/span><\/p>\n<\/td>\n<td style=\"text-align: center;\" valign=\"top\"> \u00a0<\/td>\n<\/tr>\n<tr>\n<td style=\"text-align: center;\" valign=\"top\">\n<p><span style=\"font-size: 16px; color: #000000;\">V860660406<\/span><\/p>\n<\/td>\n<td style=\"text-align: center;\" valign=\"top\">\n<p><span style=\"font-size: 16px; color: #000000;\">Poolpaksud lehed, paksus 0,5 mm<\/span><\/p>\n<p><span style=\"font-size: 16px; color: #000000;\">Poolpaksud lehed, paksus 0,6 mm<\/span><\/p>\n<\/td>\n<td style=\"text-align: center;\" valign=\"top\">\n<p><span style=\"font-size: 16px; color: #000000;\">310 x 400 mm<\/span><\/p>\n<p><span style=\"font-size: 16px; color: #000000;\">310 x 400 mm<\/span><\/p>\n<\/td>\n<td style=\"text-align: center;\" valign=\"top\">\n<p><span style=\"font-size: 16px; color: #000000;\">Komplekt \u00a0<\/span><\/p>\n<\/td>\n<\/tr>\n<tr>\n<td style=\"text-align: center;\" valign=\"top\"> \u00a0<\/td>\n<td style=\"text-align: center;\" valign=\"top\">\n<p><span style=\"font-size: 16px; color: #000000;\">Poolpaksud lehed, paksus 0,7 mm<\/span><\/p>\n<\/td>\n<td style=\"text-align: center;\" valign=\"top\">\n<p><span style=\"font-size: 16px; color: #000000;\">310 x 400 mm<\/span><\/p>\n<\/td>\n<td style=\"text-align: center;\" valign=\"top\"> \u00a0<\/td>\n<\/tr>\n<tr>\n<td style=\"text-align: center;\" valign=\"top\"> \u00a0<\/td>\n<td style=\"text-align: center;\" valign=\"top\">\n<p><span style=\"font-size: 16px; color: #000000;\">Poolpaksud lehed, paksus 0,8 mm<\/span><\/p>\n<\/td>\n<td style=\"text-align: center;\" valign=\"top\">\n<p><span style=\"font-size: 16px; color: #000000;\">310 x 400 mm<\/span><\/p>\n<\/td>\n<td style=\"text-align: center;\" valign=\"top\"> \u00a0<\/td>\n<\/tr>\n<\/tbody>\n<\/table>\n<div id=\"gtx-trans\" style=\"position: absolute; left: 79px; top: 37px;\">\n<div class=\"gtx-trans-icon\"><\/div>\n<\/div>","protected":false},"excerpt":{"rendered":"<p>Messingist plaatide komplekt<\/p>","protected":false},"featured_media":11822,"template":"","meta":[],"product_brand":[],"product_cat":[149,227],"product_tag":[],"class_list":{"0":"post-12700","1":"product","2":"type-product","3":"status-publish","4":"has-post-thumbnail","6":"product_cat-restauratoriams","7":"product_cat-restauravimo-priemones","9":"first","10":"outofstock","11":"product-type-simple"},"_links":{"self":[{"href":"https:\/\/tavieta.lt\/ee\/wp-json\/wp\/v2\/product\/12700","targetHints":{"allow":["GET"]}}],"collection":[{"href":"https:\/\/tavieta.lt\/ee\/wp-json\/wp\/v2\/product"}],"about":[{"href":"https:\/\/tavieta.lt\/ee\/wp-json\/wp\/v2\/types\/product"}],"wp:featuredmedia":[{"embeddable":true,"href":"https:\/\/tavieta.lt\/ee\/wp-json\/wp\/v2\/media\/11822"}],"wp:attachment":[{"href":"https:\/\/tavieta.lt\/ee\/wp-json\/wp\/v2\/media?parent=12700"}],"wp:term":[{"taxonomy":"product_brand","embeddable":true,"href":"https:\/\/tavieta.lt\/ee\/wp-json\/wp\/v2\/product_brand?post=12700"},{"taxonomy":"product_cat","embeddable":true,"href":"https:\/\/tavieta.lt\/ee\/wp-json\/wp\/v2\/product_cat?post=12700"},{"taxonomy":"product_tag","embeddable":true,"href":"https:\/\/tavieta.lt\/ee\/wp-json\/wp\/v2\/product_tag?post=12700"}],"curies":[{"name":"t\u00f6\u00f6leht","href":"https:\/\/api.w.org\/{rel}","templated":true}]}}