{"id":12701,"date":"2024-02-07T09:03:19","date_gmt":"2024-02-07T09:03:19","guid":{"rendered":"http:\/\/tavieta.lt\/produktas\/silikagelis-tropa-gelis\/"},"modified":"2025-01-31T13:30:06","modified_gmt":"2025-01-31T13:30:06","slug":"silikagelis-tropa-gelis","status":"publish","type":"product","link":"https:\/\/tavieta.lt\/ee\/toode\/silikagelis-tropa-gelis\/","title":{"rendered":"Silikageel"},"content":{"rendered":"<p style=\"text-align: left;\"><span style=\"font-size: 16px;\"><strong>Silikageel<\/strong> on teraline, klaasjas, poorne r\u00e4nidioksiidi vorm, mis on valmistatud s\u00fcnteetiliselt naatriumsilikaadist. Silikageel on tugev ja k\u00f5va; see on tugevam kui tavalised majapidamisgeelid nagu \u017eelatiin v\u00f5i agar. See on looduslik mineraal, mis on puhastatud ja saadaval graanulite v\u00f5i helmeste kujul. Kuivatusainena on selle pooride keskmine suurus 2,4 nanomeetrit ja sellel on tugev k\u00fclget\u00f5mme niiskust imavate veemolekulide vastu. Suuremaid silikageelikotte kasutatakse merekonteinerites, et tagada nende ohutus niiskuse ja korrosiooni eest.<\/span><\/p>\n<p><strong>Miks valida silikageel?<\/strong><\/p>\n<ul>\n<li dir=\"ltr\" data-placeholder=\"Translation\"><span lang=\"lt\">Vastupidav vedelale veele <\/span><\/li>\n<li class=\"tw-data-text tw-text-large XcVN5d tw-ta\" dir=\"ltr\" data-placeholder=\"Translation\"><span lang=\"lt\">K\u00f5rge auru\u00fclekande kiirus<\/span><\/li>\n<li class=\"tw-data-text tw-text-large XcVN5d tw-ta\" dir=\"ltr\" data-placeholder=\"Translation\"><span lang=\"lt\">Alus on valmistatud Tyvek\u00ae materjalist<\/span><\/li>\n<li class=\"tw-data-text tw-text-large XcVN5d tw-ta\" dir=\"ltr\" data-placeholder=\"Translation\"><span lang=\"lt\">Tolmukindel, tugev ja raskesti rebitav <\/span><\/li>\n<li class=\"tw-data-text tw-text-large XcVN5d tw-ta\" dir=\"ltr\" data-placeholder=\"Translation\"><span lang=\"lt\">Pehme \u2013 ei kahjusta teie toodet <\/span><\/li>\n<li class=\"tw-data-text tw-text-large XcVN5d tw-ta\" dir=\"ltr\" data-placeholder=\"Translation\"><span lang=\"lt\">V\u00f5ib olla otseses kokkupuutes toiduga <\/span><\/li>\n<li class=\"tw-data-text tw-text-large XcVN5d tw-ta\" dir=\"ltr\" data-placeholder=\"Translation\"><span lang=\"lt\">Saadaval on ka kohandatud segud, n\u00e4iteks: 50% silikageeli niiskuse tagamiseks ja 50% s\u00fcsiniku l\u00f5hna absorbeerimiseks.<\/span><\/li>\n<\/ul>\n<p><strong>Sobib:<\/strong><\/p>\n<p class=\"tw-data-text tw-text-large XcVN5d tw-ta\" dir=\"ltr\" data-placeholder=\"Translation\"><span lang=\"lt\">Farmaatsiatoodetele, meditsiiniseadmetele, r\u00f5ivastele, jalatsitele, aksessuaaridele, ilutoodetele, elektroonikale, elektroonikakomponentidele, koduelektroonikale, meditsiinielektroonikale, arvutiseadmetele, p\u00e4ikesepaneelidele, ohutu kaubaveoks, autodes, kodus.<\/span><\/p>\n<p>&nbsp;<\/p>\n<p>Siin on \u00fcmber kirjutatud tabel:<\/p>\n<table>\n<thead>\n<tr>\n<th><strong>Materjali kood<\/strong><\/th>\n<th><strong>Kirjeldus<\/strong><\/th>\n<th><strong>Pakendamine<\/strong><\/th>\n<\/tr>\n<\/thead>\n<tbody>\n<tr>\n<td>SL1001<\/td>\n<td>Silikageel - kuivatusaine kott 0,25 g<\/td>\n<td>1 tk.<\/td>\n<\/tr>\n<tr>\n<td>SL1002<\/td>\n<td>Silikageel - kuivatusaine kott 0,50 g<\/td>\n<td>1 tk.<\/td>\n<\/tr>\n<tr>\n<td>SL1003<\/td>\n<td>Silikageel - kuivatusaine kott 1 g<\/td>\n<td>1 tk.<\/td>\n<\/tr>\n<tr>\n<td>SL1004<\/td>\n<td>Silikageel - kuivatusaine kott 2 g<\/td>\n<td>1 tk.<\/td>\n<\/tr>\n<tr>\n<td>SL1005<\/td>\n<td>Silikageel - kuivatusaine kott 3 g<\/td>\n<td>1 tk.<\/td>\n<\/tr>\n<tr>\n<td>SL1006<\/td>\n<td>Silikageel - kuivatusaine kott 5 g<\/td>\n<td>1 tk.<\/td>\n<\/tr>\n<tr>\n<td>HX36106<\/td>\n<td>Silikageel - kuivatusaine kott 6 g<\/td>\n<td>1 tk.<\/td>\n<\/tr>\n<tr>\n<td>HX36107<\/td>\n<td>Silikageel - kuivatusaine kott 12 g<\/td>\n<td>1 tk.<\/td>\n<\/tr>\n<tr>\n<td>HX36108<\/td>\n<td>Silikageel - kuivatusaine kott 18 g<\/td>\n<td>1 tk.<\/td>\n<\/tr>\n<tr>\n<td>HX36109<\/td>\n<td>Silikageel - kuivatusaine kott 35 g<\/td>\n<td>1 tk.<\/td>\n<\/tr>\n<tr>\n<td>HX36110<\/td>\n<td>Silikageel - kuivatusaine kott 70 g<\/td>\n<td>1 tk.<\/td>\n<\/tr>\n<tr>\n<td>HX36111<\/td>\n<td>Silikageel - kuivatusaine kott 145 g<\/td>\n<td>1 tk.<\/td>\n<\/tr>\n<tr>\n<td>HX36112<\/td>\n<td>Silikageel - kuivatusaine kott 285 g<\/td>\n<td>1 tk.<\/td>\n<\/tr>\n<tr>\n<td>SL1007<\/td>\n<td>Silikageel - kuivatusaine kott 500 g<\/td>\n<td>1 tk.<\/td>\n<\/tr>\n<tr>\n<td>HX36113<\/td>\n<td>Silikageel - kuivatusaine kott 540 g<\/td>\n<td>1 tk.<\/td>\n<\/tr>\n<tr>\n<td>SL1008<\/td>\n<td>Silikageel - kuivatusaine kott 903 g<\/td>\n<td>1 tk.<\/td>\n<\/tr>\n<tr>\n<td>SL0109<\/td>\n<td>Silikageel - kuivatusaine kott 3,629 kg<\/td>\n<td>1 tk.<\/td>\n<\/tr>\n<tr>\n<td>SL1010<\/td>\n<td>Silikageel - kuivatusaine kott 7,257 kg<\/td>\n<td>1 tk.<\/td>\n<\/tr>\n<tr>\n<td>HX36123<\/td>\n<td>Silikageel - lahtised graanulid<\/td>\n<td>1 kg<\/td>\n<\/tr>\n<\/tbody>\n<\/table>","protected":false},"excerpt":{"rendered":"<p><span style=\"font-size: 16px;\"><strong>Silikageel<\/strong> on teraline, klaasjas, poorne r\u00e4nidioksiidi vorm, mis on valmistatud s\u00fcnteetiliselt naatriumsilikaadist. Silikageel on tugev ja k\u00f5va; see on tugevam kui tavalised majapidamisgeelid nagu \u017eelatiin v\u00f5i agar. See on looduslik mineraal, mis on puhastatud ja saadaval graanulite v\u00f5i helmeste kujul. Kuivatusainena on selle pooride keskmine suurus 2,4 nanomeetrit ja sellel on tugev k\u00fclget\u00f5mme niiskust imavate veemolekulide vastu. Suuremaid silikageelikotte kasutatakse merekonteinerites, et tagada nende ohutus niiskuse ja korrosiooni eest.<\/span><\/p>","protected":false},"featured_media":13183,"template":"","meta":[],"product_brand":[],"product_cat":[218,149,199],"product_tag":[],"class_list":{"0":"post-12701","1":"product","2":"type-product","3":"status-publish","4":"has-post-thumbnail","6":"product_cat-populiariausi-produktai","7":"product_cat-restauratoriams","8":"product_cat-silikagelis","10":"first","11":"instock","12":"product-type-simple"},"_links":{"self":[{"href":"https:\/\/tavieta.lt\/ee\/wp-json\/wp\/v2\/product\/12701","targetHints":{"allow":["GET"]}}],"collection":[{"href":"https:\/\/tavieta.lt\/ee\/wp-json\/wp\/v2\/product"}],"about":[{"href":"https:\/\/tavieta.lt\/ee\/wp-json\/wp\/v2\/types\/product"}],"wp:featuredmedia":[{"embeddable":true,"href":"https:\/\/tavieta.lt\/ee\/wp-json\/wp\/v2\/media\/13183"}],"wp:attachment":[{"href":"https:\/\/tavieta.lt\/ee\/wp-json\/wp\/v2\/media?parent=12701"}],"wp:term":[{"taxonomy":"product_brand","embeddable":true,"href":"https:\/\/tavieta.lt\/ee\/wp-json\/wp\/v2\/product_brand?post=12701"},{"taxonomy":"product_cat","embeddable":true,"href":"https:\/\/tavieta.lt\/ee\/wp-json\/wp\/v2\/product_cat?post=12701"},{"taxonomy":"product_tag","embeddable":true,"href":"https:\/\/tavieta.lt\/ee\/wp-json\/wp\/v2\/product_tag?post=12701"}],"curies":[{"name":"t\u00f6\u00f6leht","href":"https:\/\/api.w.org\/{rel}","templated":true}]}}