{"id":12705,"date":"2024-02-07T09:03:19","date_gmt":"2024-02-07T09:03:19","guid":{"rendered":"http:\/\/tavieta.lt\/produktas\/juostiniai-svarmenys\/"},"modified":"2025-01-30T13:18:51","modified_gmt":"2025-01-30T13:18:51","slug":"juostiniai-svarmenys","status":"publish","type":"product","link":"https:\/\/tavieta.lt\/ee\/toode\/juostiniai-svarmenys\/","title":{"rendered":"V\u00f6\u00f6 raskused"},"content":{"rendered":"<p><span style=\"color: #000000; font-size: 16px;\">Neid valgeid satiinist teipraskusi raamatutele toodab k\u00f5rge kvaliteediga ainult PEL. Neid kasutatakse tavaliselt raamatute ja diagrammide avamiseks kuvamiseks v\u00f5i \u00f5ppimiseks. \u00a0<\/span><\/p>\n<p><span style=\"color: #000000; font-size: 16px;\">Neid saab kasutada koos Norfolki raamatudiivani, raamatupatjade ja raamatu\u00fcmbristega.<\/span><\/p>\n<p><span style=\"color: #000000; font-size: 16px;\"> \u00a0 Saadaval 3 erineva pikkusega v\u00e4ikeste, keskmiste ja suurte raamatute jaoks. \u00a0<\/span><\/p>\n<table style=\"width: 90.48648648648648%; height: 128px;\" cellspacing=\"0\" cellpadding=\"0\">\n<tbody>\n<tr>\n<td style=\"text-align: center;\" valign=\"top\">\n<p><strong><span style=\"color: #000000; font-size: 16px;\">Materjali kood<\/span><\/strong><\/p>\n<\/td>\n<td style=\"text-align: center;\" valign=\"top\">\n<p><strong><span style=\"color: #000000; font-size: 16px;\">Kirjeldus<\/span><\/strong><\/p>\n<\/td>\n<td style=\"text-align: center;\" valign=\"top\">\n<p><strong><span style=\"color: #000000; font-size: 16px;\">Pakendamine<\/span><\/strong><\/p>\n<\/td>\n<\/tr>\n<tr>\n<td style=\"text-align: center;\" valign=\"top\">\n<p><span style=\"color: #000000; font-size: 16px;\">P426-7500<\/span><\/p>\n<\/td>\n<td style=\"text-align: center;\" valign=\"top\">\n<p><span style=\"color: #000000; font-size: 16px;\">Lindi kaal - 500 mm<\/span><\/p>\n<\/td>\n<td style=\"text-align: center;\" valign=\"top\">\n<p><span style=\"color: #000000; font-size: 16px;\">1 paar<\/span><\/p>\n<\/td>\n<\/tr>\n<tr>\n<td style=\"text-align: center;\" valign=\"top\">\n<p><span style=\"color: #000000; font-size: 16px;\">P426-7510<\/span><\/p>\n<\/td>\n<td style=\"text-align: center;\" valign=\"top\">\n<p><span style=\"color: #000000; font-size: 16px;\">Lindi kaal - 1000 mm<\/span><\/p>\n<\/td>\n<td style=\"text-align: center;\" valign=\"top\">\n<p><span style=\"color: #000000; font-size: 16px;\">1 paar<\/span><\/p>\n<\/td>\n<\/tr>\n<tr>\n<td style=\"text-align: center;\" valign=\"top\">\n<p><span style=\"color: #000000; font-size: 16px;\">P426-7515<\/span><\/p>\n<\/td>\n<td style=\"text-align: center;\" valign=\"top\">\n<p><span style=\"color: #000000; font-size: 16px;\">Lindi kaal - 1500 mm<\/span><\/p>\n<\/td>\n<td style=\"text-align: center;\" valign=\"top\">\n<p><span style=\"color: #000000; font-size: 16px;\">1 paar<\/span><\/p>\n<\/td>\n<\/tr>\n<\/tbody>\n<\/table>\n<div id=\"gtx-trans\" style=\"position: absolute; left: 79px; top: 37px;\">\n<div class=\"gtx-trans-icon\"><\/div>\n<\/div>","protected":false},"excerpt":{"rendered":"<p>V\u00f6\u00f6 raskused<\/p>","protected":false},"featured_media":11831,"template":"","meta":[],"product_brand":[],"product_cat":[149,227],"product_tag":[],"class_list":{"0":"post-12705","1":"product","2":"type-product","3":"status-publish","4":"has-post-thumbnail","6":"product_cat-restauratoriams","7":"product_cat-restauravimo-priemones","9":"first","10":"outofstock","11":"product-type-simple"},"_links":{"self":[{"href":"https:\/\/tavieta.lt\/ee\/wp-json\/wp\/v2\/product\/12705","targetHints":{"allow":["GET"]}}],"collection":[{"href":"https:\/\/tavieta.lt\/ee\/wp-json\/wp\/v2\/product"}],"about":[{"href":"https:\/\/tavieta.lt\/ee\/wp-json\/wp\/v2\/types\/product"}],"wp:featuredmedia":[{"embeddable":true,"href":"https:\/\/tavieta.lt\/ee\/wp-json\/wp\/v2\/media\/11831"}],"wp:attachment":[{"href":"https:\/\/tavieta.lt\/ee\/wp-json\/wp\/v2\/media?parent=12705"}],"wp:term":[{"taxonomy":"product_brand","embeddable":true,"href":"https:\/\/tavieta.lt\/ee\/wp-json\/wp\/v2\/product_brand?post=12705"},{"taxonomy":"product_cat","embeddable":true,"href":"https:\/\/tavieta.lt\/ee\/wp-json\/wp\/v2\/product_cat?post=12705"},{"taxonomy":"product_tag","embeddable":true,"href":"https:\/\/tavieta.lt\/ee\/wp-json\/wp\/v2\/product_tag?post=12705"}],"curies":[{"name":"t\u00f6\u00f6leht","href":"https:\/\/api.w.org\/{rel}","templated":true}]}}