{"id":12707,"date":"2024-02-07T09:04:24","date_gmt":"2024-02-07T09:04:24","guid":{"rendered":"http:\/\/tavieta.lt\/produktas\/stikliniai-popieriaus-svarmenys\/"},"modified":"2025-01-30T13:18:48","modified_gmt":"2025-01-30T13:18:48","slug":"stikliniai-popieriaus-svarmenys","status":"publish","type":"product","link":"https:\/\/tavieta.lt\/ee\/toode\/stikliniai-popieriaus-svarmenys\/","title":{"rendered":"Klaasist paberiraskused"},"content":{"rendered":"<p><span style=\"color: #000000; font-size: 16px;\"> \u00a0Need klaasist paberiraskused on oluline t\u00f6\u00f6riist puhastus- ja remondit\u00f6\u00f6del.<\/span><\/p>\n<p><span style=\"color: #000000; font-size: 16px;\"> \u00a0Kristallselgest klaasist raskused on kasulikud ka positsioneerimiseks, kuna v\u00f5imaldavad n\u00e4ha all olevat objekti. 4-st kaalust koosnev komplekt v\u00f5imaldab teil kindlalt hoida paberil suuremate kunstiteoste jaoks vajalikke A3-formaadis lehti.<\/span><\/p>\n<p><span style=\"color: #000000; font-size: 16px;\">Lisaraskuse saamiseks v\u00f5ib kasutada meie nahast paberiraskusi (vt &#039;soovitatud&#039; tabelit), mida saab virnastada klaasraskuse peale.<\/span><\/p>\n<p><span style=\"color: #000000; font-size: 16px;\">Klaasraskused on inertsed ja \u00fcmarate servadega sile viimistlus ei kahjusta objekti, millele need asetatakse.<\/span><\/p>\n<p><span style=\"color: #000000; font-size: 16px;\">4 tk. pakendamine \u00a0<\/span><\/p>\n<table style=\"width: 93.37461300309597%; height: 93px;\" cellspacing=\"0\" cellpadding=\"0\">\n<tbody>\n<tr style=\"height: 32px;\">\n<td style=\"height: 32px; text-align: center;\" valign=\"top\">\n<p><strong><span style=\"color: #000000; font-size: 16px;\">Materjali kood<\/span><\/strong><\/p>\n<\/td>\n<td style=\"height: 32px; text-align: center;\" valign=\"top\">\n<p><strong><span style=\"color: #000000; font-size: 16px;\"> \u00a0Kirjeldus<\/span><\/strong><\/p>\n<\/td>\n<td style=\"height: 32px; text-align: center;\" valign=\"top\">\n<p><strong><span style=\"color: #000000; font-size: 16px;\">Pakendamine<\/span><\/strong><\/p>\n<\/td>\n<\/tr>\n<tr style=\"height: 32px;\">\n<td style=\"height: 32px; text-align: center;\" valign=\"top\">\n<p><span style=\"color: #000000; font-size: 16px;\">P426-0070<\/span><\/p>\n<\/td>\n<td style=\"height: 32px; text-align: center;\" valign=\"top\">\n<p><span style=\"color: #000000; font-size: 16px;\">Klaasraskused - \u00fcmmargused - 70 mm l\u00e4bim\u00f5\u00f5duga<\/span><\/p>\n<\/td>\n<td style=\"height: 32px; text-align: center;\" valign=\"top\">\n<p><span style=\"color: #000000; font-size: 16px;\">4 tk.<\/span><\/p>\n<\/td>\n<\/tr>\n<tr style=\"height: 29px;\">\n<td style=\"height: 29px; text-align: center;\" valign=\"top\">\n<p><span style=\"color: #000000; font-size: 16px;\">P426-0090<\/span><\/p>\n<\/td>\n<td style=\"height: 29px; text-align: center;\" valign=\"top\">\n<p><span style=\"color: #000000; font-size: 16px;\">Klaasraskused - ovaalsed - 100 x 65mm<\/span><\/p>\n<\/td>\n<td style=\"height: 29px; text-align: center;\" valign=\"top\">\n<p><span style=\"color: #000000; font-size: 16px;\">4 tk.<\/span><\/p>\n<\/td>\n<\/tr>\n<\/tbody>\n<\/table>\n<div id=\"gtx-trans\" style=\"position: absolute; left: 79px; top: 37px;\">\n<div class=\"gtx-trans-icon\"><\/div>\n<\/div>","protected":false},"excerpt":{"rendered":"<p>Klaasist paberiraskused<\/p>","protected":false},"featured_media":11834,"template":"","meta":[],"product_brand":[],"product_cat":[149,227],"product_tag":[],"class_list":{"0":"post-12707","1":"product","2":"type-product","3":"status-publish","4":"has-post-thumbnail","6":"product_cat-restauratoriams","7":"product_cat-restauravimo-priemones","9":"first","10":"outofstock","11":"product-type-simple"},"_links":{"self":[{"href":"https:\/\/tavieta.lt\/ee\/wp-json\/wp\/v2\/product\/12707","targetHints":{"allow":["GET"]}}],"collection":[{"href":"https:\/\/tavieta.lt\/ee\/wp-json\/wp\/v2\/product"}],"about":[{"href":"https:\/\/tavieta.lt\/ee\/wp-json\/wp\/v2\/types\/product"}],"wp:featuredmedia":[{"embeddable":true,"href":"https:\/\/tavieta.lt\/ee\/wp-json\/wp\/v2\/media\/11834"}],"wp:attachment":[{"href":"https:\/\/tavieta.lt\/ee\/wp-json\/wp\/v2\/media?parent=12707"}],"wp:term":[{"taxonomy":"product_brand","embeddable":true,"href":"https:\/\/tavieta.lt\/ee\/wp-json\/wp\/v2\/product_brand?post=12707"},{"taxonomy":"product_cat","embeddable":true,"href":"https:\/\/tavieta.lt\/ee\/wp-json\/wp\/v2\/product_cat?post=12707"},{"taxonomy":"product_tag","embeddable":true,"href":"https:\/\/tavieta.lt\/ee\/wp-json\/wp\/v2\/product_tag?post=12707"}],"curies":[{"name":"t\u00f6\u00f6leht","href":"https:\/\/api.w.org\/{rel}","templated":true}]}}