{"id":12713,"date":"2024-02-07T09:05:25","date_gmt":"2024-02-07T09:05:25","guid":{"rendered":"http:\/\/tavieta.lt\/produktas\/dupont-tm-tyvek-apsauginis-popierius\/"},"modified":"2024-02-07T09:05:27","modified_gmt":"2024-02-07T09:05:27","slug":"dupont-tm-tyvek-apsauginis-popierius","status":"publish","type":"product","link":"https:\/\/tavieta.lt\/ee\/toode\/dupont-tm-tyvek-apsauginis-popierius\/","title":{"rendered":"Turvapaber Dupont TM Tyvek"},"content":{"rendered":"<p><span style=\"color: #000000; font-size: 16px;\">DuPontTM Tyvek\u00ae \u00fchendab endas paberi, kile ja tekstiili parimad omadused. Selle ainulaadsed f\u00fc\u00fcsikalised omadused sobivad k\u00f5ige paremini kunstiesemete transportimiseks ja hoiustamiseks. Materjal on pH neutraalne, kiud on v\u00e4ga pehme, kaitseb asju kriimustuste eest. Kuigi see on hingav, ei lase see l\u00e4bi ainsatki tolmu. Seda on lihtne \u00f5mmelda ja liimida ning saate seda kohandada vastavalt soovitud kujundile.<\/span><\/p>\n<table style=\"width: 85.63674762407602%; height: 94px;\" cellspacing=\"0\" cellpadding=\"0\">\n<tbody>\n<tr style=\"height: 47px;\">\n<td style=\"height: 47px; text-align: center;\" valign=\"top\">\n<p><strong><span style=\"color: #000000; font-size: 16px;\">Materjali kood<\/span><\/strong><\/p>\n<\/td>\n<td style=\"height: 47px; text-align: center;\" valign=\"top\">\n<p><strong><span style=\"color: #000000; font-size: 16px;\"> \u00a0  \u00a0  \u00a0  \u00a0  \u00a0  \u00a0  \u00a0  \u00a0  \u00a0  \u00a0  \u00a0  \u00a0  \u00a0  \u00a0  \u00a0 M\u00f5\u00f5tmed<\/span><\/strong><\/p>\n<\/td>\n<td style=\"height: 47px; text-align: center;\" valign=\"top\">\n<p><strong><span style=\"color: #000000; font-size: 16px;\">Pakendamine<\/span><\/strong><\/p>\n<\/td>\n<\/tr>\n<tr style=\"height: 47px;\">\n<td style=\"height: 47px; text-align: center;\" valign=\"top\">\n<p><span style=\"color: #000000; font-size: 16px;\">TV001 <\/span><\/p>\n<p><span style=\"color: #000000; font-size: 16px;\">TV001a<\/span><\/p>\n<\/td>\n<td style=\"height: 47px; text-align: center;\" valign=\"top\">\n<p><span style=\"color: #000000; font-size: 16px;\">Dupont TM Tyvek \u00ae , rull 152 cm x 50 m <\/span><\/p>\n<p><span style=\"color: #000000; font-size: 16px;\">Dupont TM Tyvek \u00ae , rull 152 cm x 1 m<\/span><\/p>\n<\/td>\n<td style=\"height: 47px; text-align: center;\" valign=\"top\">\n<p><span style=\"color: #000000; font-size: 16px;\">1 rull meetrites<\/span><\/p>\n<\/td>\n<\/tr>\n<\/tbody>\n<\/table>\n<div id=\"gtx-trans\" style=\"position: absolute; left: 79px; top: 37px;\">\n<div class=\"gtx-trans-icon\"><\/div>\n<\/div>","protected":false},"excerpt":{"rendered":"<p>Turvapaber Dupont TM Tyvek<\/p>","protected":false},"featured_media":11844,"template":"","meta":[],"product_brand":[],"product_cat":[149],"product_tag":[],"class_list":{"0":"post-12713","1":"product","2":"type-product","3":"status-publish","4":"has-post-thumbnail","6":"product_cat-restauratoriams","8":"first","9":"outofstock","10":"product-type-simple"},"_links":{"self":[{"href":"https:\/\/tavieta.lt\/ee\/wp-json\/wp\/v2\/product\/12713","targetHints":{"allow":["GET"]}}],"collection":[{"href":"https:\/\/tavieta.lt\/ee\/wp-json\/wp\/v2\/product"}],"about":[{"href":"https:\/\/tavieta.lt\/ee\/wp-json\/wp\/v2\/types\/product"}],"wp:featuredmedia":[{"embeddable":true,"href":"https:\/\/tavieta.lt\/ee\/wp-json\/wp\/v2\/media\/11844"}],"wp:attachment":[{"href":"https:\/\/tavieta.lt\/ee\/wp-json\/wp\/v2\/media?parent=12713"}],"wp:term":[{"taxonomy":"product_brand","embeddable":true,"href":"https:\/\/tavieta.lt\/ee\/wp-json\/wp\/v2\/product_brand?post=12713"},{"taxonomy":"product_cat","embeddable":true,"href":"https:\/\/tavieta.lt\/ee\/wp-json\/wp\/v2\/product_cat?post=12713"},{"taxonomy":"product_tag","embeddable":true,"href":"https:\/\/tavieta.lt\/ee\/wp-json\/wp\/v2\/product_tag?post=12713"}],"curies":[{"name":"t\u00f6\u00f6leht","href":"https:\/\/api.w.org\/{rel}","templated":true}]}}