{"id":12714,"date":"2024-02-07T09:05:25","date_gmt":"2024-02-07T09:05:25","guid":{"rendered":"http:\/\/tavieta.lt\/produktas\/melinex-401\/"},"modified":"2025-01-30T13:18:47","modified_gmt":"2025-01-30T13:18:47","slug":"melinex-401","status":"publish","type":"product","link":"https:\/\/tavieta.lt\/ee\/toode\/melinex-401\/","title":{"rendered":"Melinex 401"},"content":{"rendered":"<p><span style=\"color: #000000; font-size: 16px;\">Melinex\u00ae 401-100% pol\u00fcesterkile arhiividokumentide, tr\u00fckiste, raamatute ja dokumentide pikaajaliseks s\u00e4ilitamiseks hoidlates v\u00f5i eksponeerimiseks. V\u00e4ga hea kaitse tolmu, mustuse, s\u00f5rmej\u00e4lgede ja muu mustuse eest.  V\u00e4ga l\u00e4bipaistev, keemiliselt inertne, ei muuda kuju, ei vanane ega kollaseks.<\/span><\/p>\n<table style=\"width: 83.418551238024%; height: 120px;\" cellspacing=\"0\" cellpadding=\"0\">\n<tbody>\n<tr style=\"height: 32px;\">\n<td style=\"height: 32px; width: 25.517241379310345%; text-align: center;\" valign=\"top\">\n<p><strong><span style=\"color: #000000; font-size: 16px;\">Materjali kood<\/span><\/strong><\/p>\n<\/td>\n<td style=\"height: 32px; width: 60%; text-align: center;\" valign=\"top\">\n<p><strong><span style=\"color: #000000; font-size: 16px;\">Kirjeldus<\/span><\/strong><\/p>\n<\/td>\n<td style=\"height: 32px; width: 14.13793103448276%; text-align: center;\" valign=\"top\">\n<p><strong><span style=\"color: #000000; font-size: 16px;\">Pakendamine<\/span><\/strong><\/p>\n<\/td>\n<\/tr>\n<tr style=\"height: 32px;\">\n<td style=\"height: 32px; width: 25.517241379310345%; text-align: center;\" valign=\"top\">\n<p><span style=\"color: #000000; font-size: 16px;\">20312<\/span><\/p>\n<\/td>\n<td style=\"height: 32px; width: 60%; text-align: center;\" valign=\"top\">\n<p><span style=\"color: #000000; font-size: 16px;\">Melinex 4\u00ae01, 50 \u00b5m, 129 cm x 25 m<\/span><\/p>\n<\/td>\n<td style=\"height: 32px; width: 14.13793103448276%; text-align: center;\" valign=\"top\">\n<p><span style=\"color: #000000; font-size: 16px;\">1 rull<\/span><\/p>\n<\/td>\n<\/tr>\n<tr style=\"height: 32px;\">\n<td style=\"height: 32px; width: 25.517241379310345%; text-align: center;\" valign=\"top\">\n<p><span style=\"color: #000000; font-size: 16px;\">20313<\/span><\/p>\n<\/td>\n<td style=\"height: 32px; width: 60%; text-align: center;\" valign=\"top\">\n<p><span style=\"color: #000000; font-size: 16px;\">Melinex 4\u00ae01, 75 \u00b5m, 1360 cm x 25 m<\/span><\/p>\n<\/td>\n<td style=\"height: 32px; width: 14.13793103448276%; text-align: center;\" valign=\"top\">\n<p><span style=\"color: #000000; font-size: 16px;\">1 rull<\/span><\/p>\n<\/td>\n<\/tr>\n<tr style=\"height: 32px;\">\n<td style=\"height: 32px; width: 25.517241379310345%; text-align: center;\" valign=\"top\">\n<p><span style=\"color: #000000; font-size: 16px;\">20314<\/span><\/p>\n<\/td>\n<td style=\"height: 32px; width: 60%; text-align: center;\" valign=\"top\">\n<p><span style=\"color: #000000; font-size: 16px;\">Melinex 4\u00ae01, 100 \u00b5m, 139,5 cm x 25 m<\/span><\/p>\n<\/td>\n<td style=\"height: 32px; width: 14.13793103448276%; text-align: center;\" valign=\"top\">\n<p><span style=\"color: #000000; font-size: 16px;\">1 rull<\/span><\/p>\n<\/td>\n<\/tr>\n<\/tbody>\n<\/table>\n<div id=\"gtx-trans\" style=\"position: absolute; left: 79px; top: 37px;\">\n<div class=\"gtx-trans-icon\"><\/div>\n<\/div>","protected":false},"excerpt":{"rendered":"<p>Melinex 401 pol\u00fcesterkile dokumentide hoidmiseks<\/p>","protected":false},"featured_media":11570,"template":"","meta":[],"product_brand":[],"product_cat":[227],"product_tag":[],"class_list":{"0":"post-12714","1":"product","2":"type-product","3":"status-publish","4":"has-post-thumbnail","6":"product_cat-restauravimo-priemones","8":"first","9":"outofstock","10":"product-type-simple"},"_links":{"self":[{"href":"https:\/\/tavieta.lt\/ee\/wp-json\/wp\/v2\/product\/12714","targetHints":{"allow":["GET"]}}],"collection":[{"href":"https:\/\/tavieta.lt\/ee\/wp-json\/wp\/v2\/product"}],"about":[{"href":"https:\/\/tavieta.lt\/ee\/wp-json\/wp\/v2\/types\/product"}],"wp:featuredmedia":[{"embeddable":true,"href":"https:\/\/tavieta.lt\/ee\/wp-json\/wp\/v2\/media\/11570"}],"wp:attachment":[{"href":"https:\/\/tavieta.lt\/ee\/wp-json\/wp\/v2\/media?parent=12714"}],"wp:term":[{"taxonomy":"product_brand","embeddable":true,"href":"https:\/\/tavieta.lt\/ee\/wp-json\/wp\/v2\/product_brand?post=12714"},{"taxonomy":"product_cat","embeddable":true,"href":"https:\/\/tavieta.lt\/ee\/wp-json\/wp\/v2\/product_cat?post=12714"},{"taxonomy":"product_tag","embeddable":true,"href":"https:\/\/tavieta.lt\/ee\/wp-json\/wp\/v2\/product_tag?post=12714"}],"curies":[{"name":"t\u00f6\u00f6leht","href":"https:\/\/api.w.org\/{rel}","templated":true}]}}