{"id":12726,"date":"2024-02-07T09:10:29","date_gmt":"2024-02-07T09:10:29","guid":{"rendered":"http:\/\/tavieta.lt\/produktas\/skalpeliai\/"},"modified":"2025-01-30T13:18:42","modified_gmt":"2025-01-30T13:18:42","slug":"skalpeliai","status":"publish","type":"product","link":"https:\/\/tavieta.lt\/ee\/toode\/skalpeliai\/","title":{"rendered":"Skalpellid"},"content":{"rendered":"<table cellspacing=\"0\" cellpadding=\"0\">\n<tbody>\n<tr>\n<td valign=\"top\">\n<p style=\"text-align: center;\"><span style=\"font-size: 16px;\"><strong><span style=\"color: #000000;\">Materjali kood<\/span><\/strong><\/span><\/p>\n<\/td>\n<td style=\"text-align: center;\" valign=\"top\">\n<p><span style=\"font-size: 16px;\"><strong><span style=\"color: #000000;\">Kirjeldus<\/span><\/strong><\/span><\/p>\n<\/td>\n<td style=\"text-align: center;\" valign=\"top\">\n<p><span style=\"font-size: 16px;\"><strong><span style=\"color: #000000;\">Pakendamine<\/span><\/strong><\/span><\/p>\n<\/td>\n<\/tr>\n<tr>\n<td valign=\"top\">\n<p><span style=\"color: #000000; font-size: 16px;\">1120710 400<\/span><\/p>\n<\/td>\n<td valign=\"top\">\n<p><span style=\"color: #000000; font-size: 16px;\">Skalpelli tera hoidik nr.4<\/span><\/p>\n<\/td>\n<td valign=\"top\">\n<p align=\"right\"><span style=\"color: #000000; font-size: 16px;\">1 tk.<\/span><\/p>\n<\/td>\n<\/tr>\n<tr>\n<td valign=\"top\">\n<p><span style=\"color: #000000; font-size: 16px;\">1120710 402<\/span><\/p>\n<\/td>\n<td valign=\"top\">\n<p><span style=\"color: #000000; font-size: 16px;\">Skalpelli tera hoidik nr.4L<\/span><\/p>\n<\/td>\n<td valign=\"top\">\n<p align=\"center\"><span style=\"color: #000000; font-size: 16px;\">1 tk.<\/span><\/p>\n<\/td>\n<\/tr>\n<tr>\n<td valign=\"top\">\n<p><span style=\"color: #000000; font-size: 16px;\">11207118-24<\/span><\/p>\n<\/td>\n<td valign=\"top\">\n<p><span style=\"color: #000000; font-size: 16px;\">Skalpelli tera. 18, 19, 20, 21, 22, 23, 24<\/span><\/p>\n<\/td>\n<td valign=\"top\">\n<p align=\"right\"><span style=\"color: #000000; font-size: 16px;\">1 tk.<\/span><\/p>\n<\/td>\n<\/tr>\n<tr>\n<td valign=\"top\">\n<p><span style=\"color: #000000; font-size: 16px;\">11207125<\/span><\/p>\n<\/td>\n<td valign=\"top\">\n<p><span style=\"color: #000000; font-size: 16px;\">Skalpelli tera<\/span><\/p>\n<\/td>\n<td valign=\"top\">\n<p align=\"right\"><span style=\"color: #000000; font-size: 16px;\">1 tk.<\/span><\/p>\n<\/td>\n<\/tr>\n<tr>\n<td valign=\"top\">\n<p><span style=\"color: #000000; font-size: 16px;\">114381170<\/span><\/p>\n<\/td>\n<td valign=\"top\">\n<p><span style=\"color: #000000; font-size: 16px;\">Pintsetid l\u00f5ikamiseks<\/span><\/p>\n<\/td>\n<td valign=\"top\">\n<p align=\"center\"><span style=\"color: #000000; font-size: 16px;\">1 tk.<\/span><\/p>\n<\/td>\n<\/tr>\n<tr>\n<td valign=\"top\">\n<p><span style=\"color: #000000; font-size: 16px;\">114381110<\/span><\/p>\n<\/td>\n<td valign=\"top\">\n<p><span style=\"color: #000000; font-size: 16px;\">pintsetid \u2013 3 mm lame k\u00e4epide<\/span><\/p>\n<\/td>\n<td valign=\"top\">\n<p align=\"right\"><span style=\"color: #000000; font-size: 16px;\">1 tk.<\/span><\/p>\n<\/td>\n<\/tr>\n<tr>\n<td valign=\"top\">\n<p><span style=\"color: #000000; font-size: 16px;\">112080080<\/span><\/p>\n<\/td>\n<td valign=\"top\">\n<p><span style=\"color: #000000; font-size: 16px;\">\u00dcmara teraga skalpell \u2013 16,5 cm, tera 40 x 10 mm<\/span><\/p>\n<\/td>\n<td valign=\"top\">\n<p align=\"right\"><span style=\"color: #000000; font-size: 16px;\">1 tk.<\/span><\/p>\n<\/td>\n<\/tr>\n<tr>\n<td valign=\"top\">\n<p><span style=\"color: #000000; font-size: 16px;\">112080180<\/span><\/p>\n<\/td>\n<td valign=\"top\">\n<p><span style=\"color: #000000; font-size: 16px;\">Terava teraga skalpell \u2013 16,5 cm, tera 40 x 8,5 mm<\/span><\/p>\n<\/td>\n<td valign=\"top\">\n<p align=\"right\"><span style=\"color: #000000; font-size: 16px;\">1 tk.<\/span><\/p>\n<\/td>\n<\/tr>\n<tr>\n<td valign=\"top\">\n<p><span style=\"color: #000000; font-size: 16px;\">1130912016<\/span><\/p>\n<\/td>\n<td valign=\"top\">\n<p><span style=\"color: #000000; font-size: 16px;\">Sirged k\u00e4\u00e4rid, pikkusega 16,5 cm, l\u00fchikeste teradega.<\/span><\/p>\n<\/td>\n<td valign=\"top\">\n<p align=\"right\"><span style=\"color: #000000; font-size: 16px;\">1 tk.<\/span><\/p>\n<\/td>\n<\/tr>\n<\/tbody>\n<\/table>\n<p>&nbsp;<\/p>\n<p>&nbsp;<\/p>\n<div id=\"gtx-trans\" style=\"position: absolute; left: 79px; top: 37px;\">\n<div class=\"gtx-trans-icon\"><\/div>\n<\/div>","protected":false},"excerpt":{"rendered":"<p>Skalpellid<\/p>","protected":false},"featured_media":11861,"template":"","meta":[],"product_brand":[],"product_cat":[149,227],"product_tag":[],"class_list":{"0":"post-12726","1":"product","2":"type-product","3":"status-publish","4":"has-post-thumbnail","6":"product_cat-restauratoriams","7":"product_cat-restauravimo-priemones","9":"first","10":"outofstock","11":"product-type-simple"},"_links":{"self":[{"href":"https:\/\/tavieta.lt\/ee\/wp-json\/wp\/v2\/product\/12726","targetHints":{"allow":["GET"]}}],"collection":[{"href":"https:\/\/tavieta.lt\/ee\/wp-json\/wp\/v2\/product"}],"about":[{"href":"https:\/\/tavieta.lt\/ee\/wp-json\/wp\/v2\/types\/product"}],"wp:featuredmedia":[{"embeddable":true,"href":"https:\/\/tavieta.lt\/ee\/wp-json\/wp\/v2\/media\/11861"}],"wp:attachment":[{"href":"https:\/\/tavieta.lt\/ee\/wp-json\/wp\/v2\/media?parent=12726"}],"wp:term":[{"taxonomy":"product_brand","embeddable":true,"href":"https:\/\/tavieta.lt\/ee\/wp-json\/wp\/v2\/product_brand?post=12726"},{"taxonomy":"product_cat","embeddable":true,"href":"https:\/\/tavieta.lt\/ee\/wp-json\/wp\/v2\/product_cat?post=12726"},{"taxonomy":"product_tag","embeddable":true,"href":"https:\/\/tavieta.lt\/ee\/wp-json\/wp\/v2\/product_tag?post=12726"}],"curies":[{"name":"t\u00f6\u00f6leht","href":"https:\/\/api.w.org\/{rel}","templated":true}]}}