{"id":12727,"date":"2024-02-07T09:10:29","date_gmt":"2024-02-07T09:10:29","guid":{"rendered":"http:\/\/tavieta.lt\/produktas\/japoniskas-spaudziamas-graztas\/"},"modified":"2025-01-30T13:18:42","modified_gmt":"2025-01-30T13:18:42","slug":"japoniskas-spaudziamas-graztas","status":"publish","type":"product","link":"https:\/\/tavieta.lt\/ee\/toode\/japoniskas-spaudziamas-graztas\/","title":{"rendered":"Jaapani survetrell"},"content":{"rendered":"<p><span style=\"color: #000000; font-size: 16px;\">Seda surveaukude komplekti kasutatakse aukude tegemiseks. Kui t\u00f6\u00f6riista vajutada, siis selle pea p\u00f6\u00f6rleb ja puurib valitud materjali. \u00a0<\/span><\/p>\n<p><span style=\"color: #000000; font-size: 16px;\">Ideaalne puhaste aukude puurimiseks erinevatesse materjalidesse: paber, paigaldusplaadid, nahk jne. \u00a0<\/span><\/p>\n<p><span style=\"color: #000000; font-size: 16px;\">Valmistatud lehtpuust ja messingist, autentne kvaliteetne Jaapani t\u00f6\u00f6riist. Peas on \u00f5\u00f5nsad otsad; 1, 1,5, 2, 2,5, 3, 3,5, 4, 4,5 ja 5 mm suurused (kaasas 3 mm otsikud, k\u00f5ik 9-osalised otsikukomplektid m\u00fc\u00fcakse eraldi). &quot;9 bitti sisaldav pakett&quot; sisaldab: ** 1, 1,5, 2, 2,5, 3, 3,5, 4, 4,5 ja 5 mm<\/span><\/p>\n<p><span style=\"color: #000000; font-size: 16px;\"><img decoding=\"async\" src=\"data:image\/png;base64,iVBORw0KGgoAAAANSUhEUgAAAFcAAAAuCAYAAABd5YVlAAABYWlDQ1BrQ0dDb2xvclNwYWNlRGlzcGxheVAzAAAokWNgYFJJLCjIYWFgYMjNKykKcndSiIiMUmB\/yMAOhLwMYgwKicnFBY4BAT5AJQwwGhV8u8bACKIv64LMOiU1tUm1XsDXYqbw1YuvRJsw1aMArpTU4mQg\/QeIU5MLikoYGBhTgGzl8pICELsDyBYpAjoKyJ4DYqdD2BtA7CQI+whYTUiQM5B9A8hWSM5IBJrB+API1klCEk9HYkPtBQFul8zigpzESoUAYwKuJQOUpFaUgGjn\/ILKosz0jBIFR2AopSp45iXr6SgYGRiaMzCAwhyi+nMgOCwZxc4gxJrvMzDY7v\/\/\/\/9uhJjXfgaGjUCdXDsRYhoWDAyC3AwMJ3YWJBYlgoWYgZgpLY2B4dNyBgbeSAYG4QtAPdHFacZGYHlGHicGBtZ7\/\/9\/VmNgYJ\/MwPB3wv\/\/vxf9\/\/93MVDzHQaGA3kAFSFl7jXH0fsAAAA4ZVhJZk1NACoAAAAIAAGHaQAEAAAAAQAAABoAAAAAAAKgAgAEAAAAAQAAAFegAwAEAAAAAQAAAC4AAAAAdFhMkAAAFlhJREFUaAXNm1tsHNd5x\/+zO3u\/8U5RJGWJlGhJti62ZTs1Eic22qAPfulLC\/TBeW6DtA9t0ZcCfSkCFC3ax74UKZICKVAUMAonQGIELYrUcmLErhPZsWXLskRZF1K8X5Z7mdnp7zvDlVYUKXEpKfBIuzs7e+bMd\/7n+\/7f5Rx6EYd2ddAsaqnlJdWifYL3RNSQWnzz0lz3+d2uc0R1Rc2aIj+tKJmmnce1UJ4CvrfU4EzK0jahlLXf4+Fx7PHW38htINLN0TkPNi5eSWBuxdcTIBsFIdc5SeUB3FMI9r6XkGdNeLO5TDJBbib4LaLpFxohJN3r0R24gOOhnt4tOIAFYL0E2gx4Dr8Emgm+CT\/lWmU2JWuBYgs99RzQgRKeTQI9mVZ\/sRVwr9iqO3DveIyDEkANWCA3nMNQyagJDUSam5vR8swVtZp1jY4cUrl\/XAHABkFLGT+BBhu5GMB7F+FOSoutwkjOXmEz5IV0yaZ+9qN\/1Vleg71ZJjLU0uw8kw+VpXPKFYvKFkvaN9SrG9NXNDt9XYViRjM3F7VRY1yYY7OJvH5Ofn5YqcJ+nfnKl\/XCS1\/R6PiE0wvPa4GDKZ2R4m073PPInMaZ5jku8AA4Uiuoqb6xpNnrF7U4e1Gvf\/97Wp1jIKlevfKHf6Tf+vorbiIMZOPqpM\/jH6bWMq4Efbfo2+jYHuNBW16CYfNldb3KZyQ\/5StkAnK5vAqFkpkZk4B\/aNGO8wS01cD8oohzrNIAC1uh0tYnLx+5rb\/IWa1ZHk22OfYMbtwXoPKAEGDraGgWSvj4o1\/p7f\/5T+0vt7QvU+NaVbMLq\/ruP\/2dykPDOnrqOQVoVCadcRpmZPIw\/ZJxuoEbYkUtEDStSqWzzglv1OrK59JKpVJqNnDISd9Rmp\/KKpvJM6SEA9xDu4HR\/d5oNDnL0BfOHFkNyGQyieyxpeyIrOttG8Tvecn6t9fmbHHqHupxcWN1UR+8+zM11uY0feEDJYMNJZoNDZSzGqhk9F9v\/JDZDrjXV5OB271GDwbEbWHv+fT7\/ug01oTjvwOahyQMDK6VymXuNwpLcF5yhgxUmH2oXL6gGuA3Gw03OY0AUK0btN5eZvSm2eZfnDUk7bxDHBvMlqPz5y0\/bffVEDVtsN\/cGx8ewiFIFChsrMOxq0qhwaGXUjVAcMwthDpy+ZSC+poatQ00F4CNnza17GEBa1JZXw5gk8+h4ymZgl+h+Fqd0BFZUhncLJ923UDP8L22scG9yI35N1GIXC4FNWyg5b5SWWjDN22NtdY011EDoMcwbIMssnQNrgtZTec2w4MIDYR9CK8ira3Oq1VbwqEFhGFwXAO6AGRzGstLc1peuIaTqSMPHIZj8xwQRLsM9GFTgwGdADj7Z2BkMtnYnJHW6MLASWfSDpx83mLuCK2toeWRGsjYAmQfQJMpD5CRGe4252acnEqn3f2maPGxReE2r3YJbjxRRguuYz4NFFiXz1Az16bVrK3hqjeUDNESZsI37UAjkq26go1FLS3MOLNzEYZN0C0BY4keVIs7J8m418jHJyw0h+t4mGuOk3n2BtragAaSzukBEJpoWrtRrbpxpdK+u985awIb8y9GMdafKcSdx6Yld1zc2qLjp3udtmcMaHhgEscQIGQdYKNWU7kUmoKgSTQ45XvQBO3RhhST0KCNyWUDNFM1bB0IZnMP6TCA29ZgspnmBlBXPHGhM\/VMGovK5tTX14eMcZ4YIZBP+5AxWdsQDa+u1wEz47jWrNa01l4JOBejYBJ2lrsLcNHQyHgHkyeWNVxaoMR847gSShvZB1U1+a2RyKueLKtG23w+BHjMKiopme4jU87RZp27VmhPmsxALJzr1LjO873gbYmKgWtaZhOXZKINBDsvFPLKZNNaWV51GuvTJiQSiFygjtFZhgmw5uQckMbXXLJJMjTT8HMGOkmg7VutbqusXYDb7sqxGF8AFoGTPkKbIwDgqJXFMTSULaQ0MFrR2OSIFjfqujK7TNaWpm1ZjXoLc6yphqYHmxGDDcYOA\/VBgHWGaX1tap71aZglzYGRNFDYQAsL2kBWhIFjA3xFWqUSchFypTLwad5HVhSGiCYIAgVR1qU6Nka7lkXbDWDn4Iw0nOzuyfa4O46uwLXsJoZ4szMD1biVrwm0dX2tpcXFVU0dm9LA\/mH1jY1qHY2+eH1eC9WG0rmcFhYWdXNuTktL62RsxI8AYceDgOo6uPXWMVB3GqfdPuBaZpjAsnL5DFgDEADXGUO2VHR3B2FTfgY+JQ7OEiWk0eoUmutxTxxCorl8N4CNPuzY1At3vvWtiyTCQDDHZfEeZuwwwaQt3muY9yetXF5WsVTSD374hgYPjKhQ6tGHV+Z1c72p3n0kDQkoAu5t1qEWTLMeIGy2u\/ndOoDtvrctwGjA+CsLFaXJujzVASeL9uaRqQ5tLSnqSWot6NfcypJmSHZQaa3VCMUsOmgllS+inbWA64yTGLdQKHB\/0tGO06qOudwqS9fgKsoQtliEEIPNxGMiPgLNanb+ij759KK++vJTKg726NNLiwqTWQV+XWuNKiHOBuHYvHqHx+ExMihKk4lkgQnbKtYDfqc\/ZwnWMZaVAoxUvqSrc1f1fx9fQAlq6hsq64\/\/7FXtO1hRqeeYlm88ru\/92+v67PKczpyeUrqQ1ScXrmhgICA\/g04K8Cz95AtF5wjb0UIsumFx9yC6ANduRsswczs8IoDIChbk35EF3sGiqvWbqvQV9ZMfvaOzb3+u5TpjA\/2JA4MqVvLw7AJt0Yo0qaY5QLqyeNImx7SsLbB7wIO8OauKAfbQWPP2n83M6e1fXaYgU1VPb6+ePHxAjx8\/iHXl5OUraq4T40IVDawS\/lK6UsEpX9PQ2H41l0nhl1c0NpRXDs01WjAyv59SdGmTcRHDjRtgHf8iTEQh3E9T2MiSGCRTunJ5Rl\/+0mk99cQpwrKs5ubnqTR56hugCoXDCMnQ7MGtMI4WrL8258YOwrgsdhadn9ZuN0e7jwRRQhSmSGuRO5nT5NHDxFJQGZaUzQSav35V1WWfKhnp+vlzGh8oQweR8iQKocW\/hJHGvWeePq7+gV4FKEAun3exu1MEnPo9IjE3xt3ISxvUDI1w2mp3WJUbTjINtlfIg\/sGhnBWS3r2S4f12EQAP81qcjKrQwdLcHJ1M4SxrAihLPZFiy1EagO7S0F2btahsU5EZApwRpXefr304m+rn1Li86cOamq0pAogz1+7DmWYFZESoxTlQk4l2vgWxhFFlPv6oYKMVqvrqvT3urTZtDZFjGyOONbcnfVz51\/uGgKSm7Z6zfjTwI0Ivj0rxKC1qbKK+VFNHpnS08+c1tryhpoba3rumcd1+skjymcLxI44Aj9LrGsZE7ejVa7GcNez6BbJt762aXafS2iuR\/KSRQMtPsXDpxhCsNpQY7UGPRQJB1dU6B\/VgSMnqN6t4bKT1CCguVZac8uBFteqOD7ienQrk8UZIrtlaCbbvSIFE6wLcK35JrjwKEyASaCBgGu2kc0MaP\/wMZ088ZTq9UjXp5dUwon84s339NlHs5jauNZXi8ScPaykcT+TZHG4FUqcV7fuH+Jhg7dabIJivKW9y9VFXZ1f0C8\/uq7PZwMiBKk0WKYAbuEWWVqm5CKfdcAMSXpaJBGNauSyy2SiifJYTSHjSpJIH0\/8feTtClwD0+bDAnMD1GbOFUcwo0aYgJcO6vrMrM6f\/7VOnTqqrDmquqdipl9ZtDrwegnY9xMaFV0KGiYa9GFOMebX+8i6i59NMA4+zGStCJPwsjhRs7Ck1ikprlHHjQplrYdJzczWtTDX0LWrVzX92TTpO4lCigpZq4YjbpDCQ20ZT3nTeGijQKTgUfGzUAx4XbwUk+7mc+On33rvKlrwIvhSttJr+SBa7CKHlAPbkh6livDTikYf61d9CQGJaYtwljmWAqGP3zOiSmVAWUzOg+f4oJ\/YvKyNHaZxezu4r\/NWziPS2iBRxzEhQ5BThiJ9Lt3Qan1WZ8\/O693\/vahiX48yfQWWd+Z17cqsFsggb56bVm\/5hvr8lq7dKGm4PAQ3V5ShDOnDK1aDiCmRD6wQAuPECN+o87YQXWluLLx1YgddoskW5xrIWUp65UpZhw5MYEIlUsSyLaQTtte03lzQ2MEePffCMWihSvKwxL1oVUDFzCV9D1N7nXDuzTy6nyQi8VY0OzfNhDZUwWmtLNS0ulglkmnqay+d1Lf\/\/tv667\/5c\/X159WT9nRkcERaJ0TbyOjC+ct68+fvam5xKa4vGH7W+20Mbz9wy7UuNNf6iGfHJsfN1mZndjXJxd6eClpqhWfqBphWhFmFZGU11tawTxVZCWhQrElS4zVvmyZlTlplHxBc72723ekDaHB8f\/vdJw5vMoM1astDg\/vE8qlmlmbQ4JZ+\/w++qt979XdV2H9YWZKdQpkaBHz74pkn9OY7F3VyAmsrNfX+xxdVv3RJk08864pBVpq86+jQ2PZv3WmuU\/t2fYEu3DNIfXEYScy7zkpDGAa6cuUqWdCSTjx1lMQiwvu2tLzYpDpG3m6rqOT5tuSSIgZ2S+3byNoW8EE+jWJ8Ji+Cb19mcfTU6ec1tn8Eawsx8Sze334z1SDDpPaxtMpKCnXnFhGElwrU25\/T1NQkFjmGsvguO7P01xTrLpFjR3SHuF2CS\/NbnfAAi1EBnPoG5cQAp7ain7zxYy3MLshHmJs35jQ5McZGEV\/Xry5CS6SQBOgZiyUzVPlxOCZkW2ENjPbrDin3+MX6iohXvWRJhw6f0fGTL7hqXALetKWbCCeVSlfoPacKa2rFEuFaIcnqCVaXqfO5TkhWg1qgi55BwO4nQ8Op4eA26023JbsL7W43DdgkO\/Vv98QFixrQVqs9LSxOa3hfj4aL+\/B38G0Q6eCBXiE3NYUZ1tCoofaS4WB9EfsJyDe5P55fA+JRHJ7P4ielzToyrlFCbDKTHgX9FnTx1jvTWmr8txK58\/r80mVic9bZWEj58LN5rVOOXCQlHsAJ9lR6VBoe0ejomCtPusxvF+J2ybkdwzeg0VrznFZ9Y+WJ6GAFXuuXWM7pG8CpER28dfYcpbt+rQLu2vKCBkfhPWjEqk6GKz3Qzy4k7Xj07k+JdZO28mDrY00WTIkUqhsa3bdPVz5f0oWPzyr9+s81ND7GGEgaZpbd6u\/sO5dVqqT0IRNC3MZy\/AFNTBzWEPe5xU3TKUR2ENxD\/r2DayN0D0k4nrXtSdXqmubnFnXkYK9e\/PoZQh7ptR\/8lDiRFYByDt5doK0N2Kr77BnAMzvK2z1aXbV0AFDFs4pIDhrwqNNOTR1XbfEXRDesUiQKeu7UuL75l9\/S1MRR\/dWf\/oUuXPxci0xAD9nY1Rurqq59oqfP7NfA4KDLzIzC2kbGro0YBKccdyvI7sF104RJuYKNiQu2FopZUmE1Bqr8N67P6vKlGZxIpGtLgfqHH1OD64QIOtBfcYWakLWsDPFwC5AJJeCveP5dh4\/gzeTy8e4hRaJnn39WfnNZacvAUr\/WpRvzgOarQDGmWKqoryfPi1g2F+j05KTS6SWd\/\/RTyqlrUFydkilUxmES3w2l++mOt92Da705z2OzBaA2gzg3D8eVxL4j8u8GRfClm8t6bznUj9\/6DrxV08L1ZZ04\/BjmJJXLdOKxbyFkmZtVCHOGlp09Kr6NR2qCs2yTsASgpGOnv8bqbqhfnjunUo7iuVFTlVCdVYiQLx71kgLRech4inm+QxdrRJINCvtmdSavRY629mcqbBtc7NhuHLE3cT\/f\/80CBavfWsRgpmEvgzqAQ4MmWVhhSFMnTurdDy8r23NYq7UeXbuZ0fxapPFDYwQ85PoBa8BN8n1ujtjqxOzQgwHwiA5XbIr3KVitocl+iRbZIUFa\/EAAS2dyXIObCSet3mE7ayhFQSNkdoDb09On\/r4BaGHznk2FuJ9SdAWuYWDFZxebmmh2twlDmhZg+v39+7VItamFEPlimdCFtDFb0Tzku1YntCF3r1MMCaEDq41y5moT8SgfzbvFsS6WZTJts12KqpxpsVXjUnz3eVkN2kqmQZONeiQcLayx2kyjFHXtGx\/X0cePY3UVnB68bRq1y6MrcE2gWFfNJOwsclprmybqhDnFcq9Gxg7hLPKsk7GPAQdnmtnLrM8tbqiGdse7VoxObDDWD1qEwN0IvcuxuWYWjZjF2SYUUERL2V3jMixLuW1tjBUQKl6mskZTjTqlUraMXqLWcPXmkoZH9lMJK6AETEYbXAcwsncc28nfFbi3+zJQzJyJIQ1iB3SCnY4RwsCv6QIxLYVwHJtZ0irx4rQlEQmWR6CGAOeCvsO7aE2HjNsJePuZezuz7hHv1pttELHwLJGk8Em8W6uto5EkNKTtAWXGarXGqwknf4KoOGOoxG62++zlDpSJ\/\/c9Nknkvu22NKBnxzv2bP7SAXK3DSN+ho3EhX4q\/wM6fHhCB1pjmrmxANhFHZw8pcGRg0wHohJvtoghfRYnTZs6LW07x7Dl4V19ja0Ny4ghxvxZJqekZHvA7JVOAzYCGLjr6+wQoma7Pl8jFa6pwNYm01a7ZttOb63xmaXtQoruNdfU1E2bTZ0t7+BlKe3ZXtdKzwCLfid1+Mgx6gzshc1myM5KOnHqGb38O68oz1J7E\/qw+NAyOtPiR0kJNv4Y1lhmK8obFQTIbJvrWhYmErUUWJA8995HOv\/xNRIc2+ACyNybA9ABlohKpLy2E9JpblsTdqG6fjea4uCkU0dZyGvCmnMzx2QboG2GBwaHXQ7+D\/\/4tzY2jY8fcYF7OlukOoYmoKlWU8hmU3za\/Mcm1qaE9qe7uePN5LRjp987mm45NSuL9cEigpD9wRZGhUQMCYCNyMD+499f07989zWtL61oZLioOsWbERZTpw6Ossctjm0tUoirdyYHcrdB3vK0zq9Oc9uCd\/6w07kNzg2TNzu3l\/2dg2mvneeoNk1MTqgfkG23SqXcQ2DeB9+yg5B6qu13rVARc9s3eXq7j25k2Em27a47aY3YbR6R3MkLyImkAZvSB+9P6zv\/\/H1965t\/Qg1hkMKOVaHFklU\/G0nYFruyzNigEcA1WnBzbG+bk73dM9vX+NsQ66qb43Z7Z3JkaVm2xbudggjTIpR58sRxvfqNb+jUk0\/rGOnmPnLyNDsfi2yAHh4aUB+FkDTbM40YOh\/fvSy7kBsas6jGSY0SRBSTYAWcBasM15b1U4o3pYE+HT\/9OH\/SVddQIaM+NoAceqxX62wxtUJPwGSYbG5JyyYJJXKvjsdvJzsRkaUasQZ1tN321DWMlx5iRYA5mwhrD9pgC5DtJbPFvRs3Z\/T+B+f1ETw2PnpIx0+dVrbia4hNFQPFYaIENMiH+4gWYF3XlwlnWrXT0Ra+sw3nO9+wU0e\/weustnTqjmmSg3Dbgca5FOZvAJtjA1zz\/gauxboeWms7amy26ywEehsU0Ek1bSk9kQvZdcPydIt6KPeHCdbYANfnn+Om++DUlit+XIzpFx5c09ytCmAD2XrNBnV7gDYBOylN\/FsMtvkDW3on1LEdhsax0Eh8qxkrgRIOcbfH7efHd8CBOwmx2y4faTtHC9sB+bCe2gbkUTyDPr\/Q4Dq1aQPwsADt7MfG\/ygweJQyd8r\/IOf\/D3uqdA1moZeNAAAAAElFTkSuQmCC\" alt=\"pastedGraphic.png\" \/> <img decoding=\"async\" src=\"data:image\/png;base64,iVBORw0KGgoAAAANSUhEUgAAAEMAAAAsCAYAAAA+aAX8AAABYWlDQ1BrQ0dDb2xvclNwYWNlRGlzcGxheVAzAAAokWNgYFJJLCjIYWFgYMjNKykKcndSiIiMUmB\/yMAOhLwMYgwKicnFBY4BAT5AJQwwGhV8u8bACKIv64LMOiU1tUm1XsDXYqbw1YuvRJsw1aMArpTU4mQg\/QeIU5MLikoYGBhTgGzl8pICELsDyBYpAjoKyJ4DYqdD2BtA7CQI+whYTUiQM5B9A8hWSM5IBJrB+API1klCEk9HYkPtBQFul8zigpzESoUAYwKuJQOUpFaUgGjn\/ILKosz0jBIFR2AopSp45iXr6SgYGRiaMzCAwhyi+nMgOCwZxc4gxJrvMzDY7v\/\/\/\/9uhJjXfgaGjUCdXDsRYhoWDAyC3AwMJ3YWJBYlgoWYgZgpLY2B4dNyBgbeSAYG4QtAPdHFacZGYHlGHicGBtZ7\/\/9\/VmNgYJ\/MwPB3wv\/\/vxf9\/\/93MVDzHQaGA3kAFSFl7jXH0fsAAAA4ZVhJZk1NACoAAAAIAAGHaQAEAAAAAQAAABoAAAAAAAKgAgAEAAAAAQAAAEOgAwAEAAAAAQAAACwAAAAAasGhQgAAFLBJREFUaAXVWmmQXNV1Pt2v9200WtAyMxokIYMkG9lINqTC5oWSU0gkceKySUX+gavwFutvNocULv+hKiFIMVDY4IorhAKlXBYuhCQYLSMZbWO0gQetI400Gs0+PUvvy8v3ndu3e2bUEhDyw7ni9XvvvnvPPec7672Dp1R0XY9HhBeba2765NHOcrWn9sDBlQm1zo\/55Irr3pi261pOvHXpejz2O3mv8WLnTe2rS6BOp29mX40uF6gtaMbZRe195uyP916fYdL2TBOwPtX6PNSnWZ\/CzN7psNenP2PORxo0Y87\/j1efx8IBGY1lGmuYaobGJf4wQbBuwftUq5j6\/FFVATcxwhMIQ9j6MU2VSP1fgFCjade7MYPkx\/Bkxlht3WRGBQgLgAXoxjPqf8FKdnEybJgwccNTsRQzsVwuS6lU0hcuZhdk\/9Rnuwz7Sa9crs0plYrV+fxuxojeLR1Di3xQCRYIwyNpmaBr+OQc8uT1eiWXy0lXV5f09fWphVgeLW9c2K7B53ptChj8bJhAflEgaC1s5bJ54KL5fE6J2kBLbRSLRQXEaoZzOJbC46YM85vj+PHFZBG+2\/H2znl85vqFQl7ef\/8UBDyvdMrlIr6BFu7giEOVD8dxZHR0VJ5++mm55557ZMOGDdLW1qZ07BoWGJ10kx8LvQ4xTFEj1jWo2bIyQQbK5YIEAn7xeA0zNjWSISuQ1QTvBIRA8tvw8LAcPvpbyRdySo+CsRn6BKCCPPronq+\/\/rqsW7dO7rvvfjl27Bh68d1DXgBmBQyfz6e0BwcH5bXXXtP1uru7ZceOHSQ9g6ZHv98MmClg8NGrEyiEvSiINXUuUCwVJJ1OSdfFs2qaBM4IbQGiUHy22nMxLiMv\/uLn8o1v\/JW8\/PLLEMCvmic9NgJiASUmmUxafr3t1zKrMSGjyWH5r1f+UzLZjFqgl3EMY6xQtMrjx4\/Dit6XZDKp16lTp9RayDvH2TvX4jOveg2Ua5Ywc5BZUEnoXH73wdSPHz8m3\/72Y\/Lqq6+p2+iIKYvQjznWMpIcS8qON9+U5MiobN363zI2Pip+f0BBsGOsP9MqDh06KPsPvCPnz18AkAXZtu11mZyYBGA+KaNQo23YNScnJ2XPnj1Ki3GjUChIT09PxZoM0FyDza6lL3V+poHBwVMvM96YJn3fpFtX3tq1U44eOSrPbNksl69cqZKlQGpRmoWMFrxeV\/oR1A4dOiLj45PQYKd0\/O4I5tC1vFiP6qA7QchKbDqw\/wCAG1ELiEXDcvnyVTkIgFyO0dUItBHu2rVrsnv3btMLvVLpV69elfb2faBpgmuVQaxk41+tr\/bkpQZnXjXKJG5MvlAskGuYX7+cPN4hxXwR9xOy70A7XKcEpzCp2CyG4AnzlUr0pyXlc0WJxQMyNET\/3qpLeL0OwPMjQNJB\/Xj2Sc\/lK7J759uSmkxJPBRCmABlgPTzF34GMCeAgBc8IW6B71QqJb\/85X\/IhQsXxOeH1eLy+jwyMTEhe9v3yNhEUseVMB\/OYoAkWjdoXtdl6iPeBvOqSek7J1KDuMAulpMzp8\/Lpe5+io5AKvLC889D2++Jg6FcRwOml3HEAQVXDh86JP\/6L08LujAGayAI\/2rrr+QnP3lScshMXB9DQQvfMObtXW\/K2QvnJBhwkDnycIuiNDaGkSF2w\/R\/Jw4IFRiEBWkWmSWbSaloPp8jwWBAZjfGJZ6ISLFQhELyKpexag4za+iEOj+QkK5B7RMMXtMbFIPA5YrPF5CeK73yxBNPyvlzTHfQJph\/t+NdefSb31S\/ZTBzHC+YZRpkGs7Lli1b5PedZyXg80rY75c5s2LiKeZk6yuvSucHABGZCCtULjyVc3h2JRJyJBGPSCIRlWgkiCwGEBATgID4iLqnBLByMpkaBw1REBIAIRYLSzjkk3DYh\/hG2shqkBEz8Aj5eN2gQbegWzWd6wd6ITFRp9o6O9+Td945KBkENTYfIG9MhOT06TOwmE7NEKwtOL6ERWn2zU1Nysi82VEJApDGREzmNILpsFeyWQrOQgrr0mrQXFiOz1eWeDwEtwoBkJAE\/I6CGYLmBTUIdca6Q2BVeWQqWpED0\/QAKFpEFpknHouJP4DxGGys3ShcQdGVrv+BqMSDQ3jRH+n76gR4Z3VJN6LmRJqaF0pzy0Lxo4gPRxwIhCsS0m+Z1CQoMCX7oDGjiTKETCQS6kIEKADmxpMj8JScBGBBAvejG7JZheWRDegy2VxWRkZHJJtOa3xizHG8ARoG1kDxRrDxLxFPwAJLkppISyFfRvYp4r0AMOMSCgSVtiqbIH5I87HaIxBV49AJ9HaGRC5s3Qjp0luC+TnwST9MNyyZSaQyMM1xmUwGjGIMtEZXYeSnVaXRHw6b6K9Wg\/RId8qB4UyaMYOFnVmf7trSsgRpNyg9vUm4lUjKX5KJdFlW3b4UVtaCtRCL6KLQSCzRKH\/3t3+P8RE5ePgwQMtKKByRu+76nGzcuBHrBxHD6SaYA74Yx5iwFBb9UWGrP75yCb38r3LRrIxlcIw1MVCglcBCvI4LDdMCyhKJhqAtn7ijWWSZMRUSygIQhgYLpLvvvlue+6kjI2NjamA+RHu3VJYVc2+R1pZW0OTaxrfLCESP\/NlfwD0aZOfOnYhNZwFkRFat+ow8sn69tC5ZAoWoZxtLgiKbWxbLv23+d9Qho5JOZcBTDPMTZF5dxoFFFoum7qElKQb6o0Om\/XiKRWJFhox2rIXQNqgpF9Gc9QVyMNJiv3zv+9+VXSh3YQTwTZFIxC\/xhjmy5Zln5OH1fwqgYJpYzFSVIrlsSvbu3YPaZIdkwGww6JdPr1ol6\/7kYWluXc6VQV+t3mgPzx5GZsQS7oP4jZpXc7AuhbVdT0EzF0vyEqyQBVm1QSKuT5m0SANotFaqk3CQZr2GNF7CsZ9Be+oAIkQTpulrxgFx+j2LnPZ9++T0B52I\/K4sWrRQ7rv3flmxchUWYjrFcAqkF12A1kTfnc4B9zlkGMYLuqgs8UjmS7AaAm84Nq7GTRutx5b9tEbuj2hhhUIZgdJP1el8EyytMuge7GeWQgrHA2XFL9Y1jWva5nHdAvhnh+2smCF66Gca5PUTBIP\/EeHqUCO60mK1xwBagknSFdhcaJdaZiBlvPD7gsgyhiFanYP0yG+sX3SnTGzIMJcACa5fdgsQAjGIwlbmKmXskRgDKIwFQBfluso41+E32gMsAu7Ff4yF4pqgbcfzzrFqGaaTk7VbX6lh+n4Z6DtIiWwsqOiyFMCgzGcGWkzE5BLSmsOdJMbq9l3zPJ9JA1oiPRAmY7oUWDPNBFjSZEpWxpQGwcRDZU4JgPvgDkbbhkKFgN4oOC2M9PlMTerGDl\/7+wfg5sNQlF+amhagHokboAhchRuAoW9KzIChj5UfMA+a1DovNedKliEBNWeMNOZumDCxAnUGgqHH49PaIxhEVAch9rHIIrMEy4ALYCAxQbZM8YkZp6Yco1nSIBCMD2fPn5eTJ07KWHJM7rzz07J69WcRW3heAioEFQogikWk6udQJW\/evEWGsNWn3CtX3iH\/9MSP5KGvPIQAHcZ4ZBkKCuI3bRjkgnFkygLuBRelsFss5vWZ74gJ6MtX+\/id19RGGki9GIviGuUsdpaYX9I5+XzWxRbfRantvvLKy+6uXTvcZHIE02vfq8+FrK7b3r7XbV7cQpXqFY1G3ccee0z5ID\/FYsFF9ass\/Hb\/AXfVypUuFOmilHd9TIeY95WHHnQHBwcwhvLxKrlTQjCGzGgYqZqgJgkpNcWUyq2ymjI6+I3azqHeoGaofaLc3t4uY2MTsnjxYlm7dm31G62LWjduRJfwYp\/yz7J5y7MyjvGMSQ88cL+8+OLP5NZblyFTZOBaOE1DjCB9BuSfPrtFhqHlWbMadLPGrHPkyGG5eLFLli+\/HTznlQ7FaT+wV0ZGBuVTy5fhSLAX30QmUCAuWrQIvJuYwnHsrwsGQTADcIffDQwMyPbt26XvWp987Wt\/LkuXLauAYY4BKSCrS85jat206Yfy0ksvoRDLyYIFC+Spp57SIoh7FYJIsAgss8KlKxfl8JEjMnt2owJJrnbv3gvhjqIAW4wxfq0TGAJYPJ05e1beeqtNQqGg0mKGoxv6UYSlUa2yGfcTgDsiHUc75FrfoF6M616U7TACjR08OaNiDMjIXDp7yo8FghZIrU+Oj8tzzz4nP\/ybTfIP\/\/gjefzxx7UY4sYN5qggmM0WrcaRD5By29raZOHChQLzVc1t27ZNGbeA2eWYQY6C2SOHOzT+UNO33DIfjDo4+7ykBzvkgVmKVWkJBeL+\/QcQJya0yBsZSSrgyeS4npVkMtylstGKHenuviK9vde0h5s7VQQ2ndR1U9MijYF+7HuoHLa6lsEPZQQ4BwKfQ6Bqa3tbbrttKYqsLDZlp3XLvmLFCtWGRiSMJ8KBQEh27doFc71U1Rz7eQzHMwbuF7gwASeAw8NDsm\/vfnUnuoixR64uONC5Ak2zlI9ACAZy46ad2AFTUJ6zUCirPB42h0Jh7dNaAsJfAhhJVMbUOOs4WkwQQDP9031VOViV6Z+AY29iUhk3ZCYOmAWoEQQ3Ofbuu3Lw4GGkNMQGTMoWSnIcB7RfXfdVCUPzWiRhLBt9l1bAo7dczmiJNHkIwyN8gmHiS06BnJgck75+ozkypIJVEGFcIvOcT3q0Op5XdHV1YSWPRMIhBQsDFAC6zdx5c\/mqaZz8dHWdk8GhAdQ3sCyAzwMnHhY1NkYRW5YBDBRrRJSAYCKkoImYQEkC\/Kg+DX8ewdHbwYM4bkN\/EObE3M3FPug8LcNDQyoYAyaFJXinTp3ENr9TaTAQGnCNMDyNYqNg9FEKl0Yg6712VRINMRz+xtGH8h77HbbZcxokEGSpndcT9VR6Qq729sIqT4Cuq+cW\/M6teyDoyLz5c6RxdoOkUf6PjydhiWNyAidsybFxgMhxgqMAAOV3pbm5GfGoBdaClE4QKsVMxU0q6gAT1lII0NkzZ9TsaRGmFvAKwqScOnkS55rXpAkBThGFFNQ4gUunsyqoAc5omwBcvnxZheQPXSeXS8vQSB98f1iFC0eYZQIaL3D4DmaboTnErMkJXJN6nQE\/\/QP8I1EJu2EK6UgBtLxYu6l5AawlLMPIHDm48yi2\/3RxysMzEsrrB71sqiSfumM5wIxhbl4DKfSLRssAMrQNG0Q4mUgx9V282IUoPKDowV7ALC4UM729V6X7UndFqByO3rL63N\/fr3RCoQAAAXG9WFAxABJ3F2Cl4MejyFD9CLa\/181fJBrUMw\/eueeIxCBc0y0SwqaOfKRheT09V+TEieNqnXGcfoVwPkqr5IlWIh6Tz69dA\/rYf2BNWh7n8G81UXyP4sQsDJ7CcK0QDpVWrrhDn7mbVbPHTDbUtjQTYIMU5iJIEQi6UQnanMShLJsfB608ZuOOk1rwwwUIThlnEmWeegGgUZS6g9Qa+oM8yOWZJp5JG5kXeb0R7wAuNaRa5h9+Lp+7KDgekUgAQuDuAxAZaHHh4gWyuKkFh0CY74KvooODmqhc6rqI2IUNI+omxxfGOsgEECgcDMvS1qVYG8d9yDr+SExk8a0yf+48uXDmnGT1DIW8IGZgX7JsyQqcjsXUauA44Mukex\/LbJa3RLSA4OhHtMU3DYbj42N8lAacLXLPEcWxvRclNo\/rEom4ugjdh2eRTLPjSMP2MIjuk0g0wB1Qa8yfC+3NkgmcaTATsBahlY2MJnWvwt1NAaftTKmOE9D0OmfOXB1D+jRpB0XCvffeJ7954w2ce46JL2eySQZWufS25XLn6tXgw2wZqO55c+fKCy88j0y4B6n7kMa1xsbZ2GH\/sWx45BF1a03b9AwEVT7rmSm301xUd5sIkvxYRB+DUBTHe0FEapoYU1ESAjQ1t0gIx32sCgliEP2sQOkmwaAx32g0opmGoLBGmAMt+SCoFykwFvXL0iXLcSL1BXm7bbdMAETucP0APAeLXLv2bmkA46xleAzIA5sQ1n\/44fUQfKm8sf03crVnAArLywqY\/F9+\/euyYOEi8JCBu9ElTQF4O44Vbl\/5GfnBpk2wIFgwjNWLb2zMfIxzGhYABF0OBsziqrKz5EcMpADUNGsD\/j9OfqQ0Vpms8CZTaYDlwlpmaQqjW+VyJZkPZtZvWI901i0DOATK6xkEtBqNy5e+9GUExFZoP4fDoJhqIBgsyKOP\/rV84Z4\/kh0QbnB4QAFfs+bzKMe\/DCtMYG2ckDeE9HiQGYEV47z58+TBBx7C7han4wieAQDNht0FwDQg2JM26BSy0O54R20CyytjDsxbFUsgFATIxmf8fSbPUwIMN7GCFsIPRQizc+d2efLHP0aw69VJ9P84hNu48Vvyne9+Tw9juSt0kLMIVBDa4x+JOzo6tPJLNMRlzV1r5ItffFD9n9t4jUnKpRdrmIAXxHkq\/56igYOSYX0Xvk1XchBMaH0u0imWhyL4l328M9zxH4XAPx4lsLFepTLZKCjNXxvHQTZ+cbVgo9pNs+NxuIP6VIdUJuE7kSVtmu7gYJ+8995J3Z\/QBT67+nPS2tqKAEnC8FuM54JYCwy56hKGXmUl3EoQlELpgTEZ5STEnmqDoOZErSII1KNDKkKRNieRaVMcYi2WSOxVIY3w9l0Tgs6hRXCOmasTKj829ZNXfmcDGJBcOzgRPXjjN7qC7iyxpg+pSj9wBiGAxji4shvWXvabZu\/mzTBiaFr61J8uwo7KmtXphq8auQrV2s0MMHZQ652+KqfP7KmNvdETwMDZEjRhGu5YizwSEJohG99pnkSZfxepdOOL+W7GWRo6RX+s+dV6Kk9m2k0Evm7GdR2WhP1w\/er2y0e\/QzJiTFKVy9541xVpYgSEHWzoxDPBsn0fWwtKisR58cXSxmO11dN9bVztqTrhEz+omo2cZIxtKnM8quPulf5pvtOKGJn1zfJ7A86q+Cnd638Yk9Rl1P\/rETGZoAbWlDGW3ZlkpwyZ+enD3gGGCUTTQeA0WgRrD7uzmy45bEOnqFX8rxng2jebbHkjPzcbx++fvGFHywCKpT5MjZ98rT94Cv8DsqhMPoGnv48AAAAASUVORK5CYII=\" alt=\"pastedGraphic_1.png\" \/><\/span><\/p>\n<table style=\"width: 96.71052631578948%; height: 45px;\" cellspacing=\"0\" cellpadding=\"0\">\n<tbody>\n<tr>\n<td style=\"text-align: center;\" valign=\"top\">\n<p><strong><span style=\"color: #000000; font-size: 16px;\">Materjali kood<\/span><\/strong><\/p>\n<\/td>\n<td style=\"text-align: center;\" valign=\"top\">\n<p><strong><span style=\"color: #000000; font-size: 16px;\">Kirjeldus<\/span><\/strong><\/p>\n<\/td>\n<td style=\"text-align: center;\" valign=\"top\">\n<p><strong><span style=\"color: #000000; font-size: 16px;\">Pakendamine<\/span><\/strong><\/p>\n<\/td>\n<\/tr>\n<tr>\n<td style=\"text-align: center;\" valign=\"top\">\n<p><span style=\"color: #000000; font-size: 16px;\">P617-7001<\/span><\/p>\n<\/td>\n<td style=\"text-align: center;\" valign=\"top\">\n<p><span style=\"color: #000000; font-size: 16px;\">Vajutage 3,0 mm otsaga Bi otsaga puuri<\/span><\/p>\n<\/td>\n<td style=\"text-align: center;\" valign=\"top\">\n<p><span style=\"color: #000000; font-size: 16px;\">1 komplekt<\/span><\/p>\n<\/td>\n<\/tr>\n<tr>\n<td style=\"text-align: center;\" valign=\"top\">\n<p><span style=\"color: #000000; font-size: 16px;\">P617-7002<\/span><\/p>\n<\/td>\n<td style=\"text-align: center;\" valign=\"top\">\n<p><span style=\"color: #000000; font-size: 16px;\">Presspuuri 9 biti komplekt<\/span><\/p>\n<\/td>\n<td style=\"text-align: center;\" valign=\"top\">\n<p><span style=\"color: #000000; font-size: 16px;\">1 komplekt<\/span><\/p>\n<\/td>\n<\/tr>\n<\/tbody>\n<\/table>\n<div id=\"gtx-trans\" style=\"position: absolute; left: 79px; top: 37px;\">\n<div class=\"gtx-trans-icon\"><\/div>\n<\/div>","protected":false},"excerpt":{"rendered":"<p>Jaapani survetrell<\/p>","protected":false},"featured_media":11863,"template":"","meta":[],"product_brand":[],"product_cat":[149,227],"product_tag":[],"class_list":{"0":"post-12727","1":"product","2":"type-product","3":"status-publish","4":"has-post-thumbnail","6":"product_cat-restauratoriams","7":"product_cat-restauravimo-priemones","9":"first","10":"outofstock","11":"product-type-simple"},"_links":{"self":[{"href":"https:\/\/tavieta.lt\/ee\/wp-json\/wp\/v2\/product\/12727","targetHints":{"allow":["GET"]}}],"collection":[{"href":"https:\/\/tavieta.lt\/ee\/wp-json\/wp\/v2\/product"}],"about":[{"href":"https:\/\/tavieta.lt\/ee\/wp-json\/wp\/v2\/types\/product"}],"wp:featuredmedia":[{"embeddable":true,"href":"https:\/\/tavieta.lt\/ee\/wp-json\/wp\/v2\/media\/11863"}],"wp:attachment":[{"href":"https:\/\/tavieta.lt\/ee\/wp-json\/wp\/v2\/media?parent=12727"}],"wp:term":[{"taxonomy":"product_brand","embeddable":true,"href":"https:\/\/tavieta.lt\/ee\/wp-json\/wp\/v2\/product_brand?post=12727"},{"taxonomy":"product_cat","embeddable":true,"href":"https:\/\/tavieta.lt\/ee\/wp-json\/wp\/v2\/product_cat?post=12727"},{"taxonomy":"product_tag","embeddable":true,"href":"https:\/\/tavieta.lt\/ee\/wp-json\/wp\/v2\/product_tag?post=12727"}],"curies":[{"name":"t\u00f6\u00f6leht","href":"https:\/\/api.w.org\/{rel}","templated":true}]}}