{"id":12731,"date":"2024-02-07T09:10:36","date_gmt":"2024-02-07T09:10:36","guid":{"rendered":"http:\/\/tavieta.lt\/produktas\/leister-hot-jet-s\/"},"modified":"2024-02-07T09:10:37","modified_gmt":"2024-02-07T09:10:37","slug":"leister-hot-jet-s","status":"publish","type":"product","link":"https:\/\/tavieta.lt\/ee\/toode\/leister-hot-jet-s\/","title":{"rendered":"Leister Hot-Jet S"},"content":{"rendered":"<p><span style=\"color: #000000; font-size: 16px;\">V\u00e4ike Hot-jet S on m\u00f5eldud restaureerimispraktikaks - vanade siltide, kleebiste, Filmoplast P ja Filmoplast R ning liimide eemaldamiseks dokumentidelt, graveeringutelt ja vanadelt v\u00e4ljatr\u00fckkidelt t\u00e4pselt m\u00f5\u00f5detud ja suunatud kuuma \u00f5huvooluga. Pidevalt reguleeritav temperatuur 20 \u00b0 600 \u00b0 C, \u00f5hu sissev\u00f5tt 10-60 liitrit minutis, pidevalt reguleeritav, kaal: 540 g, t\u00f6\u00f6pinge: 220 V.<\/span><\/p>\n<table style=\"width: 87.34146941465305%; height: 123px;\" cellspacing=\"0\" cellpadding=\"0\">\n<tbody>\n<tr style=\"height: 32px;\">\n<td style=\"height: 32px; text-align: center;\" valign=\"top\">\n<p><strong><span style=\"color: #000000; font-size: 16px;\">Materjali kood<\/span><\/strong><\/p>\n<\/td>\n<td style=\"height: 32px; text-align: center;\" valign=\"top\">\n<p><strong><span style=\"color: #000000; font-size: 16px;\">Kirjeldus<\/span><\/strong><\/p>\n<\/td>\n<td style=\"height: 32px; text-align: center;\" valign=\"top\">\n<p><strong><span style=\"color: #000000; font-size: 16px;\">Pakendamine<\/span><\/strong><\/p>\n<\/td>\n<\/tr>\n<tr style=\"height: 56px;\">\n<td style=\"height: 56px; text-align: center;\" valign=\"top\">\n<p><span style=\"color: #000000; font-size: 16px;\">OST00033 <\/span><\/p>\n<p><span style=\"color: #000000; font-size: 16px;\">40075<\/span><\/p>\n<\/td>\n<td style=\"height: 56px; text-align: center;\" valign=\"top\">\n<p><span style=\"color: #000000; font-size: 16px;\">Zeberklas Hot - Jet S, kinnitatud otsaga 31<\/span><\/p>\n<p><span style=\"color: #000000; font-size: 16px;\">Leister Hot-Jet S alus  \u00a0<\/span><\/p>\n<\/td>\n<td style=\"height: 56px; text-align: center;\" valign=\"top\">\n<p><span style=\"color: #000000; font-size: 16px;\">1 tk.<\/span><\/p>\n<p><span style=\"color: #000000; font-size: 16px;\">1 tk.<\/span><\/p>\n<\/td>\n<\/tr>\n<\/tbody>\n<\/table>\n<div id=\"gtx-trans\" style=\"position: absolute; left: 79px; top: 37px;\">\n<div class=\"gtx-trans-icon\"><\/div>\n<\/div>","protected":false},"excerpt":{"rendered":"<p>Leister Hot-Jet S<\/p>","protected":false},"featured_media":11871,"template":"","meta":[],"product_brand":[],"product_cat":[149],"product_tag":[],"class_list":{"0":"post-12731","1":"product","2":"type-product","3":"status-publish","4":"has-post-thumbnail","6":"product_cat-restauratoriams","8":"first","9":"outofstock","10":"product-type-simple"},"_links":{"self":[{"href":"https:\/\/tavieta.lt\/ee\/wp-json\/wp\/v2\/product\/12731","targetHints":{"allow":["GET"]}}],"collection":[{"href":"https:\/\/tavieta.lt\/ee\/wp-json\/wp\/v2\/product"}],"about":[{"href":"https:\/\/tavieta.lt\/ee\/wp-json\/wp\/v2\/types\/product"}],"wp:featuredmedia":[{"embeddable":true,"href":"https:\/\/tavieta.lt\/ee\/wp-json\/wp\/v2\/media\/11871"}],"wp:attachment":[{"href":"https:\/\/tavieta.lt\/ee\/wp-json\/wp\/v2\/media?parent=12731"}],"wp:term":[{"taxonomy":"product_brand","embeddable":true,"href":"https:\/\/tavieta.lt\/ee\/wp-json\/wp\/v2\/product_brand?post=12731"},{"taxonomy":"product_cat","embeddable":true,"href":"https:\/\/tavieta.lt\/ee\/wp-json\/wp\/v2\/product_cat?post=12731"},{"taxonomy":"product_tag","embeddable":true,"href":"https:\/\/tavieta.lt\/ee\/wp-json\/wp\/v2\/product_tag?post=12731"}],"curies":[{"name":"t\u00f6\u00f6leht","href":"https:\/\/api.w.org\/{rel}","templated":true}]}}