{"id":12732,"date":"2024-02-07T09:10:36","date_gmt":"2024-02-07T09:10:36","guid":{"rendered":"http:\/\/tavieta.lt\/produktas\/karsto-oro-piestukas-su-sildoma-mentele\/"},"modified":"2024-02-07T09:10:37","modified_gmt":"2024-02-07T09:10:37","slug":"karsto-oro-piestukas-su-sildoma-mentele","status":"publish","type":"product","link":"https:\/\/tavieta.lt\/ee\/toode\/karsto-oro-piestukas-su-sildoma-mentele\/","title":{"rendered":"Kuuma\u00f5hupliiats kuumutatud spaatliga"},"content":{"rendered":"<p><span style=\"color: #000000; font-size: 16px;\">Kuuma \u00f5huga pliiats koos idanemisrauaga kombineeritud konserveerimise t\u00f6\u00f6jaama t\u00f6\u00f6riistaga. Kaitset\u00f6\u00f6jaam v\u00f5imaldab m\u00f5lemat kuumat\u00f6\u00f6riista eraldi v\u00f5i koos kasutada; reguleeritav kuuma\u00f5hupliiats ja sirgendaja, iga\u00fchel eraldi sisse\/v\u00e4lja l\u00fcliti.<\/span><\/p>\n<p><span style=\"color: #000000; font-size: 16px;\">Sisaldab: konserveerimist\u00f6\u00f6jaam (kuuma\u00f5hupliiats k\u00fcljes), 3 x \u00f5huotsikut, soojendusega spaatli, spaatli ots, toitejuhe, kasutusjuhend. Konserveerimist\u00f6\u00f6jaam, mille on disaininud ja valmistanud ainult PEL. 220\/240 volti.<\/span><\/p>\n<table style=\"width: 86.27027027027027%; height: 120px;\" cellspacing=\"0\" cellpadding=\"0\">\n<tbody>\n<tr>\n<td style=\"text-align: center;\" valign=\"top\">\n<p><strong><span style=\"color: #000000; font-size: 16px;\">Materjali kood<\/span><\/strong><\/p>\n<\/td>\n<td style=\"text-align: center;\" valign=\"top\">\n<p><strong><span style=\"color: #000000; font-size: 16px;\">Kirjeldus<\/span><\/strong><\/p>\n<\/td>\n<td style=\"text-align: center;\" valign=\"top\">\n<p><strong><span style=\"color: #000000; font-size: 16px;\">Pakendamine<\/span><\/strong><\/p>\n<\/td>\n<\/tr>\n<tr>\n<td style=\"text-align: center;\" valign=\"top\">\n<p><span style=\"color: #000000; font-size: 16px;\">P805-760<\/span><\/p>\n<\/td>\n<td style=\"text-align: center;\" valign=\"top\">\n<p><span style=\"color: #000000; font-size: 16px;\">T\u00f6\u00f6koha konserveerimine 220\/240 V Pinge<\/span><\/p>\n<\/td>\n<td style=\"text-align: center;\" valign=\"top\">\n<p><span style=\"color: #000000; font-size: 16px;\">1 komplekt<\/span><\/p>\n<\/td>\n<\/tr>\n<tr>\n<td style=\"text-align: center;\" valign=\"top\">\n<p><span style=\"color: #000000; font-size: 16px;\">P805-760-110<\/span><\/p>\n<\/td>\n<td style=\"text-align: center;\" valign=\"top\">\n<p style=\"text-align: center;\"><span style=\"color: #000000; font-size: 16px;\"> \u00a0 \u00a0  \u00a0  \u00a0  \u00a0  \u00a0  \u00a0  \u00a0  \u00a0  \u00a0 T\u00f6\u00f6koha konserveerimine 110 V Pinge<\/span><\/p>\n<\/td>\n<td style=\"text-align: center;\" valign=\"top\">\n<p><span style=\"color: #000000; font-size: 16px;\">1 komplekt<\/span><\/p>\n<\/td>\n<\/tr>\n<\/tbody>\n<\/table>\n<div id=\"gtx-trans\" style=\"position: absolute; left: 79px; top: 37px;\">\n<div class=\"gtx-trans-icon\"><\/div>\n<\/div>","protected":false},"excerpt":{"rendered":"<p>Kuuma\u00f5hupliiats kuumutatud spaatliga<\/p>","protected":false},"featured_media":11873,"template":"","meta":[],"product_brand":[],"product_cat":[149,152],"product_tag":[],"class_list":{"0":"post-12732","1":"product","2":"type-product","3":"status-publish","4":"has-post-thumbnail","6":"product_cat-restauratoriams","7":"product_cat-konservavimas","9":"first","10":"outofstock","11":"product-type-simple"},"_links":{"self":[{"href":"https:\/\/tavieta.lt\/ee\/wp-json\/wp\/v2\/product\/12732","targetHints":{"allow":["GET"]}}],"collection":[{"href":"https:\/\/tavieta.lt\/ee\/wp-json\/wp\/v2\/product"}],"about":[{"href":"https:\/\/tavieta.lt\/ee\/wp-json\/wp\/v2\/types\/product"}],"wp:featuredmedia":[{"embeddable":true,"href":"https:\/\/tavieta.lt\/ee\/wp-json\/wp\/v2\/media\/11873"}],"wp:attachment":[{"href":"https:\/\/tavieta.lt\/ee\/wp-json\/wp\/v2\/media?parent=12732"}],"wp:term":[{"taxonomy":"product_brand","embeddable":true,"href":"https:\/\/tavieta.lt\/ee\/wp-json\/wp\/v2\/product_brand?post=12732"},{"taxonomy":"product_cat","embeddable":true,"href":"https:\/\/tavieta.lt\/ee\/wp-json\/wp\/v2\/product_cat?post=12732"},{"taxonomy":"product_tag","embeddable":true,"href":"https:\/\/tavieta.lt\/ee\/wp-json\/wp\/v2\/product_tag?post=12732"}],"curies":[{"name":"t\u00f6\u00f6leht","href":"https:\/\/api.w.org\/{rel}","templated":true}]}}