{"id":12733,"date":"2024-02-07T09:10:36","date_gmt":"2024-02-07T09:10:36","guid":{"rendered":"http:\/\/tavieta.lt\/produktas\/konservavimo-lygintuvas-su-mentele\/"},"modified":"2024-02-07T09:10:38","modified_gmt":"2024-02-07T09:10:38","slug":"konservavimo-lygintuvas-su-mentele","status":"publish","type":"product","link":"https:\/\/tavieta.lt\/ee\/toode\/konservavimo-lygintuvas-su-mentele\/","title":{"rendered":"Triikraud spaatliga"},"content":{"rendered":"<p><span style=\"color: #000000; font-size: 16px;\"> \u00a0T\u00e4psesoojendusega spaatel metallkorpusega, ereda ekraani ja tugeva kaabliga. See tipptasemel teppimis- ja kelluraud on PEL-i patenteeritud toode, mis on loodud igasuguste konserveerimisvajaduste jaoks, alates lihvimisest, liimimisest ja \u00f5limaalide \u00f5rna kellu otsani.<\/span><\/p>\n<p><span style=\"color: #000000; font-size: 16px;\">Programmeerige otsiku suurus nii, et LED-temperatuuri n\u00e4idik n\u00e4itaks t\u00e4pset temperatuuri 30 \u00baC 200 \u00baC (\/ 5 \u00baC) olenemata otsiku suurusest. Raua v\u00f5lli elementi on tugevdatud roostevabast terasest puksidega, et suurendada tugevust, eriti kui seda kasutatakse pidevalt punktraudana. Spetsiaalsed turvaelemendid; 115 pinge v\u00f5i 230 pinge alandatakse 24 volti vahelduvvooluni. Silikoonjuhe tagab suurep\u00e4rase kaitse juhusliku s\u00fcttimise eest isegi maksimaalsel otsatemperatuuril.<\/span><\/p>\n<table style=\"width: 88.24123689803638%; height: 128px;\" cellspacing=\"0\" cellpadding=\"0\">\n<tbody>\n<tr style=\"height: 32px;\">\n<td style=\"height: 32px; text-align: center;\" valign=\"top\">\n<p><strong><span style=\"color: #000000; font-size: 16px;\">Materjali kood<\/span><\/strong><\/p>\n<\/td>\n<td style=\"height: 32px; text-align: center;\" valign=\"top\">\n<p><strong><span style=\"color: #000000; font-size: 16px;\">Kirjeldus<\/span><\/strong><\/p>\n<\/td>\n<td style=\"height: 32px; text-align: center;\" valign=\"top\">\n<p><strong><span style=\"color: #000000; font-size: 16px;\">Pakendamine<\/span><\/strong><\/p>\n<\/td>\n<\/tr>\n<tr style=\"height: 32px;\">\n<td style=\"height: 32px; text-align: center;\" valign=\"top\">\n<p><span style=\"color: #000000; font-size: 16px;\">P805-690<\/span><\/p>\n<\/td>\n<td style=\"height: 32px; text-align: center;\" valign=\"top\">\n<p><span style=\"color: #000000; font-size: 16px;\">Purustusraud \u2013 220\/240 V \u2013 kaasas \u00fcks otsik<\/span><\/p>\n<\/td>\n<td style=\"height: 32px; text-align: center;\" valign=\"top\">\n<p><span style=\"color: #000000; font-size: 16px;\">1 tk.<\/span><\/p>\n<\/td>\n<\/tr>\n<tr style=\"height: 32px;\">\n<td style=\"height: 32px; text-align: center;\" valign=\"top\">\n<p><span style=\"color: #000000; font-size: 16px;\">P805-690-110<\/span><\/p>\n<\/td>\n<td style=\"height: 32px; text-align: center;\" valign=\"top\">\n<p><span style=\"color: #000000; font-size: 16px;\">Purustusraud \u2013 110 V \u2013 kaasas \u00fcks otsik<\/span><\/p>\n<\/td>\n<td style=\"height: 32px; text-align: center;\" valign=\"top\">\n<p><span style=\"color: #000000; font-size: 16px;\">1 tk.<\/span><\/p>\n<\/td>\n<\/tr>\n<tr style=\"height: 32px;\">\n<td style=\"height: 32px; text-align: center;\" valign=\"top\">\n<p><span style=\"color: #000000; font-size: 16px;\">P805-TC50<\/span><\/p>\n<\/td>\n<td style=\"height: 32px; text-align: center;\" valign=\"top\">\n<p><span style=\"color: #000000; font-size: 16px;\">Varualaldi \u2013 sobib ainult n\u00e4idatud seadmele<\/span><\/p>\n<\/td>\n<td style=\"height: 32px; text-align: center;\" valign=\"top\">\n<p><span style=\"color: #000000; font-size: 16px;\">1 tk.<\/span><\/p>\n<\/td>\n<\/tr>\n<\/tbody>\n<\/table>\n<div id=\"gtx-trans\" style=\"position: absolute; left: 79px; top: 37px;\">\n<div class=\"gtx-trans-icon\"><\/div>\n<\/div>","protected":false},"excerpt":{"rendered":"<p>Triikraud spaatliga<\/p>","protected":false},"featured_media":11875,"template":"","meta":[],"product_brand":[],"product_cat":[149,152],"product_tag":[],"class_list":{"0":"post-12733","1":"product","2":"type-product","3":"status-publish","4":"has-post-thumbnail","6":"product_cat-restauratoriams","7":"product_cat-konservavimas","9":"first","10":"outofstock","11":"product-type-simple"},"_links":{"self":[{"href":"https:\/\/tavieta.lt\/ee\/wp-json\/wp\/v2\/product\/12733","targetHints":{"allow":["GET"]}}],"collection":[{"href":"https:\/\/tavieta.lt\/ee\/wp-json\/wp\/v2\/product"}],"about":[{"href":"https:\/\/tavieta.lt\/ee\/wp-json\/wp\/v2\/types\/product"}],"wp:featuredmedia":[{"embeddable":true,"href":"https:\/\/tavieta.lt\/ee\/wp-json\/wp\/v2\/media\/11875"}],"wp:attachment":[{"href":"https:\/\/tavieta.lt\/ee\/wp-json\/wp\/v2\/media?parent=12733"}],"wp:term":[{"taxonomy":"product_brand","embeddable":true,"href":"https:\/\/tavieta.lt\/ee\/wp-json\/wp\/v2\/product_brand?post=12733"},{"taxonomy":"product_cat","embeddable":true,"href":"https:\/\/tavieta.lt\/ee\/wp-json\/wp\/v2\/product_cat?post=12733"},{"taxonomy":"product_tag","embeddable":true,"href":"https:\/\/tavieta.lt\/ee\/wp-json\/wp\/v2\/product_tag?post=12733"}],"curies":[{"name":"t\u00f6\u00f6leht","href":"https:\/\/api.w.org\/{rel}","templated":true}]}}