{"id":12736,"date":"2024-02-07T09:12:18","date_gmt":"2024-02-07T09:12:18","guid":{"rendered":"http:\/\/tavieta.lt\/produktas\/steamy-pr\/"},"modified":"2024-02-07T09:12:19","modified_gmt":"2024-02-07T09:12:19","slug":"steamy-pr","status":"publish","type":"product","link":"https:\/\/tavieta.lt\/ee\/toode\/steamy-pr\/","title":{"rendered":"Aurav PR"},"content":{"rendered":"<p><span style=\"color: #000000; font-size: 16px;\"> \u00a0Micro Steam Generator STEAMY PR on t\u00e4ppist\u00f6\u00f6riist, mis on loodud vastama paberikonservaatori vajadustele, kes vajavad seadet, mida saab reguleerida \u00fclekuumendatud auru peene v\u00f5i v\u00f5imsa voolu valimiseks; alusele, kleeplintidele, kinnitusdetailidele jne. eemaldamiseks, samuti paberitoodetelt plekkide ja lisandite kohalikuks eemaldamiseks. Aur v\u00e4ljastatakse l\u00e4bi 1,5 m pikkuse soojendusega toru ja on t\u00e4pselt ette valmistatud punktt\u00f6\u00f6tluseks ilma tilgutusteta. Tilkumise v\u00e4ltimiseks N\u00f5utav r\u00f5hk on 3,5 baari, et v\u00e4ltida tilkumist ja pritsimist. Auru e temperatuur t\u00f5useb umbes 160 \u00b0C-ni ja see p\u00f5hjustab vee kondenseerumist torus; soojendusaeg on umbes 15 minutit. Ideaalne kvaliteedi ja funktsionaalsuse kombinatsioon teeb sellest usaldusv\u00e4\u00e4rse t\u00f6\u00f6riista. Funktsioonide hulka kuuluvad roostevabast terasest korpus, sisse\/v\u00e4lja l\u00fcliti, kiire auru ootere\u017eiimi\/v\u00e4ljal\u00fclitamise hoob, soojendusega voolik ja valikuline painduv alus k\u00e4ed-vabad kasutamiseks.<\/span><\/p>\n<p><span style=\"color: #000000; font-size: 16px;\">See seade varustab pidevalt katlakivist puhastatud vett, et v\u00e4ltida lubja ladestumist kareda veega piirkondades, mis v\u00f5ivad kahjustada ja suurendada energiakulusid. Olemasolevad lubjaladestused lahustuvad pidevalt. Delimerit kasutatakse vaheelemendina aurupuhastites, kuumaveeboilerites, meditsiiniseadmete seadmete ja seadmete jahutuselementides, labori- ja tootmisolukordades. K\u00e4sitsi vee eemaldamine on v\u00f5imalik tellides veekraani.<\/span><\/p>\n<table style=\"width: 87.18595041322314%; height: 74px;\" cellspacing=\"0\" cellpadding=\"0\">\n<tbody>\n<tr style=\"height: 37px;\">\n<td style=\"text-align: center; height: 37px;\" valign=\"top\">\n<p><strong><span style=\"color: #000000; font-size: 16px;\">Materjali kood<\/span><\/strong><\/p>\n<\/td>\n<td style=\"text-align: center; height: 37px;\" valign=\"top\">\n<p><strong><span style=\"color: #000000; font-size: 16px;\">Kirjeldus<\/span><\/strong><\/p>\n<\/td>\n<td style=\"text-align: center; height: 37px;\" valign=\"top\">\n<p><strong><span style=\"color: #000000; font-size: 16px;\">Pakendamine<\/span><\/strong><\/p>\n<\/td>\n<\/tr>\n<tr style=\"height: 37px;\">\n<td style=\"text-align: center; height: 37px;\" valign=\"top\">\n<p><span style=\"color: #000000; font-size: 16px;\">60081<\/span><\/p>\n<\/td>\n<td style=\"text-align: center; height: 37px;\" valign=\"top\">\n<p><span style=\"color: #000000; font-size: 16px;\">Reitel STEAMY PR - auru jaoks<\/span><\/p>\n<\/td>\n<td style=\"text-align: center; height: 37px;\" valign=\"top\">\n<p><span style=\"color: #000000; font-size: 16px;\">1 tk.<\/span><\/p>\n<\/td>\n<\/tr>\n<\/tbody>\n<\/table>\n<div id=\"gtx-trans\" style=\"position: absolute; left: 79px; top: 37px;\">\n<div class=\"gtx-trans-icon\"><\/div>\n<\/div>","protected":false},"excerpt":{"rendered":"<p>Aurav PR<\/p>","protected":false},"featured_media":11879,"template":"","meta":[],"product_brand":[],"product_cat":[149],"product_tag":[],"class_list":{"0":"post-12736","1":"product","2":"type-product","3":"status-publish","4":"has-post-thumbnail","6":"product_cat-restauratoriams","8":"first","9":"outofstock","10":"product-type-simple"},"_links":{"self":[{"href":"https:\/\/tavieta.lt\/ee\/wp-json\/wp\/v2\/product\/12736","targetHints":{"allow":["GET"]}}],"collection":[{"href":"https:\/\/tavieta.lt\/ee\/wp-json\/wp\/v2\/product"}],"about":[{"href":"https:\/\/tavieta.lt\/ee\/wp-json\/wp\/v2\/types\/product"}],"wp:featuredmedia":[{"embeddable":true,"href":"https:\/\/tavieta.lt\/ee\/wp-json\/wp\/v2\/media\/11879"}],"wp:attachment":[{"href":"https:\/\/tavieta.lt\/ee\/wp-json\/wp\/v2\/media?parent=12736"}],"wp:term":[{"taxonomy":"product_brand","embeddable":true,"href":"https:\/\/tavieta.lt\/ee\/wp-json\/wp\/v2\/product_brand?post=12736"},{"taxonomy":"product_cat","embeddable":true,"href":"https:\/\/tavieta.lt\/ee\/wp-json\/wp\/v2\/product_cat?post=12736"},{"taxonomy":"product_tag","embeddable":true,"href":"https:\/\/tavieta.lt\/ee\/wp-json\/wp\/v2\/product_tag?post=12736"}],"curies":[{"name":"t\u00f6\u00f6leht","href":"https:\/\/api.w.org\/{rel}","templated":true}]}}