{"id":12737,"date":"2024-02-07T09:12:18","date_gmt":"2024-02-07T09:12:18","guid":{"rendered":"http:\/\/tavieta.lt\/produktas\/garinis-skalpelis\/"},"modified":"2024-02-07T09:12:19","modified_gmt":"2024-02-07T09:12:19","slug":"garinis-skalpelis","status":"publish","type":"product","link":"https:\/\/tavieta.lt\/ee\/toode\/garinis-skalpelis\/","title":{"rendered":"Auru skalpell"},"content":{"rendered":"<p><span style=\"color: #000000; font-size: 16px;\">Auruskalpell on seade, mis t\u00f6\u00f6tab koos ultraheli \u00f5huniisutajaga. See loob aurujoa, mida saab kuumutada kuni 95 \u00b0 C. Auru temperatuur kuvatakse juhtseadmel ja seda hoitakse soovitud tasemel. Niisutaja ei ole skalpelliga standardtarvikuna kaasas.<\/span><\/p>\n<table style=\"width: 85.40983606557377%; height: 75px;\" cellspacing=\"0\" cellpadding=\"0\">\n<tbody>\n<tr>\n<td style=\"text-align: center;\" valign=\"top\">\n<p><strong><span style=\"color: #000000; font-size: 16px;\">Materjali kood<\/span><\/strong><\/p>\n<\/td>\n<td style=\"text-align: center;\" valign=\"top\">\n<p><strong><span style=\"color: #000000; font-size: 16px;\">Kirjeldus<\/span><\/strong><\/p>\n<\/td>\n<td style=\"text-align: center;\" valign=\"top\">\n<p><strong><span style=\"color: #000000; font-size: 16px;\">Pakendamine<\/span><\/strong><\/p>\n<\/td>\n<\/tr>\n<tr>\n<td style=\"text-align: center;\" valign=\"top\">\n<p><span style=\"color: #000000; font-size: 16px;\">RTC4<\/span><\/p>\n<\/td>\n<td style=\"text-align: center;\" valign=\"top\">\n<p><span style=\"color: #000000; font-size: 16px;\">Auru skalpell<\/span><\/p>\n<\/td>\n<td style=\"text-align: center;\" valign=\"top\">\n<p><span style=\"color: #000000; font-size: 16px;\">1 tk.<\/span><\/p>\n<\/td>\n<\/tr>\n<\/tbody>\n<\/table>\n<p><strong><span style=\"color: #000000; font-size: 16px;\">Tehnilised andmed:<\/span><\/strong><\/p>\n<p><span style=\"color: #000000; font-size: 16px;\">Temperatuur 20-95 \u00b0C \u00a0<\/span><\/p>\n<p><span style=\"color: #000000; font-size: 16px;\">Kaabli pikkus 1,5 mb, \u00a0<\/span><\/p>\n<p><span style=\"color: #000000; font-size: 16px;\">kaal 3,5 kg<\/span><\/p>\n<div id=\"gtx-trans\" style=\"position: absolute; left: 79px; top: 37px;\">\n<div class=\"gtx-trans-icon\"><\/div>\n<\/div>","protected":false},"excerpt":{"rendered":"<p>Auru skalpell<\/p>","protected":false},"featured_media":11881,"template":"","meta":[],"product_brand":[],"product_cat":[149],"product_tag":[],"class_list":{"0":"post-12737","1":"product","2":"type-product","3":"status-publish","4":"has-post-thumbnail","6":"product_cat-restauratoriams","8":"first","9":"outofstock","10":"product-type-simple"},"_links":{"self":[{"href":"https:\/\/tavieta.lt\/ee\/wp-json\/wp\/v2\/product\/12737","targetHints":{"allow":["GET"]}}],"collection":[{"href":"https:\/\/tavieta.lt\/ee\/wp-json\/wp\/v2\/product"}],"about":[{"href":"https:\/\/tavieta.lt\/ee\/wp-json\/wp\/v2\/types\/product"}],"wp:featuredmedia":[{"embeddable":true,"href":"https:\/\/tavieta.lt\/ee\/wp-json\/wp\/v2\/media\/11881"}],"wp:attachment":[{"href":"https:\/\/tavieta.lt\/ee\/wp-json\/wp\/v2\/media?parent=12737"}],"wp:term":[{"taxonomy":"product_brand","embeddable":true,"href":"https:\/\/tavieta.lt\/ee\/wp-json\/wp\/v2\/product_brand?post=12737"},{"taxonomy":"product_cat","embeddable":true,"href":"https:\/\/tavieta.lt\/ee\/wp-json\/wp\/v2\/product_cat?post=12737"},{"taxonomy":"product_tag","embeddable":true,"href":"https:\/\/tavieta.lt\/ee\/wp-json\/wp\/v2\/product_tag?post=12737"}],"curies":[{"name":"t\u00f6\u00f6leht","href":"https:\/\/api.w.org\/{rel}","templated":true}]}}