{"id":12739,"date":"2024-02-07T09:12:18","date_gmt":"2024-02-07T09:12:18","guid":{"rendered":"http:\/\/tavieta.lt\/produktas\/konservavimo-piestukas\/"},"modified":"2024-02-07T09:13:48","modified_gmt":"2024-02-07T09:13:48","slug":"konservavimo-piestukas","status":"publish","type":"product","link":"https:\/\/tavieta.lt\/ee\/toode\/konservavimo-piestukas\/","title":{"rendered":"S\u00e4ilituspliiats"},"content":{"rendered":"<p><span style=\"color: #000000; font-size: 16px;\">S\u00e4ilituspliiats oli esmakordselt saadaval 1989. aastal ja sellest ajast alates on seda tarnitud kogu maailmas. Tootest on saanud \u00fcks edukamaid s\u00e4ilitusaineid. \u00a0<\/span><\/p>\n<p><span style=\"color: #000000; font-size: 16px;\">See annab \u00f5rna niiske (v\u00f5i kuiva) \u00f5hu joa \u00fcmbritsevast temperatuurist kuni 100 \u00b0C ja seda kasutatakse liimide, vaikude, vanade etikettide, kihi eemaldamiseks, liimi ja ens\u00fc\u00fcmide aktiveerimiseks, vabastamiseks ja puhastamiseks. Niisuti tekitatud k\u00fclm niiskus soojendatakse PLIIALISTE abil soovitud eelseadistatud temperatuurini, mis j\u00e4\u00e4b konstantseks.<\/span><\/p>\n<table style=\"width: 77.13191489361702%; height: 67px;\" cellspacing=\"0\" cellpadding=\"0\">\n<tbody>\n<tr>\n<td valign=\"top\">\n<p><strong><span style=\"color: #000000; font-size: 16px;\">Materjali kood<\/span><\/strong><\/p>\n<\/td>\n<td valign=\"top\">\n<p><strong><span style=\"color: #000000; font-size: 16px;\">Kirjeldus<\/span><\/strong><\/p>\n<\/td>\n<td valign=\"top\">\n<p><strong><span style=\"color: #000000; font-size: 16px;\">Pakendamine<\/span><\/strong><\/p>\n<\/td>\n<\/tr>\n<tr>\n<td valign=\"top\">\n<p><span style=\"color: #000000; font-size: 16px;\">x1426<\/span><\/p>\n<\/td>\n<td valign=\"top\">\n<p><span style=\"color: #000000; font-size: 16px;\">S\u00e4ilituspliiats \u00ae<\/span><\/p>\n<\/td>\n<td valign=\"top\">\n<p><span style=\"color: #000000; font-size: 16px;\">1 komplekt<\/span><\/p>\n<\/td>\n<\/tr>\n<\/tbody>\n<\/table>\n<div id=\"gtx-trans\" style=\"position: absolute; left: 79px; top: 37px;\">\n<div class=\"gtx-trans-icon\"><\/div>\n<\/div>","protected":false},"excerpt":{"rendered":"<p>S\u00e4ilituspliiats<\/p>","protected":false},"featured_media":11884,"template":"","meta":[],"product_brand":[],"product_cat":[149],"product_tag":[],"class_list":{"0":"post-12739","1":"product","2":"type-product","3":"status-publish","4":"has-post-thumbnail","6":"product_cat-restauratoriams","8":"first","9":"outofstock","10":"product-type-simple"},"_links":{"self":[{"href":"https:\/\/tavieta.lt\/ee\/wp-json\/wp\/v2\/product\/12739","targetHints":{"allow":["GET"]}}],"collection":[{"href":"https:\/\/tavieta.lt\/ee\/wp-json\/wp\/v2\/product"}],"about":[{"href":"https:\/\/tavieta.lt\/ee\/wp-json\/wp\/v2\/types\/product"}],"wp:featuredmedia":[{"embeddable":true,"href":"https:\/\/tavieta.lt\/ee\/wp-json\/wp\/v2\/media\/11884"}],"wp:attachment":[{"href":"https:\/\/tavieta.lt\/ee\/wp-json\/wp\/v2\/media?parent=12739"}],"wp:term":[{"taxonomy":"product_brand","embeddable":true,"href":"https:\/\/tavieta.lt\/ee\/wp-json\/wp\/v2\/product_brand?post=12739"},{"taxonomy":"product_cat","embeddable":true,"href":"https:\/\/tavieta.lt\/ee\/wp-json\/wp\/v2\/product_cat?post=12739"},{"taxonomy":"product_tag","embeddable":true,"href":"https:\/\/tavieta.lt\/ee\/wp-json\/wp\/v2\/product_tag?post=12739"}],"curies":[{"name":"t\u00f6\u00f6leht","href":"https:\/\/api.w.org\/{rel}","templated":true}]}}